{"id":33431,"date":"2024-09-27T12:21:54","date_gmt":"2024-09-27T12:21:54","guid":{"rendered":"https:\/\/chilimag.hu\/webshop\/?post_type=product&#038;p=33431"},"modified":"2025-09-12T19:16:42","modified_gmt":"2025-09-12T19:16:42","slug":"shokichi-shiro-green-f1-sutotok-b-s","status":"publish","type":"product","link":"https:\/\/chilimag.hu\/webshop\/termek\/shokichi-shiro-green-f1-sutotok-b-s\/","title":{"rendered":"Shokichi Shiro Green F1 S\u00fct\u0151t\u00f6k B-S"},"content":{"rendered":"","protected":false},"excerpt":{"rendered":"<p><img decoding=\"async\" src=\"https:\/\/chilimag.hu\/webshop\/wp-content\/uploads\/2022\/10\/bobby-seeds-test-logo-150x150.png\" \/><\/p>\n<p>Term\u00e9kinform\u00e1ci\u00f3 &#8222;Shokichi Shiro Green F1&#8221;<\/p>\n<p>Igazi minit\u00f6k, mely mind\u00f6ssze 500 g-os<\/p>\n<p>Ez a jap\u00e1n teny\u00e9szt\u00e9sb\u0151l sz\u00e1rmaz\u00f3 rendk\u00edv\u00fcli \u00fajdons\u00e1g teljesen ellentmond az \u00f3ri\u00e1st\u00f6kkel szemben t\u00e1masztott szok\u00e1sos elv\u00e1r\u00e1soknak. A nagyon sz\u00e9p gy\u00fcm\u00f6lcs\u00f6k mind\u00f6ssze 400-700 g k\u00f6r\u00fcliek, \u00e9s nem csak a d\u00edsz\u00edt\u00e9sben kiemelked\u0151ek. Eg\u00e9szben f\u0151zve \u00e9s t\u00f6ltve, el\u0151\u00e9telk\u00e9nt megfelelnek az \u00ednyencek minden elv\u00e1r\u00e1s\u00e1nak.<\/p>\n<p>Cucurbita maxima<br \/>\nAz \u00e9r\u00e9si id\u0151 k\u00f6r\u00fclbel\u00fcl 90 nap<br \/>\nShokichi Shiro Green m\u00e9rs\u00e9kelten rangsorol<br \/>\nA kis gy\u00fcm\u00f6lcs\u00f6k j\u00f3 t\u00f6k<br \/>\nA s\u00fct\u0151t\u00f6k j\u00f3l \u00e9rzi mag\u00e1t meleg, j\u00f3 v\u00edzelvezet\u00e9s\u0171 talajban, el\u0151m\u0171vel\u00e9ssel \u00e9s \u00fcltet\u00e9ssel \u00e1prilis v\u00e9g\u00e9t\u0151l vet\u00e9ssel vagy m\u00e1jus elej\u00e9t\u0151l k\u00f6zvetlen vet\u00e9ssel.<\/p>\n<p>Lehets\u00e9ges k\u00e1rtev\u0151k: csig\u00e1k, madarak, egerek, tetvek, lisztharmat, v\u00edrus<\/p>\n<p>A csomag 10 szem magot tartalmaz<\/p>\n","protected":false},"featured_media":33432,"comment_status":"closed","ping_status":"closed","template":"","meta":[],"product_brand":[],"product_cat":[345],"product_tag":[],"class_list":{"0":"post-33431","1":"product","2":"type-product","3":"status-publish","4":"has-post-thumbnail","6":"product_cat-suto-fozo-es-disztokok","8":"first","9":"instock","10":"taxable","11":"shipping-taxable","12":"purchasable","13":"product-type-simple"},"_links":{"self":[{"href":"https:\/\/chilimag.hu\/webshop\/wp-json\/wp\/v2\/product\/33431","targetHints":{"allow":["GET"]}}],"collection":[{"href":"https:\/\/chilimag.hu\/webshop\/wp-json\/wp\/v2\/product"}],"about":[{"href":"https:\/\/chilimag.hu\/webshop\/wp-json\/wp\/v2\/types\/product"}],"replies":[{"embeddable":true,"href":"https:\/\/chilimag.hu\/webshop\/wp-json\/wp\/v2\/comments?post=33431"}],"wp:featuredmedia":[{"embeddable":true,"href":"https:\/\/chilimag.hu\/webshop\/wp-json\/wp\/v2\/media\/33432"}],"wp:attachment":[{"href":"https:\/\/chilimag.hu\/webshop\/wp-json\/wp\/v2\/media?parent=33431"}],"wp:term":[{"taxonomy":"product_brand","embeddable":true,"href":"https:\/\/chilimag.hu\/webshop\/wp-json\/wp\/v2\/product_brand?post=33431"},{"taxonomy":"product_cat","embeddable":true,"href":"https:\/\/chilimag.hu\/webshop\/wp-json\/wp\/v2\/product_cat?post=33431"},{"taxonomy":"product_tag","embeddable":true,"href":"https:\/\/chilimag.hu\/webshop\/wp-json\/wp\/v2\/product_tag?post=33431"}],"curies":[{"name":"wp","href":"https:\/\/api.w.org\/{rel}","templated":true}]}}