{"id":3343,"date":"2016-12-05T10:31:09","date_gmt":"2016-12-05T10:31:09","guid":{"rendered":"https:\/\/chilimag.hu\/webshop\/?post_type=product&#038;p=3343"},"modified":"2025-08-11T08:53:26","modified_gmt":"2025-08-11T08:53:26","slug":"jays-red-ghost-scorpion","status":"publish","type":"product","link":"https:\/\/chilimag.hu\/webshop\/termek\/jays-red-ghost-scorpion\/","title":{"rendered":"Jays Red Ghost Scorpion"},"content":{"rendered":"","protected":false},"excerpt":{"rendered":"<div><img decoding=\"async\" src=\"https:\/\/chilimag.hu\/webshop\/wp-content\/uploads\/2014\/11\/chilimag-logo-2-150x150.jpg\" \/><\/div>\n<div><\/div>\n<div>\n<p>Le\u00edr\u00e1s<\/p>\n<p>A Jay&#8217;s Red Ghost Scorpion egy Ghost Chile (Bhut Jolokia) \u00e9s egy Trinidad Scorpion keresztez\u00e9se, \u00e9s egy Jay nev\u0171 pennsylvaniai farmer teny\u00e9sztette ki. A h\u00fcvelyek sok eltorzult alakra n\u0151nek, gyakran csavarodnak, n\u00e9melyiknek farka van, \u00e9s mindegyik v\u00f6r\u00f6s sz\u00edn\u0171 \u00e9s \u00e9rdes fel\u00fclet\u0171. \u00cdze tr\u00f3pusi gy\u00fcm\u00f6lcs\u00f6s, enyh\u00e9n \u00e9desk\u00e9s \u00e9s vir\u00e1gos. Valamivel kev\u00e9sb\u00e9 cs\u00edp\u0151sek, mint egy Bhut Jolokia, amely azonnali t\u00falmeleged\u00e9st okoz.<\/p>\n<p>Gondoz\u00e1sa: A cs\u00edr\u00e1z\u00e1si h\u0151m\u00e9rs\u00e9klet 22\u00b0C \u00e9s 30\u00b0C k\u00f6z\u00f6tt van (cs\u00edr\u00e1z\u00e1si id\u0151: 6-20 nap); ez\u00e9rt \u00fcvegh\u00e1z \u00e9s f\u0171t\u0151sz\u0151nyeg haszn\u00e1lata javasolt. A n\u00f6v\u00e9nyeknek friss, j\u00f3l tr\u00e1gy\u00e1zott v\u00edz\u00e1tereszt\u0151 talajra van sz\u00fcks\u00e9g\u00fck, \u00e9s nem szabad \u00e1ll\u00f3v\u00edzben hagyni. Napos, v\u00e9dett helyre kell helyezni, ahol legal\u00e1bb napi 6 \u00f3ra napf\u00e9ny \u00e9ri, ha nem t\u00f6bb. K\u00f6r\u00fclbel\u00fcl 2-3 h\u00e9ttel az utols\u00f3 fagy ut\u00e1n helyezze ki a n\u00f6v\u00e9nyeket a szabadba.<\/p>\n<p>T\u00edpus: Capsicum chinense<br \/>\n10-es h\u0151fok<br \/>\nScoville kb. 800 000 SHU<br \/>\nOptim\u00e1lis cs\u00edr\u00e1z\u00e1si h\u0151m\u00e9rs\u00e9klet 22 &#8211; 30 \u00b0C<br \/>\nVet\u00e9s jan-\u00e1pr<br \/>\nVir\u00e1gok feh\u00e9rek (m\u00e1jus-aug.)<br \/>\nN\u00f6veked\u00e9si szok\u00e1sa bokros, 70-100 cm magas<br \/>\n\u00c9rlel\u00e9s Z\u00f6ldt\u0151l barackig<br \/>\nGy\u00fcm\u00f6lcs megjelen\u00e9se \u00e9rdes fel\u00fclet, kb. 4 x 5 cm<br \/>\n\u00c9rlel\u00e9si id\u0151 90-110 nap<br \/>\nSz\u00e1rmaz\u00e1sa USA<\/p>\n<\/div>\n<div>A csomag 10 szem magot tartalmaz<\/div>\n","protected":false},"featured_media":3342,"comment_status":"closed","ping_status":"closed","template":"","meta":[],"product_brand":[],"product_cat":[8],"product_tag":[],"class_list":{"0":"post-3343","1":"product","2":"type-product","3":"status-publish","4":"has-post-thumbnail","6":"product_cat-paprika","8":"first","9":"instock","10":"taxable","11":"shipping-taxable","12":"purchasable","13":"product-type-simple"},"_links":{"self":[{"href":"https:\/\/chilimag.hu\/webshop\/wp-json\/wp\/v2\/product\/3343","targetHints":{"allow":["GET"]}}],"collection":[{"href":"https:\/\/chilimag.hu\/webshop\/wp-json\/wp\/v2\/product"}],"about":[{"href":"https:\/\/chilimag.hu\/webshop\/wp-json\/wp\/v2\/types\/product"}],"replies":[{"embeddable":true,"href":"https:\/\/chilimag.hu\/webshop\/wp-json\/wp\/v2\/comments?post=3343"}],"wp:featuredmedia":[{"embeddable":true,"href":"https:\/\/chilimag.hu\/webshop\/wp-json\/wp\/v2\/media\/3342"}],"wp:attachment":[{"href":"https:\/\/chilimag.hu\/webshop\/wp-json\/wp\/v2\/media?parent=3343"}],"wp:term":[{"taxonomy":"product_brand","embeddable":true,"href":"https:\/\/chilimag.hu\/webshop\/wp-json\/wp\/v2\/product_brand?post=3343"},{"taxonomy":"product_cat","embeddable":true,"href":"https:\/\/chilimag.hu\/webshop\/wp-json\/wp\/v2\/product_cat?post=3343"},{"taxonomy":"product_tag","embeddable":true,"href":"https:\/\/chilimag.hu\/webshop\/wp-json\/wp\/v2\/product_tag?post=3343"}],"curies":[{"name":"wp","href":"https:\/\/api.w.org\/{rel}","templated":true}]}}