{"id":33429,"date":"2024-09-27T12:17:02","date_gmt":"2024-09-27T12:17:02","guid":{"rendered":"https:\/\/chilimag.hu\/webshop\/?post_type=product&#038;p=33429"},"modified":"2025-09-23T09:11:55","modified_gmt":"2025-09-23T09:11:55","slug":"rote-warze-sutotok-b-s","status":"publish","type":"product","link":"https:\/\/chilimag.hu\/webshop\/termek\/rote-warze-sutotok-b-s\/","title":{"rendered":"Rote Warze S\u00fct\u0151t\u00f6k B-S"},"content":{"rendered":"","protected":false},"excerpt":{"rendered":"<p><img decoding=\"async\" src=\"https:\/\/chilimag.hu\/webshop\/wp-content\/uploads\/2022\/10\/bobby-seeds-test-logo-150x150.png\" \/><\/p>\n<p>Term\u00e9kinform\u00e1ci\u00f3 &#8222;V\u00f6r\u00f6s szem\u00f6lcs&#8221;<\/p>\n<p>Nagyon sz\u00e9p \u00fajra felfedezett fajta, \u00e9l\u00e9nkpiros szem\u00f6lcs\u00f6kkel<\/p>\n<p>Gy\u00fcm\u00f6lcsei 8 kg k\u00f6r\u00fcliek, j\u00f3 s\u00fct\u0151t\u00f6k\u00f6k, dekorat\u00edvak. Egy fajta, amelyet valaha sz\u00e9les k\u00f6rben termesztettek az USA-ban, \u00e9s v\u00e9letlen\u00fcl fedezt\u00e9k fel \u00fajra. Igazi gazdag\u00edt\u00e1s a piros s\u00fct\u0151t\u00f6kkel<\/p>\n<p>maxim\u00e1lis<br \/>\n\u00c9r\u00e9si id\u0151: 115 nap<br \/>\nSz\u0151l\u0151 viselked\u00e9s buja<br \/>\nA C. maxima \u00e1ltal\u00e1ban robusztus \u00e9s kiv\u00e1l\u00f3 s\u00fct\u0151t\u00f6k<br \/>\nEz a fajta sok h\u0151t ig\u00e9nyel, ez\u00e9rt jobb, ha el\u0151m\u0171velj\u00fck. Az ak\u00e1r 110 napos \u00e9r\u00e9si idej\u0171 fajt\u00e1k a hideg vid\u00e9keken is j\u00f3l \u00e9rzik magukat.<\/p>\n<p>A s\u00fct\u0151t\u00f6k \u00fcltet\u00e9si t\u00e1vols\u00e1ga a m\u00e1sz\u00e1si viselked\u00e9st\u0151l f\u00fcgg<\/p>\n<p>Lehets\u00e9ges k\u00e1rtev\u0151k: csig\u00e1k, madarak, egerek, tetvek, lisztharmat, v\u00edrus<\/p>\n<p>A csomag 10 szem magot tartalmaz<\/p>\n","protected":false},"featured_media":33430,"comment_status":"closed","ping_status":"closed","template":"","meta":[],"product_brand":[],"product_cat":[345],"product_tag":[],"class_list":{"0":"post-33429","1":"product","2":"type-product","3":"status-publish","4":"has-post-thumbnail","6":"product_cat-suto-fozo-es-disztokok","8":"first","9":"instock","10":"taxable","11":"shipping-taxable","12":"purchasable","13":"product-type-simple"},"_links":{"self":[{"href":"https:\/\/chilimag.hu\/webshop\/wp-json\/wp\/v2\/product\/33429","targetHints":{"allow":["GET"]}}],"collection":[{"href":"https:\/\/chilimag.hu\/webshop\/wp-json\/wp\/v2\/product"}],"about":[{"href":"https:\/\/chilimag.hu\/webshop\/wp-json\/wp\/v2\/types\/product"}],"replies":[{"embeddable":true,"href":"https:\/\/chilimag.hu\/webshop\/wp-json\/wp\/v2\/comments?post=33429"}],"wp:featuredmedia":[{"embeddable":true,"href":"https:\/\/chilimag.hu\/webshop\/wp-json\/wp\/v2\/media\/33430"}],"wp:attachment":[{"href":"https:\/\/chilimag.hu\/webshop\/wp-json\/wp\/v2\/media?parent=33429"}],"wp:term":[{"taxonomy":"product_brand","embeddable":true,"href":"https:\/\/chilimag.hu\/webshop\/wp-json\/wp\/v2\/product_brand?post=33429"},{"taxonomy":"product_cat","embeddable":true,"href":"https:\/\/chilimag.hu\/webshop\/wp-json\/wp\/v2\/product_cat?post=33429"},{"taxonomy":"product_tag","embeddable":true,"href":"https:\/\/chilimag.hu\/webshop\/wp-json\/wp\/v2\/product_tag?post=33429"}],"curies":[{"name":"wp","href":"https:\/\/api.w.org\/{rel}","templated":true}]}}