{"id":33423,"date":"2024-09-27T09:37:00","date_gmt":"2024-09-27T09:37:00","guid":{"rendered":"https:\/\/chilimag.hu\/webshop\/?post_type=product&#038;p=33423"},"modified":"2026-02-25T17:45:52","modified_gmt":"2026-02-25T17:45:52","slug":"polar-bear-f1-sutotok-b-s","status":"publish","type":"product","link":"https:\/\/chilimag.hu\/webshop\/termek\/polar-bear-f1-sutotok-b-s\/","title":{"rendered":"Polar Bear F1 S\u00fct\u0151t\u00f6k B-S"},"content":{"rendered":"","protected":false},"excerpt":{"rendered":"<p><img decoding=\"async\" src=\"https:\/\/chilimag.hu\/webshop\/wp-content\/uploads\/2022\/10\/bobby-seeds-test-logo-150x150.png\" \/><\/p>\n<p>Term\u00e9kinform\u00e1ci\u00f3 &#8222;Jegesmedve F1&#8221;<\/p>\n<p>A legjobb \u00f3ri\u00e1s feh\u00e9r s\u00fct\u0151t\u00f6k<\/p>\n<p>Felt\u0171n\u0151en produkt\u00edv \u00e9s egys\u00e9ges \u00f3ri\u00e1st\u00f6k tiszta h\u00f3feh\u00e9r sz\u00ednben. Az \u00e1tlagosan 30 kg k\u00f6r\u00fcli term\u00e9sek meg\u0151rzik sz\u00edn\u00fcket, nem s\u00e1rgulnak, nem sz\u00fcrk\u00fclnek el. A feh\u00e9r s\u00fct\u0151t\u00f6k k\u00edn\u00e1lat\u00e1nak gazdag\u00edt\u00e1sa, jelent\u0151s el\u0151rel\u00e9p\u00e9s a Full Moon fajt\u00e1hoz k\u00e9pest. Kiemelked\u0151 d\u00edszt\u00f6k az ajt\u00f3 el\u0151tt.<\/p>\n<p>Cucurbita maxima<br \/>\n\u00c9r\u00e9si id\u0151: kb 100 nap<br \/>\nA Polar Bear F1 er\u0151sen \u00e1ll<br \/>\nA Polar Bear F1 konyhai haszn\u00e1latra alkalmas<\/p>\n<p>A s\u00fct\u0151t\u00f6k j\u00f3l \u00e9rzi mag\u00e1t meleg, j\u00f3 v\u00edzelvezet\u00e9s\u0171 talajban, el\u0151m\u0171vel\u00e9ssel \u00e9s \u00fcltet\u00e9ssel \u00e1prilis v\u00e9g\u00e9t\u0151l vet\u00e9ssel vagy m\u00e1jus elej\u00e9t\u0151l k\u00f6zvetlen vet\u00e9ssel.<\/p>\n<p>A Polar Bear F1 sz\u00e1m\u00e1ra n\u00f6v\u00e9nyenk\u00e9nt 3-4 n\u00e9gyzetm\u00e9tert aj\u00e1nlunk<\/p>\n<p>Lehets\u00e9ges k\u00e1rtev\u0151k: csig\u00e1k, madarak, egerek, tetvek, lisztharmat, v\u00edrus<\/p>\n<p>A csomag 10 szem magot tartalmaz<\/p>\n","protected":false},"featured_media":33424,"comment_status":"closed","ping_status":"closed","template":"","meta":[],"product_brand":[],"product_cat":[345],"product_tag":[],"class_list":{"0":"post-33423","1":"product","2":"type-product","3":"status-publish","4":"has-post-thumbnail","6":"product_cat-suto-fozo-es-disztokok","8":"first","9":"instock","10":"taxable","11":"shipping-taxable","12":"purchasable","13":"product-type-simple"},"_links":{"self":[{"href":"https:\/\/chilimag.hu\/webshop\/wp-json\/wp\/v2\/product\/33423","targetHints":{"allow":["GET"]}}],"collection":[{"href":"https:\/\/chilimag.hu\/webshop\/wp-json\/wp\/v2\/product"}],"about":[{"href":"https:\/\/chilimag.hu\/webshop\/wp-json\/wp\/v2\/types\/product"}],"replies":[{"embeddable":true,"href":"https:\/\/chilimag.hu\/webshop\/wp-json\/wp\/v2\/comments?post=33423"}],"wp:featuredmedia":[{"embeddable":true,"href":"https:\/\/chilimag.hu\/webshop\/wp-json\/wp\/v2\/media\/33424"}],"wp:attachment":[{"href":"https:\/\/chilimag.hu\/webshop\/wp-json\/wp\/v2\/media?parent=33423"}],"wp:term":[{"taxonomy":"product_brand","embeddable":true,"href":"https:\/\/chilimag.hu\/webshop\/wp-json\/wp\/v2\/product_brand?post=33423"},{"taxonomy":"product_cat","embeddable":true,"href":"https:\/\/chilimag.hu\/webshop\/wp-json\/wp\/v2\/product_cat?post=33423"},{"taxonomy":"product_tag","embeddable":true,"href":"https:\/\/chilimag.hu\/webshop\/wp-json\/wp\/v2\/product_tag?post=33423"}],"curies":[{"name":"wp","href":"https:\/\/api.w.org\/{rel}","templated":true}]}}