{"id":33421,"date":"2024-09-27T09:31:01","date_gmt":"2024-09-27T09:31:01","guid":{"rendered":"https:\/\/chilimag.hu\/webshop\/?post_type=product&#038;p=33421"},"modified":"2026-03-17T14:25:20","modified_gmt":"2026-03-17T14:25:20","slug":"sargadinnye-plum-granny-queen-annes-pocket-b-s","status":"publish","type":"product","link":"https:\/\/chilimag.hu\/webshop\/termek\/sargadinnye-plum-granny-queen-annes-pocket-b-s\/","title":{"rendered":"S\u00e1rgadinnye Plum Granny-Queen Annes Pocket B-S"},"content":{"rendered":"","protected":false},"excerpt":{"rendered":"<p><img decoding=\"async\" src=\"https:\/\/chilimag.hu\/webshop\/wp-content\/uploads\/2022\/10\/bobby-seeds-test-logo-150x150.png\" \/><\/p>\n<p>Term\u00e9kinform\u00e1ci\u00f3 &#8222;Plum Granny &#8211; Queen Anne&#8217;s Pocket&#8221;<\/p>\n<p>Elragad\u00f3 kis d\u00edszdinnye<\/p>\n<p>Nagyon sz\u00e9p d\u00edszdinnye, melynek csod\u00e1latos illata van. A n\u00f6v\u00e9ny l\u00e9nyegesen t\u00f6bb term\u00e9st hoz, mint a Tigris, term\u00e9se k\u00f6r\u00fclbel\u00fcl 8 cm. El\u0151termeszt\u00e9ssel \u00e9s f\u00f3li\u00e1ra \u00fcltetve a term\u00e9sek j\u00faliusban \u00e9rnek.<\/p>\n<p>Cucumis melo<br \/>\n\u00c9r\u00e9si id\u0151: k\u00f6r\u00fclbel\u00fcl 75-80 nap<br \/>\nA s\u00e1rgadinnye m\u00e9rs\u00e9kelten n\u0151, \u00e9s n\u00f6v\u00e9nyenk\u00e9nt k\u00f6r\u00fclbel\u00fcl 1-2 n\u00e9gyzetm\u00e9tert ig\u00e9nyel<br \/>\nDekorat\u00edv, nagyon arom\u00e1s \u00e9s ehet\u0151.<br \/>\nA legjobb eredm\u00e9nyt az \u00fcvegh\u00e1zban t\u00f6rt\u00e9n\u0151 el\u0151m\u0171vel\u00e9s \u00e9ri el \u00e1prilis elej\u00e9t\u0151l, majd az \u00fcltet\u00e9s. A szabadf\u00f6ld\u00f6n a dinnye mulcsfilmet \u00e9lvez<\/p>\n<p>A magokat belt\u00e9rben, \u00e1prilis elej\u00e9t\u0151l 24-28 \u00b0C-on k\u00f6zvetlen\u00fcl, 1-2 maggal a kis cser\u00e9pben vetj\u00fck, ne tartsuk t\u00fal nedvesen a cserepeket, vagy m\u00e1jus k\u00f6zep\u00e9t\u0151l a szabadba, meleg helyen.<\/p>\n<p>Lehets\u00e9ges k\u00e1rtev\u0151k: tetvek, egerek, lisztharmat<\/p>\n<p>A csomag 10 szem magot tartalmaz<\/p>\n","protected":false},"featured_media":33422,"comment_status":"closed","ping_status":"closed","template":"","meta":[],"product_brand":[],"product_cat":[331],"product_tag":[],"class_list":{"0":"post-33421","1":"product","2":"type-product","3":"status-publish","4":"has-post-thumbnail","6":"product_cat-gyumolcs-vetomagok-egyeb-es-kulonleges-vetomagok","8":"first","9":"instock","10":"taxable","11":"shipping-taxable","12":"purchasable","13":"product-type-simple"},"_links":{"self":[{"href":"https:\/\/chilimag.hu\/webshop\/wp-json\/wp\/v2\/product\/33421","targetHints":{"allow":["GET"]}}],"collection":[{"href":"https:\/\/chilimag.hu\/webshop\/wp-json\/wp\/v2\/product"}],"about":[{"href":"https:\/\/chilimag.hu\/webshop\/wp-json\/wp\/v2\/types\/product"}],"replies":[{"embeddable":true,"href":"https:\/\/chilimag.hu\/webshop\/wp-json\/wp\/v2\/comments?post=33421"}],"wp:featuredmedia":[{"embeddable":true,"href":"https:\/\/chilimag.hu\/webshop\/wp-json\/wp\/v2\/media\/33422"}],"wp:attachment":[{"href":"https:\/\/chilimag.hu\/webshop\/wp-json\/wp\/v2\/media?parent=33421"}],"wp:term":[{"taxonomy":"product_brand","embeddable":true,"href":"https:\/\/chilimag.hu\/webshop\/wp-json\/wp\/v2\/product_brand?post=33421"},{"taxonomy":"product_cat","embeddable":true,"href":"https:\/\/chilimag.hu\/webshop\/wp-json\/wp\/v2\/product_cat?post=33421"},{"taxonomy":"product_tag","embeddable":true,"href":"https:\/\/chilimag.hu\/webshop\/wp-json\/wp\/v2\/product_tag?post=33421"}],"curies":[{"name":"wp","href":"https:\/\/api.w.org\/{rel}","templated":true}]}}