{"id":33419,"date":"2024-09-27T09:24:27","date_gmt":"2024-09-27T09:24:27","guid":{"rendered":"https:\/\/chilimag.hu\/webshop\/?post_type=product&#038;p=33419"},"modified":"2025-09-15T20:15:09","modified_gmt":"2025-09-15T20:15:09","slug":"plate-de-corse-sutotok-b-s","status":"publish","type":"product","link":"https:\/\/chilimag.hu\/webshop\/termek\/plate-de-corse-sutotok-b-s\/","title":{"rendered":"Plate de Corse S\u00fct\u0151t\u00f6k B-S"},"content":{"rendered":"","protected":false},"excerpt":{"rendered":"<p><img decoding=\"async\" src=\"https:\/\/chilimag.hu\/webshop\/wp-content\/uploads\/2022\/10\/bobby-seeds-test-logo-150x150.png\" \/><\/p>\n<p>Term\u00e9kinform\u00e1ci\u00f3k &#8222;Plate de Corse&#8221;<\/p>\n<p>Lapos g\u00f6mb\u00f6ly\u0171, vil\u00e1gosz\u00f6ld.<\/p>\n<p>A Korzikai n\u00e9ven is ismert Plate de Corse kiss\u00e9 sajtker\u00e9kre eml\u00e9keztet. K\u00f6r\u00fclbel\u00fcl 20-25 cm \u00e1tm\u00e9r\u0151j\u0171, lapos, kerek gy\u00fcm\u00f6lcs\u00f6k vil\u00e1gosz\u00f6ldek. Tipp: 3 p\u00e1r val\u00f3di lev\u00e9l ut\u00e1n metssze meg a n\u00f6v\u00e9nyt, \u00edgy 2 h\u00e9ttel kor\u00e1bban n\u0151i vir\u00e1gok jelennek meg, \u00e9s ennek k\u00f6vetkezt\u00e9ben hamarabb k\u00f6t le a term\u00e9s.<\/p>\n<p>Lagenaria siceraria<br \/>\n\u00c9r\u00e9si id\u0151: k\u00f6r\u00fclbel\u00fcl 120 nap<br \/>\nA Plate de Corse er\u0151sen rangsorol<br \/>\nA Lagenaria fiatalon is haszn\u00e1lhat\u00f3 a konyh\u00e1ban<br \/>\nMeleg, j\u00f3 v\u00edzelvezet\u00e9s\u0171 talajon j\u00f3l fejl\u0151dik a kalbak, \u00e1prilis v\u00e9g\u00e9t\u0151l az el\u0151m\u0171vel\u00e9s \u00e9s a vet\u00e9ssel \u00fcltet\u00e9s j\u00f3 eredm\u00e9nyt ad, a magas m\u0171vel\u00e9s egyenes term\u00e9st hoz, a talajkult\u00fara \u00e9rdekes form\u00e1kat hoz.<\/p>\n<p>Permarom\u00e1hoz n\u00f6v\u00e9nyenk\u00e9nt 3-4 n\u00e9gyzetm\u00e9tert aj\u00e1nlunk<\/p>\n<p>Lehets\u00e9ges k\u00e1rtev\u0151k: csig\u00e1k, madarak, egerek, tetvek, lisztharmat, v\u00edrus<\/p>\n<p>A csomag 10 szem magot tartalmaz<\/p>\n","protected":false},"featured_media":33420,"comment_status":"closed","ping_status":"closed","template":"","meta":[],"product_brand":[],"product_cat":[345],"product_tag":[],"class_list":{"0":"post-33419","1":"product","2":"type-product","3":"status-publish","4":"has-post-thumbnail","6":"product_cat-suto-fozo-es-disztokok","8":"first","9":"instock","10":"taxable","11":"shipping-taxable","12":"purchasable","13":"product-type-simple"},"_links":{"self":[{"href":"https:\/\/chilimag.hu\/webshop\/wp-json\/wp\/v2\/product\/33419","targetHints":{"allow":["GET"]}}],"collection":[{"href":"https:\/\/chilimag.hu\/webshop\/wp-json\/wp\/v2\/product"}],"about":[{"href":"https:\/\/chilimag.hu\/webshop\/wp-json\/wp\/v2\/types\/product"}],"replies":[{"embeddable":true,"href":"https:\/\/chilimag.hu\/webshop\/wp-json\/wp\/v2\/comments?post=33419"}],"wp:featuredmedia":[{"embeddable":true,"href":"https:\/\/chilimag.hu\/webshop\/wp-json\/wp\/v2\/media\/33420"}],"wp:attachment":[{"href":"https:\/\/chilimag.hu\/webshop\/wp-json\/wp\/v2\/media?parent=33419"}],"wp:term":[{"taxonomy":"product_brand","embeddable":true,"href":"https:\/\/chilimag.hu\/webshop\/wp-json\/wp\/v2\/product_brand?post=33419"},{"taxonomy":"product_cat","embeddable":true,"href":"https:\/\/chilimag.hu\/webshop\/wp-json\/wp\/v2\/product_cat?post=33419"},{"taxonomy":"product_tag","embeddable":true,"href":"https:\/\/chilimag.hu\/webshop\/wp-json\/wp\/v2\/product_tag?post=33419"}],"curies":[{"name":"wp","href":"https:\/\/api.w.org\/{rel}","templated":true}]}}