{"id":33414,"date":"2024-09-27T09:14:33","date_gmt":"2024-09-27T09:14:33","guid":{"rendered":"https:\/\/chilimag.hu\/webshop\/?post_type=product&#038;p=33414"},"modified":"2026-02-23T09:27:17","modified_gmt":"2026-02-23T09:27:17","slug":"number-two-f1-disztok-b-s","status":"publish","type":"product","link":"https:\/\/chilimag.hu\/webshop\/termek\/number-two-f1-disztok-b-s\/","title":{"rendered":"Number Two F1 D\u00edszt\u00f6k B-S"},"content":{"rendered":"","protected":false},"excerpt":{"rendered":"<p><img decoding=\"async\" src=\"https:\/\/chilimag.hu\/webshop\/wp-content\/uploads\/2022\/10\/bobby-seeds-test-logo-150x150.png\" \/><\/p>\n<p>Term\u00e9kinform\u00e1ci\u00f3 &#8222;Number Two F1&#8221;<\/p>\n<p>A jobb Baby Boo<\/p>\n<p>A kettes sz\u00e1m\u00fa F1 visszat\u00e9rt. Miut\u00e1n 3 \u00e9vig nem volt el\u00e9rhet\u0151, ez a kis feh\u00e9r sz\u00e9ps\u00e9g \u00fajra el\u00e9rhet\u0151. Hasonl\u00f3 a Baby Boo-hoz, de term\u00e9kenyebb, szebb, egys\u00e9gesebb, kicsit nagyobb term\u00e9ssel.<\/p>\n<p>Cucurbita pepo<br \/>\n\u00c9r\u00e9si ideje k\u00f6r\u00fclbel\u00fcl 90-95 nap<br \/>\nA m\u00e1sodik sz\u00e1m\u00fa F1 gyorsan n\u00f6vekszik<br \/>\nEgyedi \u00e9s egyben finom dekor\u00e1ci\u00f3 vagy \u00e9tel<br \/>\nA s\u00fct\u0151t\u00f6k j\u00f3l \u00e9rzi mag\u00e1t meleg, j\u00f3 v\u00edzelvezet\u00e9s\u0171 talajban, el\u0151m\u0171vel\u00e9ssel \u00e9s \u00fcltet\u00e9ssel \u00e1prilis v\u00e9g\u00e9t\u0151l vet\u00e9ssel vagy m\u00e1jus elej\u00e9t\u0151l k\u00f6zvetlen vet\u00e9ssel.<\/p>\n<p>A Number Two F1-hez n\u00f6v\u00e9nyenk\u00e9nt 2 n\u00e9gyzetm\u00e9tert aj\u00e1nlunk<\/p>\n<p>Lehets\u00e9ges k\u00e1rtev\u0151k: csig\u00e1k, madarak, egerek, tetvek, lisztharmat, v\u00edrus<\/p>\n<p>A csomag 10 szem magot tartalmaz<\/p>\n","protected":false},"featured_media":33415,"comment_status":"closed","ping_status":"closed","template":"","meta":[],"product_brand":[],"product_cat":[345],"product_tag":[],"class_list":{"0":"post-33414","1":"product","2":"type-product","3":"status-publish","4":"has-post-thumbnail","6":"product_cat-suto-fozo-es-disztokok","8":"first","9":"instock","10":"taxable","11":"shipping-taxable","12":"purchasable","13":"product-type-simple"},"_links":{"self":[{"href":"https:\/\/chilimag.hu\/webshop\/wp-json\/wp\/v2\/product\/33414","targetHints":{"allow":["GET"]}}],"collection":[{"href":"https:\/\/chilimag.hu\/webshop\/wp-json\/wp\/v2\/product"}],"about":[{"href":"https:\/\/chilimag.hu\/webshop\/wp-json\/wp\/v2\/types\/product"}],"replies":[{"embeddable":true,"href":"https:\/\/chilimag.hu\/webshop\/wp-json\/wp\/v2\/comments?post=33414"}],"wp:featuredmedia":[{"embeddable":true,"href":"https:\/\/chilimag.hu\/webshop\/wp-json\/wp\/v2\/media\/33415"}],"wp:attachment":[{"href":"https:\/\/chilimag.hu\/webshop\/wp-json\/wp\/v2\/media?parent=33414"}],"wp:term":[{"taxonomy":"product_brand","embeddable":true,"href":"https:\/\/chilimag.hu\/webshop\/wp-json\/wp\/v2\/product_brand?post=33414"},{"taxonomy":"product_cat","embeddable":true,"href":"https:\/\/chilimag.hu\/webshop\/wp-json\/wp\/v2\/product_cat?post=33414"},{"taxonomy":"product_tag","embeddable":true,"href":"https:\/\/chilimag.hu\/webshop\/wp-json\/wp\/v2\/product_tag?post=33414"}],"curies":[{"name":"wp","href":"https:\/\/api.w.org\/{rel}","templated":true}]}}