{"id":33410,"date":"2024-09-27T09:04:52","date_gmt":"2024-09-27T09:04:52","guid":{"rendered":"https:\/\/chilimag.hu\/webshop\/?post_type=product&#038;p=33410"},"modified":"2026-02-06T10:21:05","modified_gmt":"2026-02-06T10:21:05","slug":"mooregold-sutotok-b-s","status":"publish","type":"product","link":"https:\/\/chilimag.hu\/webshop\/termek\/mooregold-sutotok-b-s\/","title":{"rendered":"Mooregold S\u00fct\u0151t\u00f6k B-S"},"content":{"rendered":"","protected":false},"excerpt":{"rendered":"<p><img decoding=\"async\" src=\"https:\/\/chilimag.hu\/webshop\/wp-content\/uploads\/2022\/10\/bobby-seeds-test-logo-150x150.png\" \/><\/p>\n<p>Term\u00e9kinform\u00e1ci\u00f3k &#8222;Mooregold&#8221;<\/p>\n<p>A Mooregold egy klasszikus<\/p>\n<p>Az USA-ban kiv\u00e1l\u00f3 t\u00f6kk\u00e9nt n\u00e9pszer\u0171 a piros, lapos g\u00f6mb\u00f6ly\u0171, 1,5-2 kg k\u00f6r\u00fcli t\u00f6k.<\/p>\n<p>maxim\u00e1lis<br \/>\n\u00c9r\u00e9si id\u0151: 95 nap<br \/>\nM\u00e9rs\u00e9kelt m\u00e1sz\u00f3 viselked\u00e9s<br \/>\nKiv\u00e1l\u00f3 s\u00fct\u0151t\u00f6k<br \/>\nEz a fajta j\u00f3l n\u00f6vekszik meleg, j\u00f3 v\u00edzelvezet\u00e9s\u0171 talajon, el\u0151m\u0171vel\u00e9ssel \u00e9s \u00fcltet\u00e9ssel \u00e1prilis v\u00e9g\u00e9t\u0151l vagy k\u00f6zvetlen vet\u00e9ssel m\u00e1jus elej\u00e9t\u0151l<\/p>\n<p>A s\u00fct\u0151t\u00f6k \u00fcltet\u00e9si t\u00e1vols\u00e1ga a m\u00e1sz\u00e1si viselked\u00e9st\u0151l f\u00fcgg<\/p>\n<p>Lehets\u00e9ges k\u00e1rtev\u0151k: csig\u00e1k, madarak, egerek, tetvek, lisztharmat, v\u00edrus<\/p>\n<p>A csomag 10 szem magot tartalmaz<\/p>\n","protected":false},"featured_media":33411,"comment_status":"closed","ping_status":"closed","template":"","meta":[],"product_brand":[],"product_cat":[345],"product_tag":[],"class_list":{"0":"post-33410","1":"product","2":"type-product","3":"status-publish","4":"has-post-thumbnail","6":"product_cat-suto-fozo-es-disztokok","8":"first","9":"instock","10":"taxable","11":"shipping-taxable","12":"purchasable","13":"product-type-simple"},"_links":{"self":[{"href":"https:\/\/chilimag.hu\/webshop\/wp-json\/wp\/v2\/product\/33410","targetHints":{"allow":["GET"]}}],"collection":[{"href":"https:\/\/chilimag.hu\/webshop\/wp-json\/wp\/v2\/product"}],"about":[{"href":"https:\/\/chilimag.hu\/webshop\/wp-json\/wp\/v2\/types\/product"}],"replies":[{"embeddable":true,"href":"https:\/\/chilimag.hu\/webshop\/wp-json\/wp\/v2\/comments?post=33410"}],"wp:featuredmedia":[{"embeddable":true,"href":"https:\/\/chilimag.hu\/webshop\/wp-json\/wp\/v2\/media\/33411"}],"wp:attachment":[{"href":"https:\/\/chilimag.hu\/webshop\/wp-json\/wp\/v2\/media?parent=33410"}],"wp:term":[{"taxonomy":"product_brand","embeddable":true,"href":"https:\/\/chilimag.hu\/webshop\/wp-json\/wp\/v2\/product_brand?post=33410"},{"taxonomy":"product_cat","embeddable":true,"href":"https:\/\/chilimag.hu\/webshop\/wp-json\/wp\/v2\/product_cat?post=33410"},{"taxonomy":"product_tag","embeddable":true,"href":"https:\/\/chilimag.hu\/webshop\/wp-json\/wp\/v2\/product_tag?post=33410"}],"curies":[{"name":"wp","href":"https:\/\/api.w.org\/{rel}","templated":true}]}}