{"id":33401,"date":"2024-09-26T18:47:48","date_gmt":"2024-09-26T18:47:48","guid":{"rendered":"https:\/\/chilimag.hu\/webshop\/?post_type=product&#038;p=33401"},"modified":"2026-02-09T12:24:45","modified_gmt":"2026-02-09T12:24:45","slug":"miss-sophie-pink-sutotok-b-s","status":"publish","type":"product","link":"https:\/\/chilimag.hu\/webshop\/termek\/miss-sophie-pink-sutotok-b-s\/","title":{"rendered":"Miss Sophie Pink S\u00fct\u0151t\u00f6k B-S"},"content":{"rendered":"","protected":false},"excerpt":{"rendered":"<p><img decoding=\"async\" src=\"https:\/\/chilimag.hu\/webshop\/wp-content\/uploads\/2022\/10\/bobby-seeds-test-logo-150x150.png\" \/><\/p>\n<p>Term\u00e9kinform\u00e1ci\u00f3 &#8222;Miss Sophie Pink&#8221;<\/p>\n<p>Nem lazac, nem r\u00f3zsasz\u00edn<\/p>\n<p>Nagyon sz\u00e9p fajta, 10-12 cm \u00e1tm\u00e9r\u0151j\u0171, 400-600 g k\u00f6z\u00f6tti term\u00e9se, nagyon sz\u00e9p ar\u00e1ny\u00fa, lapos g\u00f6mb\u00f6ly\u0171, sz\u00e9pen bord\u00e1zott, d\u00edszes hossz\u00fa sz\u00e1r koron\u00e1zza. A Miss Sophie Pink nagyon \u00edzletes, de v\u00e9kony h\u00fas\u00fa, \u00e9s nagyon alkalmas mikrohull\u00e1m\u00fa s\u00fct\u0151ben val\u00f3 elk\u00e9sz\u00edt\u00e9sre. A fajta nagyon finomra \u00e9s kompaktra n\u0151 egy \u00f3ri\u00e1si s\u00fct\u0151t\u00f6kh\u00f6z. N\u00f6v\u00e9nyenk\u00e9nt 3-5 term\u00e9s k\u00f6r\u00fcli a term\u00e9s. L\u00e1tv\u00e1nyosan felt\u0171n\u0151 a gyakran el\u0151fordul\u00f3 s\u00e1rga levelek, amelyek genetikailag meghat\u00e1rozottak, \u00e9s m\u00e1r vonz\u00f3v\u00e1 teszik a n\u00f6v\u00e9nyt.<\/p>\n<p>Cucurbita maxima<br \/>\n\u00c9rlel\u00e9si id\u0151: 90 nap<br \/>\nMiss Sophie Pink meglehet\u0151sen robusztus \u00e9s j\u00f3l b\u00edrja<br \/>\nA Miss Sophie Pink meleg, j\u00f3 v\u00edzelvezet\u00e9s\u0171 talajban vir\u00e1gzik, el\u0151m\u0171vel\u00e9ssel \u00e9s \u00fcltet\u00e9ssel \u00e1prilis v\u00e9g\u00e9t\u0151l vet\u00e9ssel vagy m\u00e1jus elej\u00e9t\u0151l k\u00f6zvetlen vet\u00e9ssel.<\/p>\n<p>Miss Sophie Pink sz\u00e1m\u00e1ra n\u00f6v\u00e9nyenk\u00e9nt 1-2 n\u00e9gyzetm\u00e9tert aj\u00e1nlunk<\/p>\n<p>Lehets\u00e9ges k\u00e1rtev\u0151k: csig\u00e1k, madarak, egerek, tetvek, lisztharmat, v\u00edrus<\/p>\n<p>A csomag 10 szem magot tartalmaz<\/p>\n<p>&nbsp;<\/p>\n","protected":false},"featured_media":33402,"comment_status":"closed","ping_status":"closed","template":"","meta":[],"product_brand":[],"product_cat":[345],"product_tag":[],"class_list":{"0":"post-33401","1":"product","2":"type-product","3":"status-publish","4":"has-post-thumbnail","6":"product_cat-suto-fozo-es-disztokok","8":"first","9":"outofstock","10":"taxable","11":"shipping-taxable","12":"purchasable","13":"product-type-simple"},"_links":{"self":[{"href":"https:\/\/chilimag.hu\/webshop\/wp-json\/wp\/v2\/product\/33401","targetHints":{"allow":["GET"]}}],"collection":[{"href":"https:\/\/chilimag.hu\/webshop\/wp-json\/wp\/v2\/product"}],"about":[{"href":"https:\/\/chilimag.hu\/webshop\/wp-json\/wp\/v2\/types\/product"}],"replies":[{"embeddable":true,"href":"https:\/\/chilimag.hu\/webshop\/wp-json\/wp\/v2\/comments?post=33401"}],"wp:featuredmedia":[{"embeddable":true,"href":"https:\/\/chilimag.hu\/webshop\/wp-json\/wp\/v2\/media\/33402"}],"wp:attachment":[{"href":"https:\/\/chilimag.hu\/webshop\/wp-json\/wp\/v2\/media?parent=33401"}],"wp:term":[{"taxonomy":"product_brand","embeddable":true,"href":"https:\/\/chilimag.hu\/webshop\/wp-json\/wp\/v2\/product_brand?post=33401"},{"taxonomy":"product_cat","embeddable":true,"href":"https:\/\/chilimag.hu\/webshop\/wp-json\/wp\/v2\/product_cat?post=33401"},{"taxonomy":"product_tag","embeddable":true,"href":"https:\/\/chilimag.hu\/webshop\/wp-json\/wp\/v2\/product_tag?post=33401"}],"curies":[{"name":"wp","href":"https:\/\/api.w.org\/{rel}","templated":true}]}}