{"id":33378,"date":"2024-09-26T18:00:51","date_gmt":"2024-09-26T18:00:51","guid":{"rendered":"https:\/\/chilimag.hu\/webshop\/?post_type=product&#038;p=33378"},"modified":"2026-02-09T12:24:45","modified_gmt":"2026-02-09T12:24:45","slug":"icicle-f1-disztok-b-s","status":"publish","type":"product","link":"https:\/\/chilimag.hu\/webshop\/termek\/icicle-f1-disztok-b-s\/","title":{"rendered":"Icicle F1 D\u00edszt\u00f6k B-S"},"content":{"rendered":"","protected":false},"excerpt":{"rendered":"<p><img decoding=\"async\" src=\"https:\/\/chilimag.hu\/webshop\/wp-content\/uploads\/2022\/10\/bobby-seeds-test-logo-150x150.png\" \/><\/p>\n<p>Term\u00e9kinform\u00e1ci\u00f3 &#8222;Icicle F1 PMT&#8221;<\/p>\n<p>Gy\u00f6ny\u00f6r\u0171, feh\u00e9r mini t\u00f6k<\/p>\n<p>Egy igaz\u00e1n gy\u00f6ny\u00f6r\u0171 form\u00e1j\u00fa \u00e9s sz\u00edn\u0171 feh\u00e9r minit\u00f6k. J\u00f3l bord\u00e1zott, sz\u00e9p sz\u00e1rral. Kompakt n\u00f6veked\u00e9s \u00e9s j\u00f3 hozam. Gy\u00fcm\u00f6lcst\u00f6mege 400-800 gramm H\u00f3feh\u00e9r gy\u00fcm\u00f6lcs, amely azonban nagyon k\u00e9s\u0151n sz\u00fcretelve vil\u00e1goss\u00e1rg\u00e1ra sz\u00ednez\u0151dik. A feh\u00e9r t\u00f6k\u00f6t mindig kor\u00e1n kell betakar\u00edtani, majd s\u00f6t\u00e9t helyen kell t\u00e1rolni<\/p>\n<p>Cucurbita pepo<br \/>\n\u00c9r\u00e9si ideje: k\u00f6r\u00fclbel\u00fcl 100 nap<br \/>\nAz Icicle F1 t\u00f6m\u00f6ren n\u0151<br \/>\nAz Icicle F1 fogyaszt\u00e1sra alkalmas, de nem aj\u00e1nlott<br \/>\nA s\u00fct\u0151t\u00f6k j\u00f3l \u00e9rzi mag\u00e1t meleg, j\u00f3 v\u00edzelvezet\u00e9s\u0171 talajban, el\u0151m\u0171vel\u00e9ssel \u00e9s \u00fcltet\u00e9ssel \u00e1prilis v\u00e9g\u00e9t\u0151l vet\u00e9ssel vagy m\u00e1jus elej\u00e9t\u0151l k\u00f6zvetlen vet\u00e9ssel.<\/p>\n<p>Icicle F1-hez n\u00f6v\u00e9nyenk\u00e9nt 1-2 n\u00e9gyzetm\u00e9tert aj\u00e1nlunk<\/p>\n<p>Lehets\u00e9ges k\u00e1rtev\u0151k: csig\u00e1k, madarak, egerek, tetvek, lisztharmat, v\u00edrus<\/p>\n<p>A csomag 10 szem magot tartalmaz<\/p>\n<p>&nbsp;<\/p>\n","protected":false},"featured_media":33379,"comment_status":"closed","ping_status":"closed","template":"","meta":[],"product_brand":[],"product_cat":[345],"product_tag":[],"class_list":{"0":"post-33378","1":"product","2":"type-product","3":"status-publish","4":"has-post-thumbnail","6":"product_cat-suto-fozo-es-disztokok","8":"first","9":"instock","10":"taxable","11":"shipping-taxable","12":"purchasable","13":"product-type-simple"},"_links":{"self":[{"href":"https:\/\/chilimag.hu\/webshop\/wp-json\/wp\/v2\/product\/33378","targetHints":{"allow":["GET"]}}],"collection":[{"href":"https:\/\/chilimag.hu\/webshop\/wp-json\/wp\/v2\/product"}],"about":[{"href":"https:\/\/chilimag.hu\/webshop\/wp-json\/wp\/v2\/types\/product"}],"replies":[{"embeddable":true,"href":"https:\/\/chilimag.hu\/webshop\/wp-json\/wp\/v2\/comments?post=33378"}],"wp:featuredmedia":[{"embeddable":true,"href":"https:\/\/chilimag.hu\/webshop\/wp-json\/wp\/v2\/media\/33379"}],"wp:attachment":[{"href":"https:\/\/chilimag.hu\/webshop\/wp-json\/wp\/v2\/media?parent=33378"}],"wp:term":[{"taxonomy":"product_brand","embeddable":true,"href":"https:\/\/chilimag.hu\/webshop\/wp-json\/wp\/v2\/product_brand?post=33378"},{"taxonomy":"product_cat","embeddable":true,"href":"https:\/\/chilimag.hu\/webshop\/wp-json\/wp\/v2\/product_cat?post=33378"},{"taxonomy":"product_tag","embeddable":true,"href":"https:\/\/chilimag.hu\/webshop\/wp-json\/wp\/v2\/product_tag?post=33378"}],"curies":[{"name":"wp","href":"https:\/\/api.w.org\/{rel}","templated":true}]}}