{"id":33372,"date":"2024-09-26T17:35:39","date_gmt":"2024-09-26T17:35:39","guid":{"rendered":"https:\/\/chilimag.hu\/webshop\/?post_type=product&#038;p=33372"},"modified":"2026-01-11T00:30:20","modified_gmt":"2026-01-11T00:30:20","slug":"fagtong-sri-muang-f1-sutotok-b-s","status":"publish","type":"product","link":"https:\/\/chilimag.hu\/webshop\/termek\/fagtong-sri-muang-f1-sutotok-b-s\/","title":{"rendered":"Fagtong Sri Muang F1 S\u00fct\u0151t\u00f6k B-S"},"content":{"rendered":"","protected":false},"excerpt":{"rendered":"<p><img decoding=\"async\" src=\"https:\/\/chilimag.hu\/webshop\/wp-content\/uploads\/2022\/10\/bobby-seeds-test-logo-150x150.png\" \/><\/p>\n<p>Term\u00e9kinform\u00e1ci\u00f3 &#8222;Fagtong, Sri Muang F1&#8221;<\/p>\n<p>S\u00f6t\u00e9tz\u00f6ld, lapos g\u00f6mb\u00f6ly\u0171, enyh\u00e9n bord\u00e1zott \u00e9s gomb\u00e1s<\/p>\n<p>Ez az \u00c1zsi\u00e1b\u00f3l sz\u00e1rmaz\u00f3 fajta nagyon sz\u00e9p, kb. 2-3 kg-os term\u00e9st hoz. A fajt\u00e1nak sok melegre van sz\u00fcks\u00e9ge, ez\u00e9rt el\u0151 kell termeszteni.<\/p>\n<p>moschata<br \/>\n\u00c9r\u00e9si id\u0151: 120 nap<br \/>\nM\u00e9rs\u00e9kelt m\u00e1sz\u00f3 viselked\u00e9s<br \/>\nA Cucurbita moschata legink\u00e1bb magas karotintartalm\u00e1val ny\u0171g\u00f6z le.<br \/>\nA Cucurbita moschata sok h\u0151t ig\u00e9nyel, ez\u00e9rt jobb, ha el\u0151m\u0171velj\u00fck. Az ak\u00e1r 110 napos \u00e9r\u00e9si idej\u0171 fajt\u00e1k a hideg vid\u00e9keken is j\u00f3l \u00e9rzik magukat.<\/p>\n<p>A s\u00fct\u0151t\u00f6k \u00fcltet\u00e9si t\u00e1vols\u00e1ga a m\u00e1sz\u00e1si viselked\u00e9st\u0151l f\u00fcgg<\/p>\n<p>Lehets\u00e9ges k\u00e1rtev\u0151k: csig\u00e1k, madarak, egerek, tetvek, lisztharmat<\/p>\n<p>A cspomag 10 szem magot tartalmaz<\/p>\n","protected":false},"featured_media":33373,"comment_status":"closed","ping_status":"closed","template":"","meta":[],"product_brand":[],"product_cat":[345],"product_tag":[],"class_list":{"0":"post-33372","1":"product","2":"type-product","3":"status-publish","4":"has-post-thumbnail","6":"product_cat-suto-fozo-es-disztokok","8":"first","9":"instock","10":"taxable","11":"shipping-taxable","12":"purchasable","13":"product-type-simple"},"_links":{"self":[{"href":"https:\/\/chilimag.hu\/webshop\/wp-json\/wp\/v2\/product\/33372","targetHints":{"allow":["GET"]}}],"collection":[{"href":"https:\/\/chilimag.hu\/webshop\/wp-json\/wp\/v2\/product"}],"about":[{"href":"https:\/\/chilimag.hu\/webshop\/wp-json\/wp\/v2\/types\/product"}],"replies":[{"embeddable":true,"href":"https:\/\/chilimag.hu\/webshop\/wp-json\/wp\/v2\/comments?post=33372"}],"wp:featuredmedia":[{"embeddable":true,"href":"https:\/\/chilimag.hu\/webshop\/wp-json\/wp\/v2\/media\/33373"}],"wp:attachment":[{"href":"https:\/\/chilimag.hu\/webshop\/wp-json\/wp\/v2\/media?parent=33372"}],"wp:term":[{"taxonomy":"product_brand","embeddable":true,"href":"https:\/\/chilimag.hu\/webshop\/wp-json\/wp\/v2\/product_brand?post=33372"},{"taxonomy":"product_cat","embeddable":true,"href":"https:\/\/chilimag.hu\/webshop\/wp-json\/wp\/v2\/product_cat?post=33372"},{"taxonomy":"product_tag","embeddable":true,"href":"https:\/\/chilimag.hu\/webshop\/wp-json\/wp\/v2\/product_tag?post=33372"}],"curies":[{"name":"wp","href":"https:\/\/api.w.org\/{rel}","templated":true}]}}