{"id":33369,"date":"2024-09-26T17:30:15","date_gmt":"2024-09-26T17:30:15","guid":{"rendered":"https:\/\/chilimag.hu\/webshop\/?post_type=product&#038;p=33369"},"modified":"2026-04-13T07:17:48","modified_gmt":"2026-04-13T07:17:48","slug":"early-moonbeam-gorogdinnye-b-s","status":"publish","type":"product","link":"https:\/\/chilimag.hu\/webshop\/termek\/early-moonbeam-gorogdinnye-b-s\/","title":{"rendered":"Early Moonbeam G\u00f6r\u00f6gdinnye B-S"},"content":{"rendered":"","protected":false},"excerpt":{"rendered":"<p><img decoding=\"async\" src=\"https:\/\/chilimag.hu\/webshop\/wp-content\/uploads\/2022\/10\/bobby-seeds-test-logo-150x150.png\" \/><\/p>\n<p>Term\u00e9kinform\u00e1ci\u00f3 &#8222;Early Moonbeam Watermelon&#8221;<\/p>\n<p>A legkor\u00e1bbi, s\u00e1rga h\u00fas\u00fa g\u00f6r\u00f6gdinnye, nagyon \u00e9des<\/p>\n<p>Az Early Moonbeam a legkor\u00e1bbi s\u00e1rga h\u00fas\u00fa g\u00f6r\u00f6gdinnye. A kifejezetten h\u0171v\u00f6sebb termeszt\u00e9si k\u00f6r\u00fclm\u00e9nyekre nemes\u00edtett fajta 3 kg k\u00f6r\u00fcli kezelhet\u0151 m\u00e9ret\u00e9vel \u00e9s kiv\u00e1l\u00f3 \u00edz\u00e9vel, magas cukortartalommal ny\u0171g\u00f6z le. Az Early Moonbeam mindenkinek aj\u00e1nlhat\u00f3, aki szeretn\u00e9 kipr\u00f3b\u00e1lni az egy\u00e9bk\u00e9nt ig\u00e9nyes dinnyekult\u00far\u00e1t.<\/p>\n<p>Citrullus lanatus<br \/>\nA betakar\u00edt\u00e1s j\u00falius k\u00f6zep\u00e9t\u0151l meleg helyeken t\u00f6rt\u00e9nik<br \/>\nA s\u00e1rgadinnye m\u00e9rs\u00e9kelten n\u0151, \u00e9s n\u00f6v\u00e9nyenk\u00e9nt k\u00f6r\u00fclbel\u00fcl 1-2 n\u00e9gyzetm\u00e9tert ig\u00e9nyel<br \/>\nEgy sz\u00e9p \u00e9s meleg ny\u00e1ron a p\u00e9p t\u00f6bb cukrot tartalmaz, mint egy hideg ny\u00e1ron<br \/>\nA legjobb eredm\u00e9nyt az \u00fcvegh\u00e1zban t\u00f6rt\u00e9n\u0151 el\u0151m\u0171vel\u00e9s \u00e9ri el \u00e1prilis elej\u00e9t\u0151l, majd az \u00fcltet\u00e9s. A szabadf\u00f6ld\u00f6n a dinnye mulcsfilmet \u00e9lvez<\/p>\n<p>A magokat belt\u00e9rben, \u00e1prilis elej\u00e9t\u0151l 24-28 \u00b0C-on k\u00f6zvetlen\u00fcl, 1-2 maggal a kis cser\u00e9pben vetj\u00fck, ne tartsuk t\u00fal nedvesen a cserepeket, vagy m\u00e1jus k\u00f6zep\u00e9t\u0151l a szabadba, meleg helyen.<\/p>\n<p>Lehets\u00e9ges k\u00e1rtev\u0151k: tetvek, egerek, lisztharmat<\/p>\n<p>A csomag 10 szem magot tartalmaz<\/p>\n","protected":false},"featured_media":33370,"comment_status":"closed","ping_status":"closed","template":"","meta":[],"product_brand":[],"product_cat":[331],"product_tag":[],"class_list":{"0":"post-33369","1":"product","2":"type-product","3":"status-publish","4":"has-post-thumbnail","6":"product_cat-gyumolcs-vetomagok-egyeb-es-kulonleges-vetomagok","8":"first","9":"instock","10":"taxable","11":"shipping-taxable","12":"purchasable","13":"product-type-simple"},"_links":{"self":[{"href":"https:\/\/chilimag.hu\/webshop\/wp-json\/wp\/v2\/product\/33369","targetHints":{"allow":["GET"]}}],"collection":[{"href":"https:\/\/chilimag.hu\/webshop\/wp-json\/wp\/v2\/product"}],"about":[{"href":"https:\/\/chilimag.hu\/webshop\/wp-json\/wp\/v2\/types\/product"}],"replies":[{"embeddable":true,"href":"https:\/\/chilimag.hu\/webshop\/wp-json\/wp\/v2\/comments?post=33369"}],"wp:featuredmedia":[{"embeddable":true,"href":"https:\/\/chilimag.hu\/webshop\/wp-json\/wp\/v2\/media\/33370"}],"wp:attachment":[{"href":"https:\/\/chilimag.hu\/webshop\/wp-json\/wp\/v2\/media?parent=33369"}],"wp:term":[{"taxonomy":"product_brand","embeddable":true,"href":"https:\/\/chilimag.hu\/webshop\/wp-json\/wp\/v2\/product_brand?post=33369"},{"taxonomy":"product_cat","embeddable":true,"href":"https:\/\/chilimag.hu\/webshop\/wp-json\/wp\/v2\/product_cat?post=33369"},{"taxonomy":"product_tag","embeddable":true,"href":"https:\/\/chilimag.hu\/webshop\/wp-json\/wp\/v2\/product_tag?post=33369"}],"curies":[{"name":"wp","href":"https:\/\/api.w.org\/{rel}","templated":true}]}}