{"id":33364,"date":"2024-09-26T16:59:51","date_gmt":"2024-09-26T16:59:51","guid":{"rendered":"https:\/\/chilimag.hu\/webshop\/?post_type=product&#038;p=33364"},"modified":"2026-04-14T07:25:25","modified_gmt":"2026-04-14T07:25:25","slug":"chestnut-b-s","status":"publish","type":"product","link":"https:\/\/chilimag.hu\/webshop\/termek\/chestnut-b-s\/","title":{"rendered":"Chestnut S\u00fct\u0151t\u00f6k B-S"},"content":{"rendered":"","protected":false},"excerpt":{"rendered":"<p><img decoding=\"async\" src=\"https:\/\/chilimag.hu\/webshop\/wp-content\/uploads\/2022\/10\/bobby-seeds-test-logo-150x150.png\" \/><\/p>\n<p>Term\u00e9kinform\u00e1ci\u00f3 &#8222;Gesztenye&#8221;<\/p>\n<p>Hagyom\u00e1nyos fajta kisebb gy\u00fcm\u00f6lcs\u00f6kkel<\/p>\n<p>A gesztenye egy j\u00f3l ismert, szinte elt\u0171nt fajta, amely 800-1000 g k\u00f6r\u00fcli sz\u00fcrk\u00e9s-z\u00f6ld term\u00e9st hoz. A n\u00f6v\u00e9ny nagyon t\u00f6m\u00f6r marad, szinte bokor alak\u00fa. A gy\u00fcm\u00f6lcs\u00f6k ide\u00e1lisak a konyh\u00e1ba.<\/p>\n<p>Cucurbita maxima<br \/>\n\u00c9rlel\u00e9si id\u0151: 90 nap<br \/>\nM\u00e9rs\u00e9kelt m\u00e1sz\u00f3 viselked\u00e9s<br \/>\nA gy\u00fcm\u00f6lcs\u00f6k ide\u00e1lisak a konyh\u00e1ba<br \/>\nA s\u00fct\u0151t\u00f6k j\u00f3l \u00e9rzi mag\u00e1t meleg, j\u00f3 v\u00edzelvezet\u00e9s\u0171 talajban, el\u0151m\u0171vel\u00e9ssel \u00e9s \u00fcltet\u00e9ssel \u00e1prilis v\u00e9g\u00e9t\u0151l vet\u00e9ssel vagy m\u00e1jus elej\u00e9t\u0151l k\u00f6zvetlen vet\u00e9ssel.<\/p>\n<p>A n\u00f6v\u00e9nyek t\u00f6m\u00f6ren n\u0151nek, mint egy bokor<\/p>\n<p>Lehets\u00e9ges k\u00e1rtev\u0151k: csig\u00e1k, madarak, egerek, tetvek, lisztharmat, v\u00edrus<\/p>\n<p>A csomag 10 szem magot tartalmaz<\/p>\n","protected":false},"featured_media":33365,"comment_status":"closed","ping_status":"closed","template":"","meta":[],"product_brand":[],"product_cat":[345],"product_tag":[],"class_list":{"0":"post-33364","1":"product","2":"type-product","3":"status-publish","4":"has-post-thumbnail","6":"product_cat-suto-fozo-es-disztokok","8":"first","9":"instock","10":"taxable","11":"shipping-taxable","12":"purchasable","13":"product-type-simple"},"_links":{"self":[{"href":"https:\/\/chilimag.hu\/webshop\/wp-json\/wp\/v2\/product\/33364","targetHints":{"allow":["GET"]}}],"collection":[{"href":"https:\/\/chilimag.hu\/webshop\/wp-json\/wp\/v2\/product"}],"about":[{"href":"https:\/\/chilimag.hu\/webshop\/wp-json\/wp\/v2\/types\/product"}],"replies":[{"embeddable":true,"href":"https:\/\/chilimag.hu\/webshop\/wp-json\/wp\/v2\/comments?post=33364"}],"wp:featuredmedia":[{"embeddable":true,"href":"https:\/\/chilimag.hu\/webshop\/wp-json\/wp\/v2\/media\/33365"}],"wp:attachment":[{"href":"https:\/\/chilimag.hu\/webshop\/wp-json\/wp\/v2\/media?parent=33364"}],"wp:term":[{"taxonomy":"product_brand","embeddable":true,"href":"https:\/\/chilimag.hu\/webshop\/wp-json\/wp\/v2\/product_brand?post=33364"},{"taxonomy":"product_cat","embeddable":true,"href":"https:\/\/chilimag.hu\/webshop\/wp-json\/wp\/v2\/product_cat?post=33364"},{"taxonomy":"product_tag","embeddable":true,"href":"https:\/\/chilimag.hu\/webshop\/wp-json\/wp\/v2\/product_tag?post=33364"}],"curies":[{"name":"wp","href":"https:\/\/api.w.org\/{rel}","templated":true}]}}