{"id":33354,"date":"2024-09-26T16:17:05","date_gmt":"2024-09-26T16:17:05","guid":{"rendered":"https:\/\/chilimag.hu\/webshop\/?post_type=product&#038;p=33354"},"modified":"2026-03-08T16:19:24","modified_gmt":"2026-03-08T16:19:24","slug":"green-hokkaido-bio-b-s-sutotok","status":"publish","type":"product","link":"https:\/\/chilimag.hu\/webshop\/termek\/green-hokkaido-bio-b-s-sutotok\/","title":{"rendered":"Green Hokkaido Bio B-S S\u00fct\u0151t\u00f6k"},"content":{"rendered":"","protected":false},"excerpt":{"rendered":"<p><img decoding=\"async\" src=\"https:\/\/chilimag.hu\/webshop\/wp-content\/uploads\/2022\/10\/bobby-seeds-test-logo-150x150.png\" \/><\/p>\n<p>Term\u00e9kinform\u00e1ci\u00f3 &#8222;Green Hokkaido ORGANIC&#8221;<\/p>\n<p>Z\u00f6ld Kabocha kiv\u00e1l\u00f3 h\u00fassal<\/p>\n<p>A kabocha squash a klasszikus jap\u00e1n konyha. A z\u00f6ld, lapos g\u00f6mb\u00f6ly\u0171 term\u00e9sek 1,5-2 kg k\u00f6r\u00fcliek, h\u00fasuk nagyon j\u00f3, aranys\u00e1rga sz\u00edn\u0171. A t\u00e1rol\u00e1si id\u0151 valamivel jobb, mint az Uchiki Kuri, de j\u00f3 k\u00f6r\u00fclm\u00e9nyek k\u00f6z\u00f6tt janu\u00e1rig korl\u00e1tozott. Az ilyen t\u00edpus\u00fa modern hibrid fajt\u00e1k term\u00e9kenyebbek, mint ez a monozig\u00f3ta vonal.<\/p>\n<p>Cucurbita maxima<br \/>\n\u00c9r\u00e9si id\u0151: k\u00f6r\u00fclbel\u00fcl 90 nap<br \/>\nA Green Hokkaido BIO rendesen szerepel<br \/>\nA s\u00fct\u0151t\u00f6k j\u00f3l \u00e9rzi mag\u00e1t meleg, j\u00f3 v\u00edzelvezet\u00e9s\u0171 talajban, el\u0151m\u0171vel\u00e9ssel \u00e9s \u00fcltet\u00e9ssel \u00e1prilis v\u00e9g\u00e9t\u0151l vet\u00e9ssel vagy m\u00e1jus elej\u00e9t\u0151l k\u00f6zvetlen vet\u00e9ssel.<\/p>\n<p>A Green Hokkaido BIO-hoz n\u00f6v\u00e9nyenk\u00e9nt 1-2 n\u00e9gyzetm\u00e9tert aj\u00e1nlunk<\/p>\n<p>Lehets\u00e9ges k\u00e1rtev\u0151k: csig\u00e1k, madarak, egerek, tetvek, lisztharmat, v\u00edrus<\/p>\n<p>A csomag 10 szem magot tartalmaz<\/p>\n","protected":false},"featured_media":33355,"comment_status":"closed","ping_status":"closed","template":"","meta":[],"product_brand":[],"product_cat":[345],"product_tag":[],"class_list":{"0":"post-33354","1":"product","2":"type-product","3":"status-publish","4":"has-post-thumbnail","6":"product_cat-suto-fozo-es-disztokok","8":"first","9":"instock","10":"taxable","11":"shipping-taxable","12":"purchasable","13":"product-type-simple"},"_links":{"self":[{"href":"https:\/\/chilimag.hu\/webshop\/wp-json\/wp\/v2\/product\/33354","targetHints":{"allow":["GET"]}}],"collection":[{"href":"https:\/\/chilimag.hu\/webshop\/wp-json\/wp\/v2\/product"}],"about":[{"href":"https:\/\/chilimag.hu\/webshop\/wp-json\/wp\/v2\/types\/product"}],"replies":[{"embeddable":true,"href":"https:\/\/chilimag.hu\/webshop\/wp-json\/wp\/v2\/comments?post=33354"}],"wp:featuredmedia":[{"embeddable":true,"href":"https:\/\/chilimag.hu\/webshop\/wp-json\/wp\/v2\/media\/33355"}],"wp:attachment":[{"href":"https:\/\/chilimag.hu\/webshop\/wp-json\/wp\/v2\/media?parent=33354"}],"wp:term":[{"taxonomy":"product_brand","embeddable":true,"href":"https:\/\/chilimag.hu\/webshop\/wp-json\/wp\/v2\/product_brand?post=33354"},{"taxonomy":"product_cat","embeddable":true,"href":"https:\/\/chilimag.hu\/webshop\/wp-json\/wp\/v2\/product_cat?post=33354"},{"taxonomy":"product_tag","embeddable":true,"href":"https:\/\/chilimag.hu\/webshop\/wp-json\/wp\/v2\/product_tag?post=33354"}],"curies":[{"name":"wp","href":"https:\/\/api.w.org\/{rel}","templated":true}]}}