{"id":33352,"date":"2024-09-26T16:07:35","date_gmt":"2024-09-26T16:07:35","guid":{"rendered":"https:\/\/chilimag.hu\/webshop\/?post_type=product&#038;p=33352"},"modified":"2026-03-12T13:38:16","modified_gmt":"2026-03-12T13:38:16","slug":"striped-roman-bio-paradicsom-b-s","status":"publish","type":"product","link":"https:\/\/chilimag.hu\/webshop\/termek\/striped-roman-bio-paradicsom-b-s\/","title":{"rendered":"Striped Roman Bio Paradicsom  B-S"},"content":{"rendered":"","protected":false},"excerpt":{"rendered":"<p><img decoding=\"async\" src=\"https:\/\/chilimag.hu\/webshop\/wp-content\/uploads\/2022\/10\/bobby-seeds-test-logo-150x150.png\" \/><\/p>\n<p>Term\u00e9kinform\u00e1ci\u00f3 &#8222;Tomato Striped Roman ORGANIC&#8221;<\/p>\n<p>Kiv\u00e1l\u00f3, korai sz\u00f3sz \u00e9s sal\u00e1ta paradicsom<\/p>\n<p>Vonz\u00f3 sz\u00edn\u0171 palackparadicsom, l\u00e1ngos piros-s\u00e1rga-narancs. Gy\u00fcm\u00f6lcs t\u00f6mege 100-150 gramm, kem\u00e9ny, hossz\u00fa ov\u00e1lis alak\u00fa, h\u00fasos arom\u00e1s \u00edz\u0171 gy\u00fcm\u00f6lcs. Sz\u00f3szokhoz \u00e9s sal\u00e1t\u00e1khoz alkalmas.<\/p>\n<p>Solanum lycopersicon<br \/>\nA betakar\u00edt\u00e1s j\u00faliust\u00f3l folyamatosan t\u00f6rt\u00e9nik<br \/>\nVet\u00e9s 20-25 \u00b0C-on, majd el\u0151teny\u00e9szt\u00e9s febru\u00e1rt\u00f3l \u00e1prilisig<\/p>\n<p>Paradicsom tipp:<br \/>\nSoha ne \u00f6nt\u00f6zze a n\u00f6v\u00e9nyeket csaphideg v\u00edzzel, a v\u00edznek legal\u00e1bb szobah\u0151m\u00e9rs\u00e9klet\u0171nek kell lennie.<\/p>\n<p>A csomag 10 szem magot tartalmaz<\/p>\n","protected":false},"featured_media":33353,"comment_status":"closed","ping_status":"closed","template":"","meta":[],"product_brand":[],"product_cat":[10],"product_tag":[],"class_list":{"0":"post-33352","1":"product","2":"type-product","3":"status-publish","4":"has-post-thumbnail","6":"product_cat-paradicsom","8":"first","9":"outofstock","10":"taxable","11":"shipping-taxable","12":"purchasable","13":"product-type-simple"},"_links":{"self":[{"href":"https:\/\/chilimag.hu\/webshop\/wp-json\/wp\/v2\/product\/33352","targetHints":{"allow":["GET"]}}],"collection":[{"href":"https:\/\/chilimag.hu\/webshop\/wp-json\/wp\/v2\/product"}],"about":[{"href":"https:\/\/chilimag.hu\/webshop\/wp-json\/wp\/v2\/types\/product"}],"replies":[{"embeddable":true,"href":"https:\/\/chilimag.hu\/webshop\/wp-json\/wp\/v2\/comments?post=33352"}],"wp:featuredmedia":[{"embeddable":true,"href":"https:\/\/chilimag.hu\/webshop\/wp-json\/wp\/v2\/media\/33353"}],"wp:attachment":[{"href":"https:\/\/chilimag.hu\/webshop\/wp-json\/wp\/v2\/media?parent=33352"}],"wp:term":[{"taxonomy":"product_brand","embeddable":true,"href":"https:\/\/chilimag.hu\/webshop\/wp-json\/wp\/v2\/product_brand?post=33352"},{"taxonomy":"product_cat","embeddable":true,"href":"https:\/\/chilimag.hu\/webshop\/wp-json\/wp\/v2\/product_cat?post=33352"},{"taxonomy":"product_tag","embeddable":true,"href":"https:\/\/chilimag.hu\/webshop\/wp-json\/wp\/v2\/product_tag?post=33352"}],"curies":[{"name":"wp","href":"https:\/\/api.w.org\/{rel}","templated":true}]}}