{"id":33344,"date":"2024-09-25T12:59:00","date_gmt":"2024-09-25T12:59:00","guid":{"rendered":"https:\/\/chilimag.hu\/webshop\/?post_type=product&#038;p=33344"},"modified":"2024-09-25T12:59:00","modified_gmt":"2024-09-25T12:59:00","slug":"szappantarto-kulteri-bs09","status":"publish","type":"product","link":"https:\/\/chilimag.hu\/webshop\/termek\/szappantarto-kulteri-bs09\/","title":{"rendered":"Szappantart\u00f3 k\u00fclt\u00e9ri BS09)"},"content":{"rendered":"","protected":false},"excerpt":{"rendered":"<p>\u00d6nt\u00f6ttvas szappantart\u00f3 antik barna sz\u00ednben.<\/p>\n<p>M\u00e9retei: magass\u00e1g: 14 cm, sz\u00e9less\u00e9g: 15 cm, m\u00e9lys\u00e9g: 11 cm<\/p>\n","protected":false},"featured_media":33345,"comment_status":"closed","ping_status":"closed","template":"","meta":[],"product_brand":[],"product_cat":[342],"product_tag":[],"class_list":{"0":"post-33344","1":"product","2":"type-product","3":"status-publish","4":"has-post-thumbnail","6":"product_cat-egyeb-kerti-termekek","8":"first","9":"instock","10":"taxable","11":"shipping-taxable","12":"purchasable","13":"product-type-simple"},"_links":{"self":[{"href":"https:\/\/chilimag.hu\/webshop\/wp-json\/wp\/v2\/product\/33344","targetHints":{"allow":["GET"]}}],"collection":[{"href":"https:\/\/chilimag.hu\/webshop\/wp-json\/wp\/v2\/product"}],"about":[{"href":"https:\/\/chilimag.hu\/webshop\/wp-json\/wp\/v2\/types\/product"}],"replies":[{"embeddable":true,"href":"https:\/\/chilimag.hu\/webshop\/wp-json\/wp\/v2\/comments?post=33344"}],"wp:featuredmedia":[{"embeddable":true,"href":"https:\/\/chilimag.hu\/webshop\/wp-json\/wp\/v2\/media\/33345"}],"wp:attachment":[{"href":"https:\/\/chilimag.hu\/webshop\/wp-json\/wp\/v2\/media?parent=33344"}],"wp:term":[{"taxonomy":"product_brand","embeddable":true,"href":"https:\/\/chilimag.hu\/webshop\/wp-json\/wp\/v2\/product_brand?post=33344"},{"taxonomy":"product_cat","embeddable":true,"href":"https:\/\/chilimag.hu\/webshop\/wp-json\/wp\/v2\/product_cat?post=33344"},{"taxonomy":"product_tag","embeddable":true,"href":"https:\/\/chilimag.hu\/webshop\/wp-json\/wp\/v2\/product_tag?post=33344"}],"curies":[{"name":"wp","href":"https:\/\/api.w.org\/{rel}","templated":true}]}}