{"id":3331,"date":"2016-12-04T16:26:12","date_gmt":"2016-12-04T16:26:12","guid":{"rendered":"https:\/\/chilimag.hu\/webshop\/?post_type=product&#038;p=3331"},"modified":"2026-02-08T17:10:46","modified_gmt":"2026-02-08T17:10:46","slug":"ecuadorian-purple","status":"publish","type":"product","link":"https:\/\/chilimag.hu\/webshop\/termek\/ecuadorian-purple\/","title":{"rendered":"Ecuadorian Purple"},"content":{"rendered":"","protected":false},"excerpt":{"rendered":"<div><img decoding=\"async\" src=\"https:\/\/chilimag.hu\/webshop\/wp-content\/uploads\/2014\/11\/chilimag-logo-2-150x150.jpg\" \/><\/div>\n<div><\/div>\n<div>\n<p>Le\u00edr\u00e1s<\/p>\n<p>Az Ecuador Purple Chili gy\u00f6ny\u00f6r\u0171 sz\u00ednj\u00e1t\u00e9k\u00e1t k\u00edn\u00e1lja az \u00e9r\u0151 gy\u00fcm\u00f6lcs\u00f6knek, amelyek el\u0151sz\u00f6r lil\u00e1k, majd s\u00e1rga, narancss\u00e1rga \u00e9s v\u00e9g\u00fcl pirosak. A fel\u00e1ll\u00f3 term\u00e9sek egyszerre vannak a n\u00f6v\u00e9nyen k\u00fcl\u00f6nb\u00f6z\u0151 \u00e9r\u00e9si szakaszokban, \u00e9s sz\u00ednesen vil\u00e1g\u00edtanak. A levelek is sz\u00e9p lila tarkaak. A n\u00f6v\u00e9nyek kicsire \u00e9s t\u00f6m\u00f6rre n\u0151nek, ez\u00e9rt ide\u00e1lisak cserepes kult\u00far\u00e1hoz. Igazi szemet gy\u00f6ny\u00f6rk\u00f6dtet\u0151 az erk\u00e9lyen vagy az ablakp\u00e1rk\u00e1nyon!<\/p>\n<p>Gondoz\u00e1sa: A cs\u00edr\u00e1z\u00e1si h\u0151m\u00e9rs\u00e9klet 22\u00b0C \u00e9s 28\u00b0C k\u00f6z\u00f6tt van (cs\u00edr\u00e1z\u00e1si id\u0151: 8-21 nap); ez\u00e9rt \u00fcvegh\u00e1z \u00e9s f\u0171t\u0151sz\u0151nyeg haszn\u00e1lata javasolt. A n\u00f6v\u00e9nyeknek friss, j\u00f3l tr\u00e1gy\u00e1zott, v\u00edz\u00e1tereszt\u0151 talajra van sz\u00fcks\u00e9g\u00fck, nem t\u0171rik a bevizesed\u00e9st. Napos, v\u00e9dett helyre kell \u00fcltetni, ahol legal\u00e1bb 6 \u00f3ra napf\u00e9ny \u2013 lehet\u0151leg t\u00f6bb. Tedd ki a n\u00f6v\u00e9nyeket kb. 2-3 h\u00e9ttel az utols\u00f3 fagy ut\u00e1n.<\/p>\n<p>Capsicum annuum t\u00edpus<br \/>\nF\u0171szerszint 6<br \/>\nScoville 5000 &#8211; 15000 SHU<br \/>\nOptim\u00e1lis cs\u00edr\u00e1z\u00e1si h\u0151m\u00e9rs\u00e9klet 22 &#8211; 28 \u00b0C<br \/>\nVet\u00e9s febr.-\u00e1pr<br \/>\nVir\u00e1gok feh\u00e9rek (m\u00e1jus-j\u00fanius)<br \/>\nN\u00f6veked\u00e9si szok\u00e1sa bokros, kb. 60-70 cm magas<br \/>\n\u00c9rlel\u00e9s a lil\u00e1t\u00f3l a s\u00e1rga narancson \u00e1t a v\u00f6r\u00f6sig<br \/>\nA gy\u00fcm\u00f6lcs megjelen\u00e9se f\u00fcgg\u0151leges, ov\u00e1lis, kb. 1,5 x 3 cm<br \/>\n\u00c9rlel\u00e9si id\u0151 60-70 nap<\/p>\n<p>A csomag 10 szem magot tartalmaz<\/p>\n<\/div>\n","protected":false},"featured_media":3314,"comment_status":"closed","ping_status":"closed","template":"","meta":[],"product_brand":[],"product_cat":[8],"product_tag":[],"class_list":{"0":"post-3331","1":"product","2":"type-product","3":"status-publish","4":"has-post-thumbnail","6":"product_cat-paprika","8":"first","9":"outofstock","10":"taxable","11":"shipping-taxable","12":"purchasable","13":"product-type-simple"},"_links":{"self":[{"href":"https:\/\/chilimag.hu\/webshop\/wp-json\/wp\/v2\/product\/3331","targetHints":{"allow":["GET"]}}],"collection":[{"href":"https:\/\/chilimag.hu\/webshop\/wp-json\/wp\/v2\/product"}],"about":[{"href":"https:\/\/chilimag.hu\/webshop\/wp-json\/wp\/v2\/types\/product"}],"replies":[{"embeddable":true,"href":"https:\/\/chilimag.hu\/webshop\/wp-json\/wp\/v2\/comments?post=3331"}],"wp:featuredmedia":[{"embeddable":true,"href":"https:\/\/chilimag.hu\/webshop\/wp-json\/wp\/v2\/media\/3314"}],"wp:attachment":[{"href":"https:\/\/chilimag.hu\/webshop\/wp-json\/wp\/v2\/media?parent=3331"}],"wp:term":[{"taxonomy":"product_brand","embeddable":true,"href":"https:\/\/chilimag.hu\/webshop\/wp-json\/wp\/v2\/product_brand?post=3331"},{"taxonomy":"product_cat","embeddable":true,"href":"https:\/\/chilimag.hu\/webshop\/wp-json\/wp\/v2\/product_cat?post=3331"},{"taxonomy":"product_tag","embeddable":true,"href":"https:\/\/chilimag.hu\/webshop\/wp-json\/wp\/v2\/product_tag?post=3331"}],"curies":[{"name":"wp","href":"https:\/\/api.w.org\/{rel}","templated":true}]}}