{"id":3330,"date":"2016-12-04T16:25:07","date_gmt":"2016-12-04T16:25:07","guid":{"rendered":"https:\/\/chilimag.hu\/webshop\/?post_type=product&#038;p=3330"},"modified":"2026-03-01T09:13:22","modified_gmt":"2026-03-01T09:13:22","slug":"pimenta-da-neyde","status":"publish","type":"product","link":"https:\/\/chilimag.hu\/webshop\/termek\/pimenta-da-neyde\/","title":{"rendered":"Pimenta De Neyde"},"content":{"rendered":"","protected":false},"excerpt":{"rendered":"<div><img decoding=\"async\" src=\"https:\/\/chilimag.hu\/webshop\/wp-content\/uploads\/2014\/11\/chilimag-logo-2-150x150.jpg\" \/><\/div>\n<div><\/div>\n<div>Le\u00edr\u00e1s<\/div>\n<div>\n<p>A pimenta de neyde chili a Capsicum chinense \u00e9s az annuum term\u00e9szetes hibridje, amely az els\u0151 felfedez\u0151 n\u0151r\u0151l, Neyde Hidalgor\u00f3l kapta a nev\u00e9t.<\/p>\n<p>A lila elsz\u00ednez\u0151d\u00e9s nemcsak mag\u00e1n a chilipaprik\u00e1n, hanem a lombozaton \u00e9s a vir\u00e1gokon is megfigyelhet\u0151. A legszokatlanabb ebben a n\u00f6v\u00e9nyben, hogy a chili m\u00e1r a kezdetekt\u0151l lila sz\u00edn\u0171; Az \u00e9retts\u00e9g egyetlen jele az enyhe v\u00f6r\u00f6ses csillog\u00e1s er\u0151s f\u00e9ny hat\u00e1s\u00e1ra, \u00e9s kiss\u00e9 l\u00e1gyabb \u00e9rz\u00e9s. Nagyon cs\u00edp\u0151s \u00edz\u00fck van, ami kiss\u00e9 a habanero gy\u00fcm\u00f6lcs\u00f6s h\u00e9j\u00e1ra eml\u00e9keztet. A cs\u00edp\u0151s h\u0151 hossz\u00fa ideig beindul, fokozatosan n\u00f6vekszik. Felhaszn\u00e1lhat\u00f3k (lila) sz\u00f3szok k\u00e9sz\u00edt\u00e9s\u00e9re vagy sz\u00e1r\u00edt\u00e1sra, \u00edgy s\u00f6t\u00e9t, majdnem fekete sz\u00edn\u0171 port kapunk.<\/p>\n<p>Gondoz\u00e1sa: A cs\u00edr\u00e1z\u00e1si h\u0151m\u00e9rs\u00e9klet 22\u00b0C \u00e9s 28\u00b0C k\u00f6z\u00f6tt van (cs\u00edr\u00e1z\u00e1si id\u0151: 9-21 nap); ez\u00e9rt \u00fcvegh\u00e1z \u00e9s f\u0171t\u0151sz\u0151nyeg haszn\u00e1lata javasolt. A n\u00f6v\u00e9nyeknek friss, j\u00f3l tr\u00e1gy\u00e1zott v\u00edz\u00e1tereszt\u0151 talajra van sz\u00fcks\u00e9g\u00fck, \u00e9s nem szabad \u00e1ll\u00f3v\u00edzben hagyni. Napos, v\u00e9dett helyre kell helyezni, ahol legal\u00e1bb napi 6 \u00f3ra napf\u00e9ny \u00e9ri, ha nem t\u00f6bb. A n\u00f6v\u00e9nyek kihelyez\u00e9s\u00e9nek legkor\u00e1bbi id\u0151pontja az utols\u00f3 fagy ut\u00e1n 2-3 h\u00e9t. Ha cser\u00e9pben termesztj\u00fck, t\u00e9len \u00e1t is gondozhatjuk \u0151ket. El\u0151fordulhat, hogy kiss\u00e9 vissza kell v\u00e1gni, \u00e9s vil\u00e1gos helyre kell tenni, ahol legal\u00e1bb 15\u00b0C h\u0151m\u00e9rs\u00e9klet\u0171.<\/p>\n<p>T\u00edpus Capsicum chinense (x annuum)<br \/>\nF\u0171szerszint 9-10<br \/>\nScoville 50 000 &#8211; 250 000 SHU<br \/>\nOptim\u00e1lis cs\u00edr\u00e1z\u00e1si h\u0151m\u00e9rs\u00e9klet 22 &#8211; 28 \u00b0C<br \/>\nVet\u00e9s febru\u00e1r-\u00e1prilis<br \/>\nLila vir\u00e1gok (m\u00e1jus-augusztus)<br \/>\nN\u00f6veked\u00e9si szok\u00e1s Lila levelek \u00e9s sz\u00e1r, nagy, sz\u00e9lesen elter\u00fcl\u0151, 100-180 cm magas<br \/>\n\u00c9r\u00e9si lila (\u00e9rett \u00e9s \u00e9retlen \u00e1llapotban egyar\u00e1nt)<br \/>\nGy\u00fcm\u00f6lcs megjelen\u00e9se Hossz\u00fak\u00e1s, ov\u00e1lis alak\u00fa, kb. 2 x 6 cm<br \/>\n\u00c9rlel\u00e9si id\u0151 90-100 nap<br \/>\nSz\u00e1rmaz\u00e1si hely Braz\u00edlia<\/p>\n<p>A csomag 10 szem magot tartalmaz<\/p>\n<\/div>\n","protected":false},"featured_media":3316,"comment_status":"closed","ping_status":"closed","template":"","meta":[],"product_brand":[],"product_cat":[8],"product_tag":[],"class_list":{"0":"post-3330","1":"product","2":"type-product","3":"status-publish","4":"has-post-thumbnail","6":"product_cat-paprika","8":"first","9":"instock","10":"taxable","11":"shipping-taxable","12":"purchasable","13":"product-type-simple"},"_links":{"self":[{"href":"https:\/\/chilimag.hu\/webshop\/wp-json\/wp\/v2\/product\/3330","targetHints":{"allow":["GET"]}}],"collection":[{"href":"https:\/\/chilimag.hu\/webshop\/wp-json\/wp\/v2\/product"}],"about":[{"href":"https:\/\/chilimag.hu\/webshop\/wp-json\/wp\/v2\/types\/product"}],"replies":[{"embeddable":true,"href":"https:\/\/chilimag.hu\/webshop\/wp-json\/wp\/v2\/comments?post=3330"}],"wp:featuredmedia":[{"embeddable":true,"href":"https:\/\/chilimag.hu\/webshop\/wp-json\/wp\/v2\/media\/3316"}],"wp:attachment":[{"href":"https:\/\/chilimag.hu\/webshop\/wp-json\/wp\/v2\/media?parent=3330"}],"wp:term":[{"taxonomy":"product_brand","embeddable":true,"href":"https:\/\/chilimag.hu\/webshop\/wp-json\/wp\/v2\/product_brand?post=3330"},{"taxonomy":"product_cat","embeddable":true,"href":"https:\/\/chilimag.hu\/webshop\/wp-json\/wp\/v2\/product_cat?post=3330"},{"taxonomy":"product_tag","embeddable":true,"href":"https:\/\/chilimag.hu\/webshop\/wp-json\/wp\/v2\/product_tag?post=3330"}],"curies":[{"name":"wp","href":"https:\/\/api.w.org\/{rel}","templated":true}]}}