{"id":332,"date":"2014-11-10T09:18:02","date_gmt":"2014-11-10T09:18:02","guid":{"rendered":"https:\/\/chilimag.hu\/webshop\/?post_type=product&#038;p=332"},"modified":"2026-03-19T03:53:00","modified_gmt":"2026-03-19T03:53:00","slug":"shishito","status":"publish","type":"product","link":"https:\/\/chilimag.hu\/webshop\/termek\/shishito\/","title":{"rendered":"Shishito Chili B-S"},"content":{"rendered":"","protected":false},"excerpt":{"rendered":"<div id=\"productDescription\" class=\"content\">\n<p><img decoding=\"async\" src=\"https:\/\/chilimag.hu\/webshop\/wp-content\/uploads\/2014\/11\/chilimag-logo-2-150x150.jpg\" \/><\/p>\n<p>&nbsp;<\/p>\n<p>Le\u00edr\u00e1s<\/p>\n<p>A Shishito Chili Jap\u00e1nb\u00f3l sz\u00e1rmazik, ahol a neve &#8222;oroszl\u00e1nfejet&#8221; jelent a chili szokatlan form\u00e1j\u00fa hegyeinek megjelen\u00e9se miatt. A n\u00f6v\u00e9nyek bokrosak, ak\u00e1r 1 m\u00e9teresre is megn\u0151hetnek. Gy\u00fcm\u00f6lcse enyhe, kellemes, enyh\u00e9n \u00e9desk\u00e9s \u00edz\u0171, z\u00f6ldt\u0151l pirosig \u00e9rik. A piros gy\u00fcm\u00f6lcs\u00f6k l\u00e9nyegesen f\u0171szeresebbek, mint a z\u00f6ldek. Jap\u00e1nban hagyom\u00e1nyosan betakar\u00edtj\u00e1k \u00e9s z\u00f6lden haszn\u00e1lj\u00e1k. \u00c1ltal\u00e1ban forr\u00f3n s\u00fctik \u00e9s tengeri s\u00f3val t\u00e1lalj\u00e1k, a v\u00e9kony b\u0151r\u00f6n h\u00f3lyagok keletkeznek. Friss fogyaszt\u00e1sra, f\u0151z\u00e9shez \u00e9s t\u00f6ltel\u00e9khez is alkalmasak.<\/p>\n<p>Gondoz\u00e1sa: A cs\u00edr\u00e1z\u00e1si h\u0151m\u00e9rs\u00e9klet 20 \u00e9s 28\u00b0C k\u00f6z\u00f6tt van (8-21 napos cs\u00edr\u00e1z\u00e1si peri\u00f3dus), ez\u00e9rt egyeztet\u0151h\u00e1z \u00e9s f\u0171t\u0151sz\u0151nyeg haszn\u00e1lata javasolt. A n\u00f6v\u00e9nyeknek friss, j\u00f3l tr\u00e1gy\u00e1zott, v\u00edz\u00e1tereszt\u0151 talajra van sz\u00fcks\u00e9g\u00fck, nem t\u0171rik a bevizesed\u00e9st. Napos, v\u00e9dett helyre kell \u00fcltetni, ahol legal\u00e1bb 6 \u00f3ra napf\u00e9ny \u2013 lehet\u0151leg t\u00f6bb. Tedd ki a n\u00f6v\u00e9nyeket kb. 2-3 h\u00e9ttel az utols\u00f3 fagy ut\u00e1n.<\/p>\n<p>Capsicum annuum t\u00edpus<br \/>\nF\u0171szeress\u00e9gi fokozat 3-4<br \/>\nScoville 1000 &#8211; 2500 SHU<br \/>\noptim\u00e1lis cs\u00edr\u00e1z\u00e1si h\u0151m\u00e9rs\u00e9klet 20 &#8211; 28 \u00b0C<br \/>\nVet\u00e9s febru\u00e1r &#8211; \u00e1pr.<br \/>\nVir\u00e1gok feh\u00e9rek (m\u00e1jus-j\u00falius)<br \/>\nN\u00f6v\u00e9nyn\u00f6veked\u00e9si szok\u00e1s bokros, kb. 85 cm magas<br \/>\nZ\u00f6ldr\u0151l pirosra \u00e9rik<br \/>\nGy\u00fcm\u00f6lcs megjelen\u00e9se hossz\u00fa, bord\u00e1zott, kb. 3 x 12 cm<br \/>\n\u00c9r\u00e9si id\u0151 80 nap<br \/>\nSz\u00e1rmaz\u00e1sa Jap\u00e1n<\/p>\n<p>A csomag 10 szem magot tartalmaz<\/p>\n<\/div>\n","protected":false},"featured_media":333,"comment_status":"open","ping_status":"closed","template":"","meta":[],"product_brand":[],"product_cat":[8],"product_tag":[],"class_list":{"0":"post-332","1":"product","2":"type-product","3":"status-publish","4":"has-post-thumbnail","6":"product_cat-paprika","8":"first","9":"instock","10":"taxable","11":"shipping-taxable","12":"purchasable","13":"product-type-simple"},"_links":{"self":[{"href":"https:\/\/chilimag.hu\/webshop\/wp-json\/wp\/v2\/product\/332","targetHints":{"allow":["GET"]}}],"collection":[{"href":"https:\/\/chilimag.hu\/webshop\/wp-json\/wp\/v2\/product"}],"about":[{"href":"https:\/\/chilimag.hu\/webshop\/wp-json\/wp\/v2\/types\/product"}],"replies":[{"embeddable":true,"href":"https:\/\/chilimag.hu\/webshop\/wp-json\/wp\/v2\/comments?post=332"}],"wp:featuredmedia":[{"embeddable":true,"href":"https:\/\/chilimag.hu\/webshop\/wp-json\/wp\/v2\/media\/333"}],"wp:attachment":[{"href":"https:\/\/chilimag.hu\/webshop\/wp-json\/wp\/v2\/media?parent=332"}],"wp:term":[{"taxonomy":"product_brand","embeddable":true,"href":"https:\/\/chilimag.hu\/webshop\/wp-json\/wp\/v2\/product_brand?post=332"},{"taxonomy":"product_cat","embeddable":true,"href":"https:\/\/chilimag.hu\/webshop\/wp-json\/wp\/v2\/product_cat?post=332"},{"taxonomy":"product_tag","embeddable":true,"href":"https:\/\/chilimag.hu\/webshop\/wp-json\/wp\/v2\/product_tag?post=332"}],"curies":[{"name":"wp","href":"https:\/\/api.w.org\/{rel}","templated":true}]}}