{"id":33154,"date":"2024-08-11T18:56:20","date_gmt":"2024-08-11T18:56:20","guid":{"rendered":"https:\/\/chilimag.hu\/webshop\/?post_type=product&#038;p=33154"},"modified":"2026-04-08T06:00:37","modified_gmt":"2026-04-08T06:00:37","slug":"salataborso-50-g-csiraztatasra-rk","status":"publish","type":"product","link":"https:\/\/chilimag.hu\/webshop\/termek\/salataborso-50-g-csiraztatasra-rk\/","title":{"rendered":"Sal\u00e1tabors\u00f3 50 g cs\u00edr\u00e1ztat\u00e1sra RK"},"content":{"rendered":"","protected":false},"excerpt":{"rendered":"<h3><img decoding=\"async\" class=\"sFlh5c FyHeAf iPVvYb\" src=\"https:\/\/www.kertimag.com\/pic\/km-logo168100.png\" alt=\"R\u00c9DEI Kertimag Vet\u0151magkereskedelmi Zrt.\" width=\"151\" height=\"90\" \/><\/h3>\n<h3>Term\u00e9kle\u00edr\u00e1s<\/h3>\n<p>Cs\u00edr\u00e1ztat\u00e1sra val\u00f3 vet\u0151bors\u00f3.<\/p>\n<div class=\"Y3BBE\" data-processed=\"true\" data-complete=\"true\" data-hveid=\"CAIQAA\" data-sfc-cb=\"\" data-sfc-root=\"c\" data-sfc-cp=\"\">\n<div data-processed=\"true\" data-complete=\"true\" data-sfc-cb=\"\" data-sfc-root=\"c\" data-subtree=\"aimfl\">A cs\u00edr\u00e1ztatott bors\u00f3 (vagy bors\u00f3hajt\u00e1s) egy rendk\u00edv\u00fcl t\u00e1panyagd\u00fas \u00e9lelmiszer, amely a cs\u00edr\u00e1z\u00e1s sor\u00e1n felszabadul\u00f3 enzimeknek k\u00f6sz\u00f6nhet\u0151en sokkal k\u00f6nnyebben em\u00e9szthet\u0151, mint a sz\u00e1raz bors\u00f3. \u00cdze friss, \u00e9desk\u00e9s, legink\u00e1bb a zsenge z\u00f6ldbors\u00f3ra eml\u00e9keztet.<\/div>\n<div data-processed=\"true\" data-complete=\"true\" data-sfc-cb=\"\" data-sfc-root=\"c\" data-subtree=\"aimfl\">A bors\u00f3cs\u00edra \u00e9s a mikroz\u00f6ld (bors\u00f3hajt\u00e1s) f\u0151bb j\u00f3t\u00e9kony hat\u00e1sai:<\/div>\n<div data-processed=\"true\" data-complete=\"true\" data-sfc-cb=\"\" data-sfc-root=\"c\" data-subtree=\"aimfl\">\n<div class=\"Y3BBE\" data-processed=\"true\" data-complete=\"true\" data-hveid=\"CAUQAA\" data-sfc-cb=\"\" data-sfc-root=\"c\" data-sfc-cp=\"\">A cs\u00edr\u00e1z\u00e1s sor\u00e1n a magban t\u00e1rolt t\u00e1panyagok biol\u00f3giai hozz\u00e1f\u00e9rhet\u0151s\u00e9ge jelent\u0151sen megn\u0151.<\/div>\n<div class=\"Y3BBE\" data-processed=\"true\" data-complete=\"true\" data-hveid=\"CAUQAA\" data-sfc-cb=\"\" data-sfc-root=\"c\" data-sfc-cp=\"\"><span class=\"T286Pc\" data-complete=\"true\" data-sfc-cb=\"\" data-sfc-root=\"c\" data-sfc-cp=\"\"><strong class=\"Yjhzub\" data-complete=\"true\" data-sfc-cb=\"\" data-sfc-root=\"c\">Vitaminok:<\/strong> Gazdag A-, C-, E- \u00e9s K-vitaminban, valamint B-vitamin-komplexben.<\/span><\/div>\n<p><span class=\"T286Pc\" data-complete=\"true\" data-sfc-cb=\"\" data-sfc-root=\"c\" data-sfc-cp=\"\"><strong class=\"Yjhzub\" data-complete=\"true\" data-sfc-cb=\"\" data-sfc-root=\"c\">\u00c1sv\u00e1nyi anyagok:<\/strong> Jelent\u0151s forr\u00e1sa a vasnak, foszfornak, magn\u00e9ziumnak \u00e9s k\u00e1liumnak.<\/span><\/p>\n<p><span class=\"T286Pc\" data-complete=\"true\" data-sfc-cb=\"\" data-sfc-root=\"c\" data-sfc-cp=\"\"><strong class=\"Yjhzub\" data-complete=\"true\" data-sfc-cb=\"\" data-sfc-root=\"c\">Feh\u00e9rje:<\/strong> Magas n\u00f6v\u00e9nyi feh\u00e9rjetartalma van, amely a cs\u00edr\u00e1z\u00e1s alatt aminosavakra bomlik, \u00edgy a szervezet hat\u00e9konyabban tudja be\u00e9p\u00edteni<\/span><\/p>\n<div class=\"otQkpb\" role=\"heading\" data-sae=\"\" data-processed=\"true\" data-complete=\"true\" data-sfc-cb=\"\" data-sfc-root=\"c\" data-sfc-cp=\"\" data-animation-nesting=\"\" aria-level=\"3\">Eg\u00e9szs\u00e9g\u00fcgyi el\u0151ny\u00f6k:<\/div>\n<div class=\"otQkpb\" role=\"heading\" data-sae=\"\" data-processed=\"true\" data-complete=\"true\" data-sfc-cb=\"\" data-sfc-root=\"c\" data-sfc-cp=\"\" data-animation-nesting=\"\" aria-level=\"3\"><span class=\"T286Pc\" data-complete=\"true\" data-sfc-cb=\"\" data-sfc-root=\"c\" data-sfc-cp=\"\"><strong class=\"Yjhzub\" data-complete=\"true\" data-sfc-cb=\"\" data-sfc-root=\"c\">K\u00f6nny\u0171 em\u00e9szthet\u0151s\u00e9g:<\/strong> A cs\u00edr\u00e1ztat\u00e1s lebontja a h\u00fcvelyesekben tal\u00e1lhat\u00f3, puffad\u00e1st okoz\u00f3 sz\u00e9nhidr\u00e1tokat (p\u00e9ld\u00e1ul a fitinsavat), \u00edgy nem okoz b\u00e9lg\u00e1zosod\u00e1st.<\/span><\/div>\n<ul class=\"KsbFXc U6u95\" data-processed=\"true\" data-complete=\"true\" data-sfc-cb=\"\" data-sfc-root=\"c\">\n<li class=\"dF3vjf\" data-sae=\"\" data-complete=\"true\" data-hveid=\"CAkQAQ\" data-sfc-cb=\"\" data-sfc-root=\"c\"><span class=\"T286Pc\" data-complete=\"true\" data-sfc-cb=\"\" data-sfc-root=\"c\" data-sfc-cp=\"\"><strong class=\"Yjhzub\" data-complete=\"true\" data-sfc-cb=\"\" data-sfc-root=\"c\">Antioxid\u00e1ns hat\u00e1s:<\/strong> Seg\u00edt a szabadgy\u00f6k\u00f6k megk\u00f6t\u00e9s\u00e9ben, lass\u00edtja az \u00f6reged\u00e9si folyamatokat \u00e9s t\u00e1mogatja a sejtek regener\u00e1l\u00f3d\u00e1s\u00e1t.<\/span><\/li>\n<li class=\"dF3vjf\" data-sae=\"\" data-complete=\"true\" data-hveid=\"CAkQAg\" data-sfc-cb=\"\" data-sfc-root=\"c\"><span class=\"T286Pc\" data-complete=\"true\" data-sfc-cb=\"\" data-sfc-root=\"c\" data-sfc-cp=\"\"><strong class=\"Yjhzub\" data-complete=\"true\" data-sfc-cb=\"\" data-sfc-root=\"c\">V\u00e9rcukorszint szab\u00e1lyoz\u00e1s:<\/strong> Alacsony glik\u00e9mi\u00e1s index\u0171, seg\u00edthet a v\u00e9rcukorszint stabiliz\u00e1l\u00e1s\u00e1ban.<\/span><\/li>\n<li class=\"dF3vjf\" data-sae=\"\" data-complete=\"true\" data-hveid=\"CAkQAw\" data-sfc-cb=\"\" data-sfc-root=\"c\"><span class=\"T286Pc\" data-complete=\"true\" data-sfc-cb=\"\" data-sfc-root=\"c\" data-sfc-cp=\"\"><strong class=\"Yjhzub\" data-complete=\"true\" data-sfc-cb=\"\" data-sfc-root=\"c\">V\u00e9rk\u00e9pz\u00e9s:<\/strong> Magas vastartalma miatt el\u0151ny\u00f6s v\u00e9rszeg\u00e9nys\u00e9g eset\u00e9n vagy vashi\u00e1nyos \u00e1llapotok megel\u0151z\u00e9s\u00e9re.<\/span><\/li>\n<li class=\"dF3vjf\" data-sae=\"\" data-complete=\"true\" data-hveid=\"CAkQBA\" data-sfc-cb=\"\" data-sfc-root=\"c\"><span class=\"T286Pc\" aria-owns=\"action-menu-parent-container\" data-complete=\"true\" data-sfc-cb=\"\" data-sfc-root=\"c\" data-sfc-cp=\"\"><strong class=\"Yjhzub\" data-complete=\"true\" data-sfc-cb=\"\" data-sfc-root=\"c\">Immuner\u0151s\u00edt\u00e9s:<\/strong> Magas C-vitamin tartalma r\u00e9v\u00e9n t\u00e1mogatja a szervezet v\u00e9dekez\u0151k\u00e9pess\u00e9g\u00e9t.<\/span><\/li>\n<\/ul>\n<p><span class=\"T286Pc\" aria-owns=\"action-menu-parent-container\" data-complete=\"true\" data-sfc-cb=\"\" data-sfc-root=\"c\" data-sfc-cp=\"\">Felhaszn\u00e1l\u00e1si javaslatok:\u00a0<\/span><\/p>\n<div class=\"Y3BBE\" data-processed=\"true\" data-complete=\"true\" data-hveid=\"CAwQAA\" data-sfc-cb=\"\" data-sfc-root=\"c\" data-sfc-cp=\"\">A bors\u00f3cs\u00edr\u00e1t \u00e9s a hajt\u00e1sokat \u00e9rdemes\u00a0<strong class=\"Yjhzub\" data-processed=\"true\" data-complete=\"true\" data-sfc-cb=\"\" data-sfc-root=\"c\">nyersen<\/strong> fogyasztani, hogy a h\u0151re \u00e9rz\u00e9keny vitaminok ne k\u00e1rosodjanak.<\/div>\n<div class=\"Y3BBE\" data-processed=\"true\" data-complete=\"true\" data-hveid=\"CAwQAA\" data-sfc-cb=\"\" data-sfc-root=\"c\" data-sfc-cp=\"\"><span class=\"T286Pc\" data-complete=\"true\" data-sfc-cb=\"\" data-sfc-root=\"c\" data-sfc-cp=\"\"><strong class=\"Yjhzub\" data-complete=\"true\" data-sfc-cb=\"\" data-sfc-root=\"c\">Szendvicsekbe<\/strong> vagy wrap-ekbe t\u00e9ve.<\/span><\/div>\n<ul class=\"KsbFXc U6u95\" data-processed=\"true\" data-complete=\"true\" data-sfc-cb=\"\" data-sfc-root=\"c\">\n<li class=\"dF3vjf\" data-sae=\"\" data-complete=\"true\" data-hveid=\"CA0QAQ\" data-sfc-cb=\"\" data-sfc-root=\"c\"><span class=\"T286Pc\" data-complete=\"true\" data-sfc-cb=\"\" data-sfc-root=\"c\" data-sfc-cp=\"\"><strong class=\"Yjhzub\" data-complete=\"true\" data-sfc-cb=\"\" data-sfc-root=\"c\">Sal\u00e1t\u00e1k<\/strong> alapanyagak\u00e9nt vagy d\u00edsz\u00edt\u00e9sek\u00e9nt.<\/span><\/li>\n<li class=\"dF3vjf\" data-sae=\"\" data-complete=\"true\" data-hveid=\"CA0QAg\" data-sfc-cb=\"\" data-sfc-root=\"c\"><span class=\"T286Pc\" data-complete=\"true\" data-sfc-cb=\"\" data-sfc-root=\"c\" data-sfc-cp=\"\"><strong class=\"Yjhzub\" data-complete=\"true\" data-sfc-cb=\"\" data-sfc-root=\"c\">Smoothie-kba<\/strong> keverve extra vitaminbombak\u00e9nt<\/span><\/li>\n<li class=\"dF3vjf\" data-sae=\"\" data-complete=\"true\" data-hveid=\"CA0QAg\" data-sfc-cb=\"\" data-sfc-root=\"c\"><span class=\"T286Pc\" data-complete=\"true\" data-sfc-cb=\"\" data-sfc-root=\"c\" data-sfc-cp=\"\"><strong class=\"Yjhzub\" data-processed=\"true\" data-sfc-cb=\"\" data-sfc-root=\"c\">K\u00f6retek<\/strong> (p\u00e9ld\u00e1ul rizses \u00e9telek) tetej\u00e9re sz\u00f3rva t\u00e1lal\u00e1skor.<\/span>\n<div class=\"otQkpb\" role=\"heading\" data-processed=\"true\" data-sfc-cb=\"\" data-sfc-root=\"c\" data-sfc-cp=\"\" data-animation-nesting=\"\" aria-level=\"3\">Fontos tan\u00e1csok a cs\u00edr\u00e1ztat\u00e1shoz.<\/div>\n<\/li>\n<li class=\"dF3vjf\" data-sae=\"\" data-complete=\"true\" data-hveid=\"CA0QAg\" data-sfc-cb=\"\" data-sfc-root=\"c\">\n<div class=\"otQkpb\" role=\"heading\" data-processed=\"true\" data-sfc-cb=\"\" data-sfc-root=\"c\" data-sfc-cp=\"\" data-animation-nesting=\"\" aria-level=\"3\"><span class=\"T286Pc\" data-processed=\"true\" data-sfc-cb=\"\" data-sfc-root=\"c\" data-sfc-cp=\"\"><strong class=\"Yjhzub\" data-processed=\"true\" data-sfc-cb=\"\" data-sfc-root=\"c\">Csak cs\u00edr\u00e1ztat\u00e1sra sz\u00e1nt magot haszn\u00e1ljon:<\/strong> A vet\u0151magboltokban kaphat\u00f3, termeszt\u00e9sre sz\u00e1nt bors\u00f3t gyakran vegyszerekkel (cs\u00e1v\u00e1z\u00f3szerekkel) kezelik, amelyek m\u00e9rgez\u0151ek. <\/span><\/div>\n<ul class=\"KsbFXc U6u95\" data-processed=\"true\" data-sfc-cb=\"\" data-sfc-root=\"c\">\n<li class=\"dF3vjf\" data-processed=\"true\" data-hveid=\"CA8QAA\" data-sfc-cb=\"\" data-sfc-root=\"c\">\n<ul class=\"KsbFXc U6u95\" data-processed=\"true\" data-sfc-cb=\"\" data-sfc-root=\"c\">\n<li class=\"dF3vjf\" data-processed=\"true\" data-hveid=\"CA8QAA\" data-sfc-cb=\"\" data-sfc-root=\"c\"><span class=\"T286Pc\" data-processed=\"true\" data-sfc-cb=\"\" data-sfc-root=\"c\" data-sfc-cp=\"\">Mindig keressen bio vagy kifejezetten \u00e9tkez\u00e9si cs\u00edr\u00e1ztat\u00e1sra jel\u00f6lt magokat.<\/span><\/li>\n<li class=\"dF3vjf\" data-processed=\"true\" data-hveid=\"CA8QAQ\" data-sfc-cb=\"\" data-sfc-root=\"c\"><span class=\"T286Pc\" aria-owns=\"action-menu-parent-container\" data-processed=\"true\" data-sfc-cb=\"\" data-sfc-root=\"c\" data-sfc-cp=\"\"><strong class=\"Yjhzub\" data-processed=\"true\" data-sfc-cb=\"\" data-sfc-root=\"c\">Higi\u00e9nia:<\/strong> A cs\u00edr\u00e1ztat\u00f3 ed\u00e9nyt naponta t\u00f6bbsz\u00f6r alaposan \u00f6bl\u00edtse \u00e1t friss v\u00edzzel, hogy elker\u00fclje a pen\u00e9szed\u00e9st vagy a bakt\u00e9riumok elszaporod\u00e1s\u00e1t.<\/span><\/li>\n<\/ul>\n<\/li>\n<\/ul>\n<\/li>\n<\/ul>\n<\/div>\n<\/div>\n","protected":false},"featured_media":33155,"comment_status":"closed","ping_status":"closed","template":"","meta":[],"product_brand":[],"product_cat":[427,431],"product_tag":[],"class_list":{"0":"post-33154","1":"product","2":"type-product","3":"status-publish","4":"has-post-thumbnail","6":"product_cat-huvelyesek-vetomagok-redei-kertimag","7":"product_cat-salata-retek-es-leveles-zoldsegek","9":"first","10":"instock","11":"taxable","12":"shipping-taxable","13":"purchasable","14":"product-type-simple"},"_links":{"self":[{"href":"https:\/\/chilimag.hu\/webshop\/wp-json\/wp\/v2\/product\/33154","targetHints":{"allow":["GET"]}}],"collection":[{"href":"https:\/\/chilimag.hu\/webshop\/wp-json\/wp\/v2\/product"}],"about":[{"href":"https:\/\/chilimag.hu\/webshop\/wp-json\/wp\/v2\/types\/product"}],"replies":[{"embeddable":true,"href":"https:\/\/chilimag.hu\/webshop\/wp-json\/wp\/v2\/comments?post=33154"}],"wp:featuredmedia":[{"embeddable":true,"href":"https:\/\/chilimag.hu\/webshop\/wp-json\/wp\/v2\/media\/33155"}],"wp:attachment":[{"href":"https:\/\/chilimag.hu\/webshop\/wp-json\/wp\/v2\/media?parent=33154"}],"wp:term":[{"taxonomy":"product_brand","embeddable":true,"href":"https:\/\/chilimag.hu\/webshop\/wp-json\/wp\/v2\/product_brand?post=33154"},{"taxonomy":"product_cat","embeddable":true,"href":"https:\/\/chilimag.hu\/webshop\/wp-json\/wp\/v2\/product_cat?post=33154"},{"taxonomy":"product_tag","embeddable":true,"href":"https:\/\/chilimag.hu\/webshop\/wp-json\/wp\/v2\/product_tag?post=33154"}],"curies":[{"name":"wp","href":"https:\/\/api.w.org\/{rel}","templated":true}]}}