{"id":33148,"date":"2024-08-11T18:32:50","date_gmt":"2024-08-11T18:32:50","guid":{"rendered":"https:\/\/chilimag.hu\/webshop\/?post_type=product&#038;p=33148"},"modified":"2026-03-11T18:36:40","modified_gmt":"2026-03-11T18:36:40","slug":"paradicsom-tomfall-rk","status":"publish","type":"product","link":"https:\/\/chilimag.hu\/webshop\/termek\/paradicsom-tomfall-rk\/","title":{"rendered":"Paradicsom Tomfall RK"},"content":{"rendered":"","protected":false},"excerpt":{"rendered":"<p><img decoding=\"async\" class=\"kep\" src=\"https:\/\/www.kertimag.com\/pic\/km-logo168100.png\" alt=\"Kertimag\" \/><\/p>\n<p>Korai, bokor n\u00f6veked\u00e9s\u0171 kokt\u00e9lparadicsom. Cs\u00fcng\u0151 habitusa miatt j\u00f3l mutat d\u00e9zs\u00e1ba, kasp\u00f3ba \u00fcltetve. A term\u00e9se piros, g\u00f6mb\u00f6ly\u0171 finom \u00e9des \u00edz\u0171. \u00c1tlagt\u00f6mege 10-15 g. Egy n\u00f6v\u00e9nyen t\u00f6bb mint 300 bogy\u00f3 terem. Betegs\u00e9gre nem fog\u00e9kony, \u00e9r\u00e9skor nem hajlamos a reped\u00e9sre. Egy d\u00e9zs\u00e1ban 2-3 n\u00f6v\u00e9nyt nevelj\u00fcnk. Tipp: mindig szobah\u0151m\u00e9rs\u00e9klet\u0171 v\u00edzzel \u00f6nt\u00f6zz\u00fck \u00e9s \u00fagy, hogy a levele ne kapjon vizet.<\/p>\n","protected":false},"featured_media":33149,"comment_status":"closed","ping_status":"closed","template":"","meta":[],"product_brand":[],"product_cat":[430],"product_tag":[],"class_list":{"0":"post-33148","1":"product","2":"type-product","3":"status-publish","4":"has-post-thumbnail","6":"product_cat-paradicsom-vetomagok-redei-kertimag","8":"first","9":"instock","10":"taxable","11":"shipping-taxable","12":"purchasable","13":"product-type-simple"},"_links":{"self":[{"href":"https:\/\/chilimag.hu\/webshop\/wp-json\/wp\/v2\/product\/33148","targetHints":{"allow":["GET"]}}],"collection":[{"href":"https:\/\/chilimag.hu\/webshop\/wp-json\/wp\/v2\/product"}],"about":[{"href":"https:\/\/chilimag.hu\/webshop\/wp-json\/wp\/v2\/types\/product"}],"replies":[{"embeddable":true,"href":"https:\/\/chilimag.hu\/webshop\/wp-json\/wp\/v2\/comments?post=33148"}],"wp:featuredmedia":[{"embeddable":true,"href":"https:\/\/chilimag.hu\/webshop\/wp-json\/wp\/v2\/media\/33149"}],"wp:attachment":[{"href":"https:\/\/chilimag.hu\/webshop\/wp-json\/wp\/v2\/media?parent=33148"}],"wp:term":[{"taxonomy":"product_brand","embeddable":true,"href":"https:\/\/chilimag.hu\/webshop\/wp-json\/wp\/v2\/product_brand?post=33148"},{"taxonomy":"product_cat","embeddable":true,"href":"https:\/\/chilimag.hu\/webshop\/wp-json\/wp\/v2\/product_cat?post=33148"},{"taxonomy":"product_tag","embeddable":true,"href":"https:\/\/chilimag.hu\/webshop\/wp-json\/wp\/v2\/product_tag?post=33148"}],"curies":[{"name":"wp","href":"https:\/\/api.w.org\/{rel}","templated":true}]}}