{"id":33138,"date":"2024-08-10T18:18:36","date_gmt":"2024-08-10T18:18:36","guid":{"rendered":"https:\/\/chilimag.hu\/webshop\/?post_type=product&#038;p=33138"},"modified":"2026-05-12T14:01:10","modified_gmt":"2026-05-12T14:01:10","slug":"hajdina-bz-h","status":"publish","type":"product","link":"https:\/\/chilimag.hu\/webshop\/termek\/hajdina-bz-h\/","title":{"rendered":"Hajdina Bz H"},"content":{"rendered":"","protected":false},"excerpt":{"rendered":"<p><img decoding=\"async\" class=\"img-responsive\" title=\"Buzzy Seeds\" src=\"https:\/\/tuinplus.nl\/Documents\/Images\/Banners\/Buzzy_Roll_Over.jpg\" alt=\"Buzzy Seeds\" \/><\/p>\n<p>Botanikai n\u00e9v:\u00a0<span class=\"value\">Fagopyrum esculentum<\/span><\/p>\n<p>A hajdina f\u00e9nyes feh\u00e9r vir\u00e1gokkal vir\u00e1gzik, amelyek sok m\u00e9het \u00e9s pillang\u00f3t vonzanak. A hajdina kiv\u00e1l\u00f3, gyorsan n\u00f6v\u0151 z\u00f6ldtr\u00e1gya, mert megk\u00f6ti a nitrog\u00e9nt a talajban. A term\u00e9s betakar\u00edt\u00e1sa ut\u00e1n hajdin\u00e1t vetnek, hogy a talajt elfoglalj\u00e1k. A szezon v\u00e9g\u00e9n a hajdin\u00e1t al\u00e1\u00e1ss\u00e1k, \u00e9s szerves anyagokat adnak a talajhoz. A n\u00f6v\u00e9nyek \u00e9s a magvak sem t\u00e9l\u00e1ll\u00f3ak.<br \/>\nTartalom: 150g 30 m\u00b2-re alkalmas<\/p>\n<p>Mi\u00e9rt hajdina?<br \/>\n\u2022 Rossz homok- \u00e9s t\u0151zeges talaj<br \/>\n\u2022 Nagyon alkalmas m\u00e9hek \u00e9s lepk\u00e9k sz\u00e1m\u00e1ra<\/p>\n<p>A term\u00e9k jellemz\u0151i<\/p>\n<p>Id\u0151szakok<br \/>\nM\u00e1just\u00f3l szabadf\u00f6ldi vet\u00e9sid\u0151<br \/>\nSzabadt\u00e9ri vet\u00e9sid\u0151 j\u00faliusig<br \/>\nJ\u00fanius vir\u00e1gz\u00e1si ideje<br \/>\nVir\u00e1gz\u00e1si id\u0151 szeptemberig<\/p>\n<p>A vet\u0151mag jellemz\u0151i<br \/>\nMagok grammonk\u00e9nt 40<\/p>\n<p>A csomag 150 gr magot tartalmaz<\/p>\n<p>&nbsp;<\/p>\n","protected":false},"featured_media":33139,"comment_status":"closed","ping_status":"closed","template":"","meta":[],"product_brand":[],"product_cat":[471],"product_tag":[],"class_list":{"0":"post-33138","1":"product","2":"type-product","3":"status-publish","4":"has-post-thumbnail","6":"product_cat-fu-es-mezogazdasagi-vetomagok","8":"first","9":"instock","10":"taxable","11":"shipping-taxable","12":"purchasable","13":"product-type-simple"},"_links":{"self":[{"href":"https:\/\/chilimag.hu\/webshop\/wp-json\/wp\/v2\/product\/33138","targetHints":{"allow":["GET"]}}],"collection":[{"href":"https:\/\/chilimag.hu\/webshop\/wp-json\/wp\/v2\/product"}],"about":[{"href":"https:\/\/chilimag.hu\/webshop\/wp-json\/wp\/v2\/types\/product"}],"replies":[{"embeddable":true,"href":"https:\/\/chilimag.hu\/webshop\/wp-json\/wp\/v2\/comments?post=33138"}],"wp:featuredmedia":[{"embeddable":true,"href":"https:\/\/chilimag.hu\/webshop\/wp-json\/wp\/v2\/media\/33139"}],"wp:attachment":[{"href":"https:\/\/chilimag.hu\/webshop\/wp-json\/wp\/v2\/media?parent=33138"}],"wp:term":[{"taxonomy":"product_brand","embeddable":true,"href":"https:\/\/chilimag.hu\/webshop\/wp-json\/wp\/v2\/product_brand?post=33138"},{"taxonomy":"product_cat","embeddable":true,"href":"https:\/\/chilimag.hu\/webshop\/wp-json\/wp\/v2\/product_cat?post=33138"},{"taxonomy":"product_tag","embeddable":true,"href":"https:\/\/chilimag.hu\/webshop\/wp-json\/wp\/v2\/product_tag?post=33138"}],"curies":[{"name":"wp","href":"https:\/\/api.w.org\/{rel}","templated":true}]}}