{"id":33130,"date":"2024-08-10T18:02:30","date_gmt":"2024-08-10T18:02:30","guid":{"rendered":"https:\/\/chilimag.hu\/webshop\/?post_type=product&#038;p=33130"},"modified":"2025-09-01T15:59:10","modified_gmt":"2025-09-01T15:59:10","slug":"csokalabu-utifu-franchi-h","status":"publish","type":"product","link":"https:\/\/chilimag.hu\/webshop\/termek\/csokalabu-utifu-franchi-h\/","title":{"rendered":"Cs\u00f3kal\u00e1b\u00fa \u00fatif\u0171 Franchi H"},"content":{"rendered":"","protected":false},"excerpt":{"rendered":"<p><img decoding=\"async\" class=\"image\" title=\"FRANCHI SEMENTI\" src=\"https:\/\/shop.viridea.it\/media\/amasty\/shopby\/option_images\/franchi-sementi-logo_1.jpg\" alt=\"Franchi Sementi\" \/><\/p>\n<p>Botanikai n\u00e9v:<span class=\"value\">Plantago coronopus L<\/span><\/p>\n<p>K\u00f6nnyen termeszthet\u0151 n\u00f6v\u00e9ny. A z\u00f6ld leveleket sal\u00e1t\u00e1khoz haszn\u00e1lhatod.<br \/>\nVet\u00e9s: m\u00e1rciust\u00f3l j\u00faniusig<br \/>\nBetakar\u00edt\u00e1s: m\u00e1just\u00f3l szeptemberig<\/p>\n<p>A term\u00e9k jellemz\u0151i<\/p>\n<p>J\u00f3 gy\u00f3gy\u00e1szati \u200b\u200btulajdons\u00e1gokkal rendelkezik<br \/>\nSal\u00e1t\u00e1ban finom<br \/>\nK\u00f6nnyen termeszthet\u0151<\/p>\n<p>Id\u0151szakok<br \/>\nSzabadf\u00f6ldi vet\u00e9sid\u0151 m\u00e1rciust\u00f3l<br \/>\nSzabadt\u00e9ri vet\u00e9sid\u0151 j\u00faniusig<br \/>\nM\u00e1jus betakar\u00edt\u00e1si id\u0151<br \/>\nSzed\u00e9si id\u0151 szeptemberig<\/p>\n<p>A csomag 1,5 gr magot tartalmaz<\/p>\n<p>&nbsp;<\/p>\n","protected":false},"featured_media":33131,"comment_status":"closed","ping_status":"closed","template":"","meta":[],"product_brand":[],"product_cat":[437],"product_tag":[],"class_list":{"0":"post-33130","1":"product","2":"type-product","3":"status-publish","4":"has-post-thumbnail","6":"product_cat-franchi","8":"first","9":"instock","10":"taxable","11":"shipping-taxable","12":"purchasable","13":"product-type-simple"},"_links":{"self":[{"href":"https:\/\/chilimag.hu\/webshop\/wp-json\/wp\/v2\/product\/33130","targetHints":{"allow":["GET"]}}],"collection":[{"href":"https:\/\/chilimag.hu\/webshop\/wp-json\/wp\/v2\/product"}],"about":[{"href":"https:\/\/chilimag.hu\/webshop\/wp-json\/wp\/v2\/types\/product"}],"replies":[{"embeddable":true,"href":"https:\/\/chilimag.hu\/webshop\/wp-json\/wp\/v2\/comments?post=33130"}],"wp:featuredmedia":[{"embeddable":true,"href":"https:\/\/chilimag.hu\/webshop\/wp-json\/wp\/v2\/media\/33131"}],"wp:attachment":[{"href":"https:\/\/chilimag.hu\/webshop\/wp-json\/wp\/v2\/media?parent=33130"}],"wp:term":[{"taxonomy":"product_brand","embeddable":true,"href":"https:\/\/chilimag.hu\/webshop\/wp-json\/wp\/v2\/product_brand?post=33130"},{"taxonomy":"product_cat","embeddable":true,"href":"https:\/\/chilimag.hu\/webshop\/wp-json\/wp\/v2\/product_cat?post=33130"},{"taxonomy":"product_tag","embeddable":true,"href":"https:\/\/chilimag.hu\/webshop\/wp-json\/wp\/v2\/product_tag?post=33130"}],"curies":[{"name":"wp","href":"https:\/\/api.w.org\/{rel}","templated":true}]}}