{"id":33128,"date":"2024-08-10T17:56:13","date_gmt":"2024-08-10T17:56:13","guid":{"rendered":"https:\/\/chilimag.hu\/webshop\/?post_type=product&#038;p=33128"},"modified":"2026-03-29T13:02:30","modified_gmt":"2026-03-29T13:02:30","slug":"paprika-padron-franchi-h","status":"publish","type":"product","link":"https:\/\/chilimag.hu\/webshop\/termek\/paprika-padron-franchi-h\/","title":{"rendered":"Paprika Padron Franchi H"},"content":{"rendered":"","protected":false},"excerpt":{"rendered":"<p><img decoding=\"async\" class=\"image\" title=\"FRANCHI SEMENTI\" src=\"https:\/\/shop.viridea.it\/media\/amasty\/shopby\/option_images\/franchi-sementi-logo_1.jpg\" alt=\"Franchi Sementi\" \/><\/p>\n<p>Botanikai n\u00e9v:<span class=\"value\">Capsicum annuum L<\/span><\/p>\n<p>Z\u00f6ldpaprika, \u00e9r\u00e9skor pirosra sz\u00ednez\u0151dik. Enyh\u00e9n f\u0171szeres.<br \/>\nVet\u00e9s febru\u00e1r-m\u00e1jusban<br \/>\nSz\u00fcret j\u00falius-okt\u00f3berben<\/p>\n<p>A term\u00e9k jellemz\u0151i<\/p>\n<p>Kicsi, z\u00f6ld \u00e9s illatos bors<br \/>\n\u00cdzben enyhe<br \/>\nFinom snack vagy tapas \u00e9tel<\/p>\n<p>Id\u0151szakok<br \/>\nVet\u00e9sid\u0151 z\u00e1rt t\u00e9rben febru\u00e1rt\u00f3l<br \/>\nBelt\u00e9ri vet\u00e9sid\u0151 m\u00e1jusig<br \/>\nJ\u00faliusi betakar\u00edt\u00e1s ideje<br \/>\nBetakar\u00edt\u00e1si id\u0151 okt\u00f3berig<\/p>\n<p>A csomag 1,5 gr magot tartalmaz<\/p>\n<p>&nbsp;<\/p>\n","protected":false},"featured_media":33129,"comment_status":"closed","ping_status":"closed","template":"","meta":[],"product_brand":[],"product_cat":[437],"product_tag":[],"class_list":{"0":"post-33128","1":"product","2":"type-product","3":"status-publish","4":"has-post-thumbnail","6":"product_cat-franchi","8":"first","9":"instock","10":"taxable","11":"shipping-taxable","12":"purchasable","13":"product-type-simple"},"_links":{"self":[{"href":"https:\/\/chilimag.hu\/webshop\/wp-json\/wp\/v2\/product\/33128","targetHints":{"allow":["GET"]}}],"collection":[{"href":"https:\/\/chilimag.hu\/webshop\/wp-json\/wp\/v2\/product"}],"about":[{"href":"https:\/\/chilimag.hu\/webshop\/wp-json\/wp\/v2\/types\/product"}],"replies":[{"embeddable":true,"href":"https:\/\/chilimag.hu\/webshop\/wp-json\/wp\/v2\/comments?post=33128"}],"wp:featuredmedia":[{"embeddable":true,"href":"https:\/\/chilimag.hu\/webshop\/wp-json\/wp\/v2\/media\/33129"}],"wp:attachment":[{"href":"https:\/\/chilimag.hu\/webshop\/wp-json\/wp\/v2\/media?parent=33128"}],"wp:term":[{"taxonomy":"product_brand","embeddable":true,"href":"https:\/\/chilimag.hu\/webshop\/wp-json\/wp\/v2\/product_brand?post=33128"},{"taxonomy":"product_cat","embeddable":true,"href":"https:\/\/chilimag.hu\/webshop\/wp-json\/wp\/v2\/product_cat?post=33128"},{"taxonomy":"product_tag","embeddable":true,"href":"https:\/\/chilimag.hu\/webshop\/wp-json\/wp\/v2\/product_tag?post=33128"}],"curies":[{"name":"wp","href":"https:\/\/api.w.org\/{rel}","templated":true}]}}