{"id":33114,"date":"2024-08-09T18:47:00","date_gmt":"2024-08-09T18:47:00","guid":{"rendered":"https:\/\/chilimag.hu\/webshop\/?post_type=product&#038;p=33114"},"modified":"2025-03-25T20:43:42","modified_gmt":"2025-03-25T20:43:42","slug":"golgotavirag-passiflora-caerulea-ht-h","status":"publish","type":"product","link":"https:\/\/chilimag.hu\/webshop\/termek\/golgotavirag-passiflora-caerulea-ht-h\/","title":{"rendered":"Golgotavir\u00e1g Passiflora Caerulea Ht H"},"content":{"rendered":"","protected":false},"excerpt":{"rendered":"<p><img decoding=\"async\" class=\"img-responsive\" title=\"Horti Tops\" src=\"https:\/\/tuinplus.nl\/Documents\/Images\/Banners\/Horti_Tops_Roll_Over.jpg\" alt=\"Horti Tops\" \/><\/p>\n<p>Botanikai n\u00e9v:<span class=\"value\">Passiflora caerulea<\/span><\/p>\n<p>golgotavir\u00e1g<br \/>\nBelt\u00e9rben eg\u00e9sz \u00e9vben, kb. 20\u00b0C-on termeszthet\u0151, magt\u00e1lc\u00e1ban vagy nagy vir\u00e1gcser\u00e9pben (3-4 mag cser\u00e9pben). M\u00e1jus k\u00f6zepe ut\u00e1n \u00fcltethet\u0151 szabadba, napos, v\u00e9dett helyre. V\u00e9dje a n\u00f6v\u00e9nyeket t\u00e9len.<\/p>\n<p>A term\u00e9k jellemz\u0151i<\/p>\n<p>Belt\u00e9ren \u00e9s k\u00fclt\u00e9ren is elhelyezhet\u0151<br \/>\nAk\u00e1r 5 m\u00e9ter magasra is megn\u0151het<br \/>\nGy\u00f6ny\u00f6r\u0171 vir\u00e1gok<\/p>\n<p>Elhelyezked\u00e9s<br \/>\nNy\u00edlt f\u00f6ldre vetni igen<br \/>\nHelyzetf\u00e9ny Nap<br \/>\nMagass\u00e1g 300 cm<br \/>\nT\u00edpus Cserepes n\u00f6v\u00e9ny<\/p>\n<p>Id\u0151szakok<br \/>\nBelt\u00e9ri vet\u00e9sid\u0151 janu\u00e1rt\u00f3l<br \/>\nBelt\u00e9ri vet\u00e9sid\u0151 decemberig<br \/>\nM\u00e1jus vir\u00e1gz\u00e1si ideje<br \/>\nVir\u00e1gz\u00e1si id\u0151 augusztusig<\/p>\n<p>A vet\u0151mag jellemz\u0151i<br \/>\nMagok grammonk\u00e9nt 120<\/p>\n<p>A csomag 0,33 gr magot tartalmaz<\/p>\n<p>&nbsp;<\/p>\n","protected":false},"featured_media":33115,"comment_status":"closed","ping_status":"closed","template":"","meta":[],"product_brand":[],"product_cat":[438],"product_tag":[],"class_list":{"0":"post-33114","1":"product","2":"type-product","3":"status-publish","4":"has-post-thumbnail","6":"product_cat-horti-tops","8":"first","9":"instock","10":"taxable","11":"shipping-taxable","12":"purchasable","13":"product-type-simple"},"_links":{"self":[{"href":"https:\/\/chilimag.hu\/webshop\/wp-json\/wp\/v2\/product\/33114","targetHints":{"allow":["GET"]}}],"collection":[{"href":"https:\/\/chilimag.hu\/webshop\/wp-json\/wp\/v2\/product"}],"about":[{"href":"https:\/\/chilimag.hu\/webshop\/wp-json\/wp\/v2\/types\/product"}],"replies":[{"embeddable":true,"href":"https:\/\/chilimag.hu\/webshop\/wp-json\/wp\/v2\/comments?post=33114"}],"wp:featuredmedia":[{"embeddable":true,"href":"https:\/\/chilimag.hu\/webshop\/wp-json\/wp\/v2\/media\/33115"}],"wp:attachment":[{"href":"https:\/\/chilimag.hu\/webshop\/wp-json\/wp\/v2\/media?parent=33114"}],"wp:term":[{"taxonomy":"product_brand","embeddable":true,"href":"https:\/\/chilimag.hu\/webshop\/wp-json\/wp\/v2\/product_brand?post=33114"},{"taxonomy":"product_cat","embeddable":true,"href":"https:\/\/chilimag.hu\/webshop\/wp-json\/wp\/v2\/product_cat?post=33114"},{"taxonomy":"product_tag","embeddable":true,"href":"https:\/\/chilimag.hu\/webshop\/wp-json\/wp\/v2\/product_tag?post=33114"}],"curies":[{"name":"wp","href":"https:\/\/api.w.org\/{rel}","templated":true}]}}