{"id":33103,"date":"2024-08-08T18:39:28","date_gmt":"2024-08-08T18:39:28","guid":{"rendered":"https:\/\/chilimag.hu\/webshop\/?post_type=product&#038;p=33103"},"modified":"2026-01-23T12:00:09","modified_gmt":"2026-01-23T12:00:09","slug":"muskatli-mustang-f1-ht-h","status":"publish","type":"product","link":"https:\/\/chilimag.hu\/webshop\/termek\/muskatli-mustang-f1-ht-h\/","title":{"rendered":"Musk\u00e1tli Mustang F1 Ht H"},"content":{"rendered":"","protected":false},"excerpt":{"rendered":"<p><img decoding=\"async\" class=\"img-responsive\" title=\"Horti Tops\" src=\"https:\/\/tuinplus.nl\/Documents\/Images\/Banners\/Horti_Tops_Roll_Over.jpg\" alt=\"Horti Tops\" \/><\/p>\n<p>Botanikai n\u00e9v:<span class=\"value\">Pelargonium F1 Mustang Cherry Red<\/span><\/p>\n<p>Musk\u00e1tli &#8211; Mustang F1<br \/>\nJanu\u00e1rt\u00f3l \u00e1prilisig \u00b1 20\u00b0C-on. Miut\u00e1n kisz\u00fart\u00e1k a v\u00e1g\u00f3ed\u00e9nyekbe. M\u00e1jus k\u00f6zepe ut\u00e1n \u00fcltess\u00fck a szabadba. Erk\u00e9lyl\u00e1d\u00e1khoz, cserepekhez, t\u00e1lk\u00e1hoz \u00e9s alomn\u00f6v\u00e9nyekhez. A rendszeres m\u0171tr\u00e1gy\u00e1z\u00e1s k\u00edv\u00e1natos.<\/p>\n<p>A term\u00e9k jellemz\u0151i<\/p>\n<p>Szint\u00e9n nagyon alkalmas a hat\u00e1ron<br \/>\nGy\u00f6ny\u00f6r\u0171 az erk\u00e9lyre vagy teraszra<br \/>\nA rendszeres m\u0171tr\u00e1gy\u00e1z\u00e1s k\u00edv\u00e1natos<\/p>\n<p>Elhelyezked\u00e9s<br \/>\nMagass\u00e1g 35 cm<br \/>\nT\u00edpus \u00c9ves<\/p>\n<p>Id\u0151szakok<br \/>\nBelt\u00e9ri vet\u00e9sid\u0151 janu\u00e1rt\u00f3l<br \/>\nBelt\u00e9ri vet\u00e9sid\u0151 \u00e1prilisig<br \/>\nJ\u00fanius vir\u00e1gz\u00e1si ideje<br \/>\nVir\u00e1gz\u00e1si id\u0151 okt\u00f3berig<\/p>\n<p>A vet\u0151mag jellemz\u0151i<br \/>\nMagok grammonk\u00e9nt 200<\/p>\n<p>A csomag kb 10 szem magot tartalmaz<\/p>\n<p>&nbsp;<\/p>\n","protected":false},"featured_media":33104,"comment_status":"closed","ping_status":"closed","template":"","meta":[],"product_brand":[],"product_cat":[438],"product_tag":[],"class_list":{"0":"post-33103","1":"product","2":"type-product","3":"status-publish","4":"has-post-thumbnail","6":"product_cat-horti-tops","8":"first","9":"instock","10":"taxable","11":"shipping-taxable","12":"purchasable","13":"product-type-simple"},"_links":{"self":[{"href":"https:\/\/chilimag.hu\/webshop\/wp-json\/wp\/v2\/product\/33103","targetHints":{"allow":["GET"]}}],"collection":[{"href":"https:\/\/chilimag.hu\/webshop\/wp-json\/wp\/v2\/product"}],"about":[{"href":"https:\/\/chilimag.hu\/webshop\/wp-json\/wp\/v2\/types\/product"}],"replies":[{"embeddable":true,"href":"https:\/\/chilimag.hu\/webshop\/wp-json\/wp\/v2\/comments?post=33103"}],"wp:featuredmedia":[{"embeddable":true,"href":"https:\/\/chilimag.hu\/webshop\/wp-json\/wp\/v2\/media\/33104"}],"wp:attachment":[{"href":"https:\/\/chilimag.hu\/webshop\/wp-json\/wp\/v2\/media?parent=33103"}],"wp:term":[{"taxonomy":"product_brand","embeddable":true,"href":"https:\/\/chilimag.hu\/webshop\/wp-json\/wp\/v2\/product_brand?post=33103"},{"taxonomy":"product_cat","embeddable":true,"href":"https:\/\/chilimag.hu\/webshop\/wp-json\/wp\/v2\/product_cat?post=33103"},{"taxonomy":"product_tag","embeddable":true,"href":"https:\/\/chilimag.hu\/webshop\/wp-json\/wp\/v2\/product_tag?post=33103"}],"curies":[{"name":"wp","href":"https:\/\/api.w.org\/{rel}","templated":true}]}}