{"id":33097,"date":"2024-08-08T18:20:16","date_gmt":"2024-08-08T18:20:16","guid":{"rendered":"https:\/\/chilimag.hu\/webshop\/?post_type=product&#038;p=33097"},"modified":"2026-02-06T20:05:11","modified_gmt":"2026-02-06T20:05:11","slug":"szeplolapu-ht-h","status":"publish","type":"product","link":"https:\/\/chilimag.hu\/webshop\/termek\/szeplolapu-ht-h\/","title":{"rendered":"Szepl\u0151lap\u00fa Ht H"},"content":{"rendered":"","protected":false},"excerpt":{"rendered":"<p><img decoding=\"async\" class=\"img-responsive\" title=\"Horti Tops\" src=\"https:\/\/tuinplus.nl\/Documents\/Images\/Banners\/Horti_Tops_Roll_Over.jpg\" alt=\"Horti Tops\" \/><\/p>\n<p>Botanikai n\u00e9v:<span class=\"value\">Cerinthe major atropurpurenscens<\/span><\/p>\n<p>\u00c1prilis-j\u00fanius egy termeszt\u0151ed\u00e9nybe, \u00e9s kb. 6 h\u00e9t m\u00falva \u00fcltess\u00fck ki napos helyre. Korl\u00e1tozottan sz\u00edv\u00f3s n\u00f6v\u00e9ny, szeg\u00e9lyre \u00e9s friss v\u00e1g\u00e1sra alkalmas. A vir\u00e1gok nekt\u00e1rban gazdagok, vonzz\u00e1k a m\u00e9heket \u00e9s a pillang\u00f3kat.<\/p>\n<p>A term\u00e9k jellemz\u0151i<\/p>\n<p>K\u00e9k vir\u00e1gok csokorban<br \/>\nVonz\u00f3 a m\u00e9hek \u00e9s a pillang\u00f3k sz\u00e1m\u00e1ra<br \/>\nGy\u00f6ny\u00f6r\u0171 szeg\u00e9lyn\u00f6v\u00e9ny<\/p>\n<p>Elhelyezked\u00e9s<br \/>\nMagass\u00e1g 70 cm<br \/>\nT\u00edpus \u00c9ves<\/p>\n<p>Id\u0151szakok<br \/>\nBelt\u00e9ri vet\u00e9sid\u0151 m\u00e1rciust\u00f3l<br \/>\nBelt\u00e9ri vet\u00e9sid\u0151 \u00e1prilisig<br \/>\nSzabadt\u00e9ri vet\u00e9sid\u0151 \u00e1prilist\u00f3l<br \/>\nSzabadt\u00e9ri vet\u00e9sid\u0151 j\u00faniusig<br \/>\nJ\u00fanius vir\u00e1gz\u00e1si ideje<br \/>\nVir\u00e1gz\u00e1si id\u0151 szeptemberig<\/p>\n<p>A vet\u0151mag jellemz\u0151i<br \/>\nMagok grammonk\u00e9nt 15<\/p>\n<p>A csomag 1 gr magot tartalmaz<\/p>\n<p>&nbsp;<\/p>\n","protected":false},"featured_media":33098,"comment_status":"closed","ping_status":"closed","template":"","meta":[],"product_brand":[],"product_cat":[438],"product_tag":[],"class_list":{"0":"post-33097","1":"product","2":"type-product","3":"status-publish","4":"has-post-thumbnail","6":"product_cat-horti-tops","8":"first","9":"instock","10":"taxable","11":"shipping-taxable","12":"purchasable","13":"product-type-simple"},"_links":{"self":[{"href":"https:\/\/chilimag.hu\/webshop\/wp-json\/wp\/v2\/product\/33097","targetHints":{"allow":["GET"]}}],"collection":[{"href":"https:\/\/chilimag.hu\/webshop\/wp-json\/wp\/v2\/product"}],"about":[{"href":"https:\/\/chilimag.hu\/webshop\/wp-json\/wp\/v2\/types\/product"}],"replies":[{"embeddable":true,"href":"https:\/\/chilimag.hu\/webshop\/wp-json\/wp\/v2\/comments?post=33097"}],"wp:featuredmedia":[{"embeddable":true,"href":"https:\/\/chilimag.hu\/webshop\/wp-json\/wp\/v2\/media\/33098"}],"wp:attachment":[{"href":"https:\/\/chilimag.hu\/webshop\/wp-json\/wp\/v2\/media?parent=33097"}],"wp:term":[{"taxonomy":"product_brand","embeddable":true,"href":"https:\/\/chilimag.hu\/webshop\/wp-json\/wp\/v2\/product_brand?post=33097"},{"taxonomy":"product_cat","embeddable":true,"href":"https:\/\/chilimag.hu\/webshop\/wp-json\/wp\/v2\/product_cat?post=33097"},{"taxonomy":"product_tag","embeddable":true,"href":"https:\/\/chilimag.hu\/webshop\/wp-json\/wp\/v2\/product_tag?post=33097"}],"curies":[{"name":"wp","href":"https:\/\/api.w.org\/{rel}","templated":true}]}}