{"id":33094,"date":"2024-08-08T18:10:09","date_gmt":"2024-08-08T18:10:09","guid":{"rendered":"https:\/\/chilimag.hu\/webshop\/?post_type=product&#038;p=33094"},"modified":"2026-03-08T18:50:25","modified_gmt":"2026-03-08T18:50:25","slug":"malyvarozsa-eheto-virag-ht-h","status":"publish","type":"product","link":"https:\/\/chilimag.hu\/webshop\/termek\/malyvarozsa-eheto-virag-ht-h\/","title":{"rendered":"M\u00e1lyvar\u00f3zsa ehet\u0151 vir\u00e1g Ht H"},"content":{"rendered":"","protected":false},"excerpt":{"rendered":"<p>Botanikai n\u00e9v:<span class=\"value\">Alcea (Althaea) rosea<\/span><\/p>\n<p>M\u00e1rcius k\u00f6zep\u00e9t\u0151l \u00e1prilis k\u00f6zep\u00e9ig \u00fcveg alatt vagy \u00e1prilis k\u00f6zep\u00e9t\u0151l m\u00e1jus k\u00f6zep\u00e9ig szabadban, mag\u00e1gyban; A vet\u00e9s ut\u00e1n 5\/6 h\u00e9ttel \u00fcltess\u00fck ki. V\u00e1gott vir\u00e1gnak \u00e9s szeg\u00e9lyn\u00f6v\u00e9nynek is alkalmas. A vir\u00e1gok ehet\u0151ek.<\/p>\n<p>A term\u00e9k jellemz\u0151i<\/p>\n<p>V\u00e1gott vir\u00e1gk\u00e9nt is haszn\u00e1lhat\u00f3<br \/>\nGy\u00f6ny\u00f6r\u0171 a szeg\u00e9lyekben<br \/>\nEhet\u0151 vir\u00e1gok<\/p>\n<p>Elhelyezked\u00e9s<br \/>\nNy\u00edlt f\u00f6ldre vetni igen<br \/>\nHelyzetf\u00e9ny Nap<br \/>\nMagass\u00e1g 140 cm<br \/>\nT\u00edpus \u00c9ves<\/p>\n<p>Id\u0151szakok<br \/>\nBelt\u00e9ri vet\u00e9sid\u0151 m\u00e1rciust\u00f3l<br \/>\nBelt\u00e9ri vet\u00e9sid\u0151 \u00e1prilisig<br \/>\nSzabadt\u00e9ri vet\u00e9sid\u0151 \u00e1prilist\u00f3l<br \/>\nSzabadt\u00e9ri vet\u00e9sid\u0151 m\u00e1jusig<br \/>\nJ\u00falius vir\u00e1gz\u00e1si ideje<br \/>\nVir\u00e1gz\u00e1si id\u0151 szeptemberig<\/p>\n<p>A vet\u0151mag jellemz\u0151i<br \/>\nMagok grammonk\u00e9nt 80<\/p>\n<p>A csomag 0,5 gr magot tartalmaz<\/p>\n<p>&nbsp;<\/p>\n","protected":false},"featured_media":33095,"comment_status":"closed","ping_status":"closed","template":"","meta":[],"product_brand":[],"product_cat":[438],"product_tag":[],"class_list":{"0":"post-33094","1":"product","2":"type-product","3":"status-publish","4":"has-post-thumbnail","6":"product_cat-horti-tops","8":"first","9":"instock","10":"taxable","11":"shipping-taxable","12":"purchasable","13":"product-type-simple"},"_links":{"self":[{"href":"https:\/\/chilimag.hu\/webshop\/wp-json\/wp\/v2\/product\/33094","targetHints":{"allow":["GET"]}}],"collection":[{"href":"https:\/\/chilimag.hu\/webshop\/wp-json\/wp\/v2\/product"}],"about":[{"href":"https:\/\/chilimag.hu\/webshop\/wp-json\/wp\/v2\/types\/product"}],"replies":[{"embeddable":true,"href":"https:\/\/chilimag.hu\/webshop\/wp-json\/wp\/v2\/comments?post=33094"}],"wp:featuredmedia":[{"embeddable":true,"href":"https:\/\/chilimag.hu\/webshop\/wp-json\/wp\/v2\/media\/33095"}],"wp:attachment":[{"href":"https:\/\/chilimag.hu\/webshop\/wp-json\/wp\/v2\/media?parent=33094"}],"wp:term":[{"taxonomy":"product_brand","embeddable":true,"href":"https:\/\/chilimag.hu\/webshop\/wp-json\/wp\/v2\/product_brand?post=33094"},{"taxonomy":"product_cat","embeddable":true,"href":"https:\/\/chilimag.hu\/webshop\/wp-json\/wp\/v2\/product_cat?post=33094"},{"taxonomy":"product_tag","embeddable":true,"href":"https:\/\/chilimag.hu\/webshop\/wp-json\/wp\/v2\/product_tag?post=33094"}],"curies":[{"name":"wp","href":"https:\/\/api.w.org\/{rel}","templated":true}]}}