{"id":33091,"date":"2024-08-08T17:58:32","date_gmt":"2024-08-08T17:58:32","guid":{"rendered":"https:\/\/chilimag.hu\/webshop\/?post_type=product&#038;p=33091"},"modified":"2025-12-21T09:31:56","modified_gmt":"2025-12-21T09:31:56","slug":"nyari-herics-ht-h","status":"publish","type":"product","link":"https:\/\/chilimag.hu\/webshop\/termek\/nyari-herics-ht-h\/","title":{"rendered":"Ny\u00e1ri h\u00e9rics Ht H"},"content":{"rendered":"","protected":false},"excerpt":{"rendered":"<p><img decoding=\"async\" class=\"img-responsive\" title=\"Horti Tops\" src=\"https:\/\/tuinplus.nl\/Documents\/Images\/Banners\/Horti_Tops_Roll_Over.jpg\" alt=\"Horti Tops\" \/><\/p>\n<p>Botanikai n\u00e9v:\u00a0<span class=\"value\">Adonis aestivalis<\/span><\/p>\n<p>T\u0171zsz\u00e9n &#8211; piros vir\u00e1gz\u00e1s<br \/>\nA szabadba vet\u00e9s m\u00e1rcius v\u00e9g\u00e9t\u0151l m\u00e1jus v\u00e9g\u00e9ig; sz\u00e9les vagy vonalakban, majd enyh\u00e9n elv\u00e9kony\u00edtjuk. Sz\u00e9les k\u00f6rben haszn\u00e1lj\u00e1k vir\u00e1g\u00e1gy\u00e1sokban, de alkalmas sziklakertekben \u00e9s honos\u00edt\u00e1sban is.<\/p>\n<p>A term\u00e9k jellemz\u0151i<\/p>\n<p>V\u00e9rv\u00f6r\u00f6s ranunculus vir\u00e1gok<br \/>\nFinom p\u00e1fr\u00e1nyszer\u0171 levelek<br \/>\nNe legyen t\u00fal nedves<\/p>\n<p>Elhelyezked\u00e9s<br \/>\nNy\u00edlt f\u00f6ldre vetni igen<br \/>\nHelyzetf\u00e9ny Nap<br \/>\nMagass\u00e1g 30 cm<br \/>\nT\u00edpus \u00c9ves<\/p>\n<p>Id\u0151szakok<br \/>\nBelt\u00e9ri vet\u00e9sid\u0151 m\u00e1rciust\u00f3l<br \/>\nBelt\u00e9ri vet\u00e9sid\u0151 \u00e1prilisig<br \/>\nSzabadf\u00f6ldi vet\u00e9sid\u0151 m\u00e1rciust\u00f3l<br \/>\nSzabadt\u00e9ri vet\u00e9sid\u0151 m\u00e1jusig<br \/>\nJ\u00fanius vir\u00e1gz\u00e1si ideje<br \/>\nVir\u00e1gz\u00e1si id\u0151 j\u00faliusig<\/p>\n<p>A vet\u0151mag jellemz\u0151i<br \/>\nMagok grammonk\u00e9nt 110<\/p>\n<p>A csomag 2 gr magot tartalmaz<\/p>\n","protected":false},"featured_media":33092,"comment_status":"closed","ping_status":"closed","template":"","meta":[],"product_brand":[],"product_cat":[438],"product_tag":[],"class_list":{"0":"post-33091","1":"product","2":"type-product","3":"status-publish","4":"has-post-thumbnail","6":"product_cat-horti-tops","8":"first","9":"instock","10":"taxable","11":"shipping-taxable","12":"purchasable","13":"product-type-simple"},"_links":{"self":[{"href":"https:\/\/chilimag.hu\/webshop\/wp-json\/wp\/v2\/product\/33091","targetHints":{"allow":["GET"]}}],"collection":[{"href":"https:\/\/chilimag.hu\/webshop\/wp-json\/wp\/v2\/product"}],"about":[{"href":"https:\/\/chilimag.hu\/webshop\/wp-json\/wp\/v2\/types\/product"}],"replies":[{"embeddable":true,"href":"https:\/\/chilimag.hu\/webshop\/wp-json\/wp\/v2\/comments?post=33091"}],"wp:featuredmedia":[{"embeddable":true,"href":"https:\/\/chilimag.hu\/webshop\/wp-json\/wp\/v2\/media\/33092"}],"wp:attachment":[{"href":"https:\/\/chilimag.hu\/webshop\/wp-json\/wp\/v2\/media?parent=33091"}],"wp:term":[{"taxonomy":"product_brand","embeddable":true,"href":"https:\/\/chilimag.hu\/webshop\/wp-json\/wp\/v2\/product_brand?post=33091"},{"taxonomy":"product_cat","embeddable":true,"href":"https:\/\/chilimag.hu\/webshop\/wp-json\/wp\/v2\/product_cat?post=33091"},{"taxonomy":"product_tag","embeddable":true,"href":"https:\/\/chilimag.hu\/webshop\/wp-json\/wp\/v2\/product_tag?post=33091"}],"curies":[{"name":"wp","href":"https:\/\/api.w.org\/{rel}","templated":true}]}}