{"id":33080,"date":"2024-08-08T04:44:50","date_gmt":"2024-08-08T04:44:50","guid":{"rendered":"https:\/\/chilimag.hu\/webshop\/?post_type=product&#038;p=33080"},"modified":"2026-03-11T19:45:29","modified_gmt":"2026-03-11T19:45:29","slug":"zeller-gewone-snij-ht-h","status":"publish","type":"product","link":"https:\/\/chilimag.hu\/webshop\/termek\/zeller-gewone-snij-ht-h\/","title":{"rendered":"Zeller Gewone Snij Ht H"},"content":{"rendered":"","protected":false},"excerpt":{"rendered":"<p><img decoding=\"async\" class=\"img-responsive\" title=\"Horti Tops\" src=\"https:\/\/tuinplus.nl\/Documents\/Images\/Banners\/Horti_Tops_Roll_Over.jpg\" alt=\"Horti Tops\" \/><\/p>\n<p>Botanikai n\u00e9v:<span class=\"value\">Apium graveolens<\/span><\/p>\n<p>Zeller<br \/>\nM\u00e1rcius k\u00f6zep\u00e9t\u0151l vet\u0151\u00e1gyra \u00fcveg alatt \u00e9s betakar\u00edt\u00e1s r\u00f3la, vagy m\u00e1rcius v\u00e9g\u00e9t\u0151l augusztusig szabadf\u00f6ld\u00f6n, kiter\u00edtve vagy sorokban. A j\u00f3 biol\u00f3giai egyens\u00faly \u00e9rdek\u00e9ben a zeller mell\u00e9 aj\u00e1nlatos spen\u00f3tot \u00e9s\/vagy paradicsomot vetni.<\/p>\n<p>A term\u00e9k jellemz\u0151i<\/p>\n<p>Nagyon j\u00f3l ismert zellerfajta<br \/>\nEr\u0151s \u00e9s gyorsan n\u00f6vekv\u0151 n\u00f6v\u00e9nyeket ad<br \/>\n\u00cdzletes levesekben \u00e9s sz\u00f3szokban<\/p>\n<p>Elhelyezked\u00e9s<br \/>\nNy\u00edlt f\u00f6ldre vetni igen<br \/>\nMagass\u00e1g 35 cm<\/p>\n<p>Id\u0151szakok<br \/>\nBelt\u00e9ri vet\u00e9sid\u0151 m\u00e1rciust\u00f3l<br \/>\nBelt\u00e9ri vet\u00e9sid\u0151 \u00e1prilisig \u00e9s szeptemberig<br \/>\nSzabadt\u00e9ri vet\u00e9sid\u0151 \u00e1prilist\u00f3l<br \/>\nSzabadt\u00e9ri vet\u00e9sid\u0151 augusztusig<br \/>\nJ\u00faliusi betakar\u00edt\u00e1s ideje<br \/>\nA betakar\u00edt\u00e1s ideje m\u00e1rciusig<\/p>\n<p>Tan\u00e1csok \u00e9s tippek<br \/>\nVet\u00e9si tan\u00e1csok zsin\u00f3rok ny\u00edlt talajon<br \/>\nA gondoz\u00e1si tan\u00e1csok megfelel\u0151en nedvesen tartj\u00e1k a talajt<br \/>\nBetakar\u00edt\u00e1si tan\u00e1csok Ne v\u00e1gja t\u00fal r\u00f6vidre a leveleket<\/p>\n<p>A vet\u0151mag jellemz\u0151i<br \/>\nMagok grammonk\u00e9nt 2500<\/p>\n<p>A csomag 2 gr magot tartalmaz<\/p>\n<p>&nbsp;<\/p>\n","protected":false},"featured_media":33081,"comment_status":"closed","ping_status":"closed","template":"","meta":[],"product_brand":[],"product_cat":[438],"product_tag":[],"class_list":{"0":"post-33080","1":"product","2":"type-product","3":"status-publish","4":"has-post-thumbnail","6":"product_cat-horti-tops","8":"first","9":"instock","10":"taxable","11":"shipping-taxable","12":"purchasable","13":"product-type-simple"},"_links":{"self":[{"href":"https:\/\/chilimag.hu\/webshop\/wp-json\/wp\/v2\/product\/33080","targetHints":{"allow":["GET"]}}],"collection":[{"href":"https:\/\/chilimag.hu\/webshop\/wp-json\/wp\/v2\/product"}],"about":[{"href":"https:\/\/chilimag.hu\/webshop\/wp-json\/wp\/v2\/types\/product"}],"replies":[{"embeddable":true,"href":"https:\/\/chilimag.hu\/webshop\/wp-json\/wp\/v2\/comments?post=33080"}],"wp:featuredmedia":[{"embeddable":true,"href":"https:\/\/chilimag.hu\/webshop\/wp-json\/wp\/v2\/media\/33081"}],"wp:attachment":[{"href":"https:\/\/chilimag.hu\/webshop\/wp-json\/wp\/v2\/media?parent=33080"}],"wp:term":[{"taxonomy":"product_brand","embeddable":true,"href":"https:\/\/chilimag.hu\/webshop\/wp-json\/wp\/v2\/product_brand?post=33080"},{"taxonomy":"product_cat","embeddable":true,"href":"https:\/\/chilimag.hu\/webshop\/wp-json\/wp\/v2\/product_cat?post=33080"},{"taxonomy":"product_tag","embeddable":true,"href":"https:\/\/chilimag.hu\/webshop\/wp-json\/wp\/v2\/product_tag?post=33080"}],"curies":[{"name":"wp","href":"https:\/\/api.w.org\/{rel}","templated":true}]}}