{"id":33077,"date":"2024-08-08T04:37:11","date_gmt":"2024-08-08T04:37:11","guid":{"rendered":"https:\/\/chilimag.hu\/webshop\/?post_type=product&#038;p=33077"},"modified":"2025-12-15T13:32:23","modified_gmt":"2025-12-15T13:32:23","slug":"fekete-retek-noir-long-poids-dhorloge-ht-h","status":"publish","type":"product","link":"https:\/\/chilimag.hu\/webshop\/termek\/fekete-retek-noir-long-poids-dhorloge-ht-h\/","title":{"rendered":"Fekete retek Noir Long Poids D&#8217;Horloge Ht H"},"content":{"rendered":"","protected":false},"excerpt":{"rendered":"<p><img decoding=\"async\" class=\"img-responsive\" title=\"Horti Tops\" src=\"https:\/\/tuinplus.nl\/Documents\/Images\/Banners\/Horti_Tops_Roll_Over.jpg\" alt=\"Horti Tops\" \/><\/p>\n<p>Botanikai n\u00e9v:<span class=\"value\">Raphanus sativus subsp. niger<\/span><\/p>\n<p>Fekete retek &#8211; Noir long pods d&#8217;horloge<br \/>\nJ\u00fanius v\u00e9g\u00e9t\u0151l augusztus elej\u00e9ig k\u00f6zvetlen\u00fcl a helysz\u00ednen, ny\u00edlt terepen, sorokban; elv\u00e9kony\u00edt valamit. Ne vess\u00fcnk t\u00fal kor\u00e1n, k\u00fcl\u00f6nben k\u00f6nnyen magsz\u00e1rak k\u00e9pz\u0151dnek, az \u00fagynevezett \u201ehajt\u00e1s\u201d.<\/p>\n<p>A term\u00e9k jellemz\u0151i<\/p>\n<p>K\u00e9s\u0151i termeszt\u00e9sre alkalmas<br \/>\n\u00cdzben enyh\u00e9n f\u0171szeres<br \/>\n\u00cdzletes keny\u00e9rre vagy nyers z\u00f6lds\u00e9gekre<\/p>\n<p>Elhelyezked\u00e9s<br \/>\nNy\u00edlt f\u00f6ldre vetni igen<br \/>\nVil\u00e1gos napos elhelyezked\u00e9s<\/p>\n<p>Id\u0151szakok<br \/>\nSzabadt\u00e9ri vet\u00e9sid\u0151 j\u00faniust\u00f3l<br \/>\nSzabadt\u00e9ri vet\u00e9sid\u0151 augusztusig<br \/>\nSzeptemberi betakar\u00edt\u00e1s ideje<br \/>\nSz\u00fcreti id\u0151 novemberig<\/p>\n<p>A vet\u0151mag jellemz\u0151i<br \/>\nMagok grammonk\u00e9nt 125<\/p>\n<p>A csomag 10 gr magot tartalmaz<\/p>\n<p>&nbsp;<\/p>\n","protected":false},"featured_media":33078,"comment_status":"closed","ping_status":"closed","template":"","meta":[],"product_brand":[],"product_cat":[438],"product_tag":[],"class_list":{"0":"post-33077","1":"product","2":"type-product","3":"status-publish","4":"has-post-thumbnail","6":"product_cat-horti-tops","8":"first","9":"instock","10":"taxable","11":"shipping-taxable","12":"purchasable","13":"product-type-simple"},"_links":{"self":[{"href":"https:\/\/chilimag.hu\/webshop\/wp-json\/wp\/v2\/product\/33077","targetHints":{"allow":["GET"]}}],"collection":[{"href":"https:\/\/chilimag.hu\/webshop\/wp-json\/wp\/v2\/product"}],"about":[{"href":"https:\/\/chilimag.hu\/webshop\/wp-json\/wp\/v2\/types\/product"}],"replies":[{"embeddable":true,"href":"https:\/\/chilimag.hu\/webshop\/wp-json\/wp\/v2\/comments?post=33077"}],"wp:featuredmedia":[{"embeddable":true,"href":"https:\/\/chilimag.hu\/webshop\/wp-json\/wp\/v2\/media\/33078"}],"wp:attachment":[{"href":"https:\/\/chilimag.hu\/webshop\/wp-json\/wp\/v2\/media?parent=33077"}],"wp:term":[{"taxonomy":"product_brand","embeddable":true,"href":"https:\/\/chilimag.hu\/webshop\/wp-json\/wp\/v2\/product_brand?post=33077"},{"taxonomy":"product_cat","embeddable":true,"href":"https:\/\/chilimag.hu\/webshop\/wp-json\/wp\/v2\/product_cat?post=33077"},{"taxonomy":"product_tag","embeddable":true,"href":"https:\/\/chilimag.hu\/webshop\/wp-json\/wp\/v2\/product_tag?post=33077"}],"curies":[{"name":"wp","href":"https:\/\/api.w.org\/{rel}","templated":true}]}}