{"id":33074,"date":"2024-08-08T04:25:23","date_gmt":"2024-08-08T04:25:23","guid":{"rendered":"https:\/\/chilimag.hu\/webshop\/?post_type=product&#038;p=33074"},"modified":"2025-12-10T14:20:29","modified_gmt":"2025-12-10T14:20:29","slug":"teli-porcsin-winter-porstelein-ht-h","status":"publish","type":"product","link":"https:\/\/chilimag.hu\/webshop\/termek\/teli-porcsin-winter-porstelein-ht-h\/","title":{"rendered":"T\u00e9li porcsin Winter porstelein Ht H"},"content":{"rendered":"","protected":false},"excerpt":{"rendered":"<p><img decoding=\"async\" class=\"img-responsive\" title=\"Horti Tops\" src=\"https:\/\/tuinplus.nl\/Documents\/Images\/Banners\/Horti_Tops_Roll_Over.jpg\" alt=\"Horti Tops\" \/><\/p>\n<p>Botanikai n\u00e9v:<span class=\"value\">Claytonia perfoliata<\/span><\/p>\n<p>T\u00e9li porcsin<br \/>\nFebru\u00e1rt\u00f3l m\u00e1jus k\u00f6zep\u00e9ig \u00e9s szeptembert\u0151l novemberig \u00fcveg alatt. M\u00e1jus k\u00f6zep\u00e9t\u0151l augusztus v\u00e9g\u00e9ig ny\u00edlt terepen. Sz\u00e9les k\u00f6rben vetni. Kiv\u00e1l\u00f3 eg\u00e9szs\u00e9ges t\u00e9li z\u00f6lds\u00e9g. Betakar\u00edt\u00e1s vir\u00e1gz\u00e1s el\u0151tt; Nyersen, sal\u00e1t\u00e1kban fogyasztj\u00e1k, f\u0151zel\u00e9kk\u00e9nt f\u0151zve.<\/p>\n<p>A term\u00e9k jellemz\u0151i<\/p>\n<p>C-vitaminban gazdag<br \/>\nCs\u00e9szealj alak\u00fa levelek<br \/>\nT\u00e9l\u00e1ll\u00f3 porcsin<\/p>\n<p>Id\u0151szakok<br \/>\nVet\u00e9sid\u0151 z\u00e1rt t\u00e9rben febru\u00e1rt\u00f3l m\u00e1jusig<br \/>\nVet\u00e9sid\u0151 z\u00e1rt t\u00e9rben szeptember-novemberig<br \/>\nM\u00e1just\u00f3l szabadf\u00f6ldi vet\u00e9sid\u0151<br \/>\nSzabadt\u00e9ri vet\u00e9sid\u0151 augusztusig<br \/>\nM\u00e1jus betakar\u00edt\u00e1si id\u0151<br \/>\nSzed\u00e9si id\u0151 szeptemberig<\/p>\n<p>A vet\u0151mag jellemz\u0151i<br \/>\nMagok grammonk\u00e9nt 2000<\/p>\n<p>A csomag 3 gr magot tartalmaz<\/p>\n<p>&nbsp;<\/p>\n","protected":false},"featured_media":33075,"comment_status":"closed","ping_status":"closed","template":"","meta":[],"product_brand":[],"product_cat":[438,329],"product_tag":[],"class_list":{"0":"post-33074","1":"product","2":"type-product","3":"status-publish","4":"has-post-thumbnail","6":"product_cat-horti-tops","7":"product_cat-zoldseg-vetomagok-egyeb-es-kulonleges-vetomagok","9":"first","10":"instock","11":"taxable","12":"shipping-taxable","13":"purchasable","14":"product-type-simple"},"_links":{"self":[{"href":"https:\/\/chilimag.hu\/webshop\/wp-json\/wp\/v2\/product\/33074","targetHints":{"allow":["GET"]}}],"collection":[{"href":"https:\/\/chilimag.hu\/webshop\/wp-json\/wp\/v2\/product"}],"about":[{"href":"https:\/\/chilimag.hu\/webshop\/wp-json\/wp\/v2\/types\/product"}],"replies":[{"embeddable":true,"href":"https:\/\/chilimag.hu\/webshop\/wp-json\/wp\/v2\/comments?post=33074"}],"wp:featuredmedia":[{"embeddable":true,"href":"https:\/\/chilimag.hu\/webshop\/wp-json\/wp\/v2\/media\/33075"}],"wp:attachment":[{"href":"https:\/\/chilimag.hu\/webshop\/wp-json\/wp\/v2\/media?parent=33074"}],"wp:term":[{"taxonomy":"product_brand","embeddable":true,"href":"https:\/\/chilimag.hu\/webshop\/wp-json\/wp\/v2\/product_brand?post=33074"},{"taxonomy":"product_cat","embeddable":true,"href":"https:\/\/chilimag.hu\/webshop\/wp-json\/wp\/v2\/product_cat?post=33074"},{"taxonomy":"product_tag","embeddable":true,"href":"https:\/\/chilimag.hu\/webshop\/wp-json\/wp\/v2\/product_tag?post=33074"}],"curies":[{"name":"wp","href":"https:\/\/api.w.org\/{rel}","templated":true}]}}