{"id":33071,"date":"2024-08-08T04:16:06","date_gmt":"2024-08-08T04:16:06","guid":{"rendered":"https:\/\/chilimag.hu\/webshop\/?post_type=product&#038;p=33071"},"modified":"2025-02-26T20:57:15","modified_gmt":"2025-02-26T20:57:15","slug":"sutotok-sweet-mama-f1-ht-h","status":"publish","type":"product","link":"https:\/\/chilimag.hu\/webshop\/termek\/sutotok-sweet-mama-f1-ht-h\/","title":{"rendered":"S\u00fct\u0151t\u00f6k Sweet Mama F1 Ht H"},"content":{"rendered":"","protected":false},"excerpt":{"rendered":"<p><img decoding=\"async\" class=\"img-responsive\" title=\"Horti Tops\" src=\"https:\/\/tuinplus.nl\/Documents\/Images\/Banners\/Horti_Tops_Roll_Over.jpg\" alt=\"Horti Tops\" \/><\/p>\n<p>Botanikai n\u00e9v:<span class=\"value\">Cucurbita maxim<\/span><\/p>\n<p>Sweet Mama F1<br \/>\nM\u00e1jus elej\u00e9t\u0151l j\u00fanius k\u00f6zep\u00e9ig a ny\u00edlt terepen, a mag\u00e1gyon, \u00e9s \u00e1t\u00fcltetj\u00fck term\u00e9keny talajba. Kb. 1,2 kg-os j\u00f3 eltarthat\u00f3s\u00e1g\u00fa s\u00fct\u0151t\u00f6k, m\u00e9lys\u00e1rga h\u00fas\u00fa, \u00e9des, di\u00f3s \u00edz\u0171.<\/p>\n<p>A term\u00e9k jellemz\u0151i<\/p>\n<p>M\u00e9lys\u00e1rga h\u00fas\u00fa<br \/>\n\u00c9des di\u00f3s \u00edz<br \/>\nEhet\u0151 h\u00e9j<\/p>\n<p>Elhelyezked\u00e9s<br \/>\nT\u00edpus rangsor<\/p>\n<p>Id\u0151szakok<br \/>\nBelt\u00e9ri vet\u00e9sid\u0151 m\u00e1rciust\u00f3l<br \/>\nBelt\u00e9ri vet\u00e9sid\u0151 \u00e1prilisig<br \/>\nM\u00e1just\u00f3l szabadf\u00f6ldi vet\u00e9sid\u0151<br \/>\nSzabadt\u00e9ri vet\u00e9sid\u0151 j\u00faniusig<br \/>\nSzeptemberi betakar\u00edt\u00e1s ideje<br \/>\nBetakar\u00edt\u00e1si id\u0151 okt\u00f3berig<\/p>\n<p>A vet\u0151mag jellemz\u0151i<br \/>\nMagok grammonk\u00e9nt 7<\/p>\n<p>A csomag 1 gr magot tartalmaz<\/p>\n<p>&nbsp;<\/p>\n","protected":false},"featured_media":33072,"comment_status":"closed","ping_status":"closed","template":"","meta":[],"product_brand":[],"product_cat":[438],"product_tag":[],"class_list":{"0":"post-33071","1":"product","2":"type-product","3":"status-publish","4":"has-post-thumbnail","6":"product_cat-horti-tops","8":"first","9":"instock","10":"taxable","11":"shipping-taxable","12":"purchasable","13":"product-type-simple"},"_links":{"self":[{"href":"https:\/\/chilimag.hu\/webshop\/wp-json\/wp\/v2\/product\/33071","targetHints":{"allow":["GET"]}}],"collection":[{"href":"https:\/\/chilimag.hu\/webshop\/wp-json\/wp\/v2\/product"}],"about":[{"href":"https:\/\/chilimag.hu\/webshop\/wp-json\/wp\/v2\/types\/product"}],"replies":[{"embeddable":true,"href":"https:\/\/chilimag.hu\/webshop\/wp-json\/wp\/v2\/comments?post=33071"}],"wp:featuredmedia":[{"embeddable":true,"href":"https:\/\/chilimag.hu\/webshop\/wp-json\/wp\/v2\/media\/33072"}],"wp:attachment":[{"href":"https:\/\/chilimag.hu\/webshop\/wp-json\/wp\/v2\/media?parent=33071"}],"wp:term":[{"taxonomy":"product_brand","embeddable":true,"href":"https:\/\/chilimag.hu\/webshop\/wp-json\/wp\/v2\/product_brand?post=33071"},{"taxonomy":"product_cat","embeddable":true,"href":"https:\/\/chilimag.hu\/webshop\/wp-json\/wp\/v2\/product_cat?post=33071"},{"taxonomy":"product_tag","embeddable":true,"href":"https:\/\/chilimag.hu\/webshop\/wp-json\/wp\/v2\/product_tag?post=33071"}],"curies":[{"name":"wp","href":"https:\/\/api.w.org\/{rel}","templated":true}]}}