{"id":33059,"date":"2024-08-07T05:53:12","date_gmt":"2024-08-07T05:53:12","guid":{"rendered":"https:\/\/chilimag.hu\/webshop\/?post_type=product&#038;p=33059"},"modified":"2026-02-14T08:56:01","modified_gmt":"2026-02-14T08:56:01","slug":"kukorica-minigold-f1-ht-h","status":"publish","type":"product","link":"https:\/\/chilimag.hu\/webshop\/termek\/kukorica-minigold-f1-ht-h\/","title":{"rendered":"Kukorica Minigold F1 Ht H"},"content":{"rendered":"","protected":false},"excerpt":{"rendered":"<p><img decoding=\"async\" class=\"img-responsive\" title=\"Horti Tops\" src=\"https:\/\/tuinplus.nl\/Documents\/Images\/Banners\/Horti_Tops_Roll_Over.jpg\" alt=\"Horti Tops\" \/><\/p>\n<p>Botanikai n\u00e9v:<span id=\"column_2_uc_product_details_ctl04_lbl_ff_desc2\" class=\"value\">Zea mays<\/span><\/p>\n<p><span id=\"column_2_uc_product_details_ctl04_lbl_ff_desc2\" class=\"value\">Mini kukorica &#8211; Minipop F1<br \/>\nM\u00e1jus k\u00f6zep\u00e9n vess\u00fck el a szabadf\u00f6ld\u00f6n mag\u00e1gyba. Ha sz\u00fcks\u00e9ges, el\u0151vetet egy kis \u00fcvegh\u00e1zban. 5\/6 h\u00e9t ut\u00e1n \u00fcltesse ki. \u00cdzletes mini kukoricacs\u00f6vek, amelyek teljes eg\u00e9sz\u00e9ben ehet\u0151ek, sz\u00fcreteljetek, amikor a szemek m\u00e9g nem fejl\u0151dtek ki! Szint\u00e9n nagyon<br \/>\nsal\u00e1t\u00e1k k\u00f6ret\u00e9nek alkalmas.<\/span><\/p>\n<p>A csomag 5 gr magot tartalmaz<\/p>\n<p>&nbsp;<\/p>\n","protected":false},"featured_media":33060,"comment_status":"closed","ping_status":"closed","template":"","meta":[],"product_brand":[],"product_cat":[438],"product_tag":[],"class_list":{"0":"post-33059","1":"product","2":"type-product","3":"status-publish","4":"has-post-thumbnail","6":"product_cat-horti-tops","8":"first","9":"instock","10":"taxable","11":"shipping-taxable","12":"purchasable","13":"product-type-simple"},"_links":{"self":[{"href":"https:\/\/chilimag.hu\/webshop\/wp-json\/wp\/v2\/product\/33059","targetHints":{"allow":["GET"]}}],"collection":[{"href":"https:\/\/chilimag.hu\/webshop\/wp-json\/wp\/v2\/product"}],"about":[{"href":"https:\/\/chilimag.hu\/webshop\/wp-json\/wp\/v2\/types\/product"}],"replies":[{"embeddable":true,"href":"https:\/\/chilimag.hu\/webshop\/wp-json\/wp\/v2\/comments?post=33059"}],"wp:featuredmedia":[{"embeddable":true,"href":"https:\/\/chilimag.hu\/webshop\/wp-json\/wp\/v2\/media\/33060"}],"wp:attachment":[{"href":"https:\/\/chilimag.hu\/webshop\/wp-json\/wp\/v2\/media?parent=33059"}],"wp:term":[{"taxonomy":"product_brand","embeddable":true,"href":"https:\/\/chilimag.hu\/webshop\/wp-json\/wp\/v2\/product_brand?post=33059"},{"taxonomy":"product_cat","embeddable":true,"href":"https:\/\/chilimag.hu\/webshop\/wp-json\/wp\/v2\/product_cat?post=33059"},{"taxonomy":"product_tag","embeddable":true,"href":"https:\/\/chilimag.hu\/webshop\/wp-json\/wp\/v2\/product_tag?post=33059"}],"curies":[{"name":"wp","href":"https:\/\/api.w.org\/{rel}","templated":true}]}}