{"id":33048,"date":"2024-08-06T18:31:17","date_gmt":"2024-08-06T18:31:17","guid":{"rendered":"https:\/\/chilimag.hu\/webshop\/?post_type=product&#038;p=33048"},"modified":"2026-03-02T11:11:26","modified_gmt":"2026-03-02T11:11:26","slug":"kardi-blanc-ameliore-ht-h","status":"publish","type":"product","link":"https:\/\/chilimag.hu\/webshop\/termek\/kardi-blanc-ameliore-ht-h\/","title":{"rendered":"K\u00e1rdi Blanc am\u00e9lior\u00e9 Ht H"},"content":{"rendered":"","protected":false},"excerpt":{"rendered":"<p><img decoding=\"async\" class=\"img-responsive\" title=\"Horti Tops\" src=\"https:\/\/tuinplus.nl\/Documents\/Images\/Banners\/Horti_Tops_Roll_Over.jpg\" alt=\"Horti Tops\" \/><\/p>\n<p>Botanikai n\u00e9v:<span id=\"column_2_uc_product_details_ctl04_lbl_ff_desc2\" class=\"value\">Cynara cardunculus<\/span><\/p>\n<p><span id=\"column_2_uc_product_details_ctl04_lbl_ff_desc2\" class=\"value\">M\u00e1rcius-\u00e1prilis cser\u00e9pben, \u00e9s m\u00e1jus k\u00f6zep\u00e9n \u00fcltess\u00fck a szabadba. \u00c9vel\u0151, de t\u00e9len takarni kell. Augusztus v\u00e9g\u00e9t\u0151l k\u00f6sse \u00f6ssze a sz\u00e1rakat, \u00e9s fedje le fekete f\u00f3li\u00e1val. A betakar\u00edt\u00e1s 3-4 h\u00e9ttel k\u00e9s\u0151bb t\u00f6rt\u00e9nhet meg.<\/span><\/p>\n<p><span id=\"column_2_uc_product_details_ctl04_lbl_ff_desc2\" class=\"value\">A k\u00e1rdival <em>(Cynara cardunculus)<\/em> els\u0151sorban a F\u00f6ldk\u00f6zi-tenger partvid\u00e9k\u00e9n tal\u00e1lkozhatunk. Nevezik bog\u00e1ncsos artics\u00f3k\u00e1nak is, \u00e9s \u0151shaz\u00e1j\u00e1ban az artics\u00f3ka vad alakj\u00e1nak is tartj\u00e1k. Azonban m\u00edg az artics\u00f3k\u00e1nak<strong><a href=\"https:\/\/www.agroinform.hu\/hazikert\/articsoka-zoldseg-konyha-kert-54364-001\" target=\"_blank\" rel=\"noopener\">\u00a0<\/a><\/strong>a zsenge f\u00e9szekpikkelyeit \u00e9s a vacokt\u00e1ny\u00e9rj\u00e1t lehet elfogyasztani, addig a k\u00e1rdinek a h\u00fasos lev\u00e9lbord\u00e1zat\u00e1t.<\/span><\/p>\n<p>A csomag 2 gr magot tartalmaz<\/p>\n<p>&nbsp;<\/p>\n","protected":false},"featured_media":33049,"comment_status":"closed","ping_status":"closed","template":"","meta":[],"product_brand":[],"product_cat":[438],"product_tag":[],"class_list":{"0":"post-33048","1":"product","2":"type-product","3":"status-publish","4":"has-post-thumbnail","6":"product_cat-horti-tops","8":"first","9":"instock","10":"downloadable","11":"taxable","12":"shipping-taxable","13":"purchasable","14":"product-type-simple"},"_links":{"self":[{"href":"https:\/\/chilimag.hu\/webshop\/wp-json\/wp\/v2\/product\/33048","targetHints":{"allow":["GET"]}}],"collection":[{"href":"https:\/\/chilimag.hu\/webshop\/wp-json\/wp\/v2\/product"}],"about":[{"href":"https:\/\/chilimag.hu\/webshop\/wp-json\/wp\/v2\/types\/product"}],"replies":[{"embeddable":true,"href":"https:\/\/chilimag.hu\/webshop\/wp-json\/wp\/v2\/comments?post=33048"}],"wp:featuredmedia":[{"embeddable":true,"href":"https:\/\/chilimag.hu\/webshop\/wp-json\/wp\/v2\/media\/33049"}],"wp:attachment":[{"href":"https:\/\/chilimag.hu\/webshop\/wp-json\/wp\/v2\/media?parent=33048"}],"wp:term":[{"taxonomy":"product_brand","embeddable":true,"href":"https:\/\/chilimag.hu\/webshop\/wp-json\/wp\/v2\/product_brand?post=33048"},{"taxonomy":"product_cat","embeddable":true,"href":"https:\/\/chilimag.hu\/webshop\/wp-json\/wp\/v2\/product_cat?post=33048"},{"taxonomy":"product_tag","embeddable":true,"href":"https:\/\/chilimag.hu\/webshop\/wp-json\/wp\/v2\/product_tag?post=33048"}],"curies":[{"name":"wp","href":"https:\/\/api.w.org\/{rel}","templated":true}]}}