{"id":33044,"date":"2024-08-06T18:09:53","date_gmt":"2024-08-06T18:09:53","guid":{"rendered":"https:\/\/chilimag.hu\/webshop\/?post_type=product&#038;p=33044"},"modified":"2026-04-30T07:33:23","modified_gmt":"2026-04-30T07:33:23","slug":"sparga-argenteuil-ht-h","status":"publish","type":"product","link":"https:\/\/chilimag.hu\/webshop\/termek\/sparga-argenteuil-ht-h\/","title":{"rendered":"Sp\u00e1rga Argenteuil Ht H"},"content":{"rendered":"","protected":false},"excerpt":{"rendered":"<p><img decoding=\"async\" class=\"img-responsive\" title=\"Horti Tops\" src=\"https:\/\/tuinplus.nl\/Documents\/Images\/Banners\/Horti_Tops_Roll_Over.jpg\" alt=\"Horti Tops\" \/><\/p>\n<p>Botanikai n\u00e9v:<span id=\"column_2_uc_product_details_ctl04_lbl_ff_desc2\" class=\"value\">Asparagus officinalis<\/span><\/p>\n<p><span id=\"column_2_uc_product_details_ctl04_lbl_ff_desc2\" class=\"value\">Sp\u00e1rga &#8211; Argenteuil<br \/>\n1. \u00e9v: szabadf\u00f6ldi vet\u00e9s sorokban m\u00e1rcius-\u00e1prilisban; t\u00e1vols\u00e1g 20 cm, \u00e1ltal\u00e1ban 10 cm, \u0151sszel takarjuk be r\u00e9gi term\u00e9szetes m\u0171tr\u00e1gy\u00e1val. 2. \u00e9v: t\u00e9l ut\u00e1n a n\u00f6v\u00e9nyeket egym\u00e1st\u00f3l kb. 30 cm t\u00e1vols\u00e1gra \u201ebar\u00e1zd\u00e1ba\u201d helyezz\u00fck, \u00e9s 10 cm talajjal takarjuk be. A bar\u00e1zda m\u00e9lys\u00e9ge 35 cm, sz\u00e9less\u00e9ge 40 cm. T\u00e9lre ist\u00e1ll\u00f3tr\u00e1gy\u00e1val takarjuk be. 3. \u00e9v: amint a n\u00f6v\u00e9nyek elkezdenek kihajtani, emelj\u00fck a sp\u00e1rga\u00e1gy\u00e1st 35 cm magas \u201egerincekre\u201d. Els\u0151 betakar\u00edt\u00e1s m\u00e1jus-j\u00fanius. A sp\u00e1rga\u00e1gyak 8\/10 \u00e9vig tarthat\u00f3k fenn.<\/span><\/p>\n<p>A csomag 3 gr magot tartalmaz<\/p>\n<p>&nbsp;<\/p>\n","protected":false},"featured_media":33045,"comment_status":"closed","ping_status":"closed","template":"","meta":[],"product_brand":[],"product_cat":[438],"product_tag":[],"class_list":{"0":"post-33044","1":"product","2":"type-product","3":"status-publish","4":"has-post-thumbnail","6":"product_cat-horti-tops","8":"first","9":"instock","10":"taxable","11":"shipping-taxable","12":"purchasable","13":"product-type-simple"},"_links":{"self":[{"href":"https:\/\/chilimag.hu\/webshop\/wp-json\/wp\/v2\/product\/33044","targetHints":{"allow":["GET"]}}],"collection":[{"href":"https:\/\/chilimag.hu\/webshop\/wp-json\/wp\/v2\/product"}],"about":[{"href":"https:\/\/chilimag.hu\/webshop\/wp-json\/wp\/v2\/types\/product"}],"replies":[{"embeddable":true,"href":"https:\/\/chilimag.hu\/webshop\/wp-json\/wp\/v2\/comments?post=33044"}],"wp:featuredmedia":[{"embeddable":true,"href":"https:\/\/chilimag.hu\/webshop\/wp-json\/wp\/v2\/media\/33045"}],"wp:attachment":[{"href":"https:\/\/chilimag.hu\/webshop\/wp-json\/wp\/v2\/media?parent=33044"}],"wp:term":[{"taxonomy":"product_brand","embeddable":true,"href":"https:\/\/chilimag.hu\/webshop\/wp-json\/wp\/v2\/product_brand?post=33044"},{"taxonomy":"product_cat","embeddable":true,"href":"https:\/\/chilimag.hu\/webshop\/wp-json\/wp\/v2\/product_cat?post=33044"},{"taxonomy":"product_tag","embeddable":true,"href":"https:\/\/chilimag.hu\/webshop\/wp-json\/wp\/v2\/product_tag?post=33044"}],"curies":[{"name":"wp","href":"https:\/\/api.w.org\/{rel}","templated":true}]}}