{"id":33025,"date":"2024-08-06T10:42:26","date_gmt":"2024-08-06T10:42:26","guid":{"rendered":"https:\/\/chilimag.hu\/webshop\/?post_type=product&#038;p=33025"},"modified":"2025-02-11T16:29:01","modified_gmt":"2025-02-11T16:29:01","slug":"mezei-pipacs-native-flowers-bz-h","status":"publish","type":"product","link":"https:\/\/chilimag.hu\/webshop\/termek\/mezei-pipacs-native-flowers-bz-h\/","title":{"rendered":"Mezei pipacs Native Flowers Bz H"},"content":{"rendered":"","protected":false},"excerpt":{"rendered":"<p><img fetchpriority=\"high\" decoding=\"async\" class=\"attachment-medium size-medium\" src=\"https:\/\/purchasingpowerplus.com\/wp-content\/uploads\/2021\/05\/Buzzy-Logo-300x239.jpg\" sizes=\"(max-width: 300px) 100vw, 300px\" srcset=\"https:\/\/purchasingpowerplus.com\/wp-content\/uploads\/2021\/05\/Buzzy-Logo-300x239.jpg 300w, https:\/\/purchasingpowerplus.com\/wp-content\/uploads\/2021\/05\/Buzzy-Logo-768x612.jpg 768w, https:\/\/purchasingpowerplus.com\/wp-content\/uploads\/2021\/05\/Buzzy-Logo-1024x816.jpg 1024w, https:\/\/purchasingpowerplus.com\/wp-content\/uploads\/2021\/05\/Buzzy-Logo.jpg 1500w\" alt=\"\" width=\"300\" height=\"239\" \/><\/p>\n<p>Botanikai n\u00e9v:<span id=\"column_2_uc_product_details_ctl04_lbl_ff_desc2\" class=\"value\">Papaver rhoeas<\/span><\/p>\n<p><span id=\"column_2_uc_product_details_ctl04_lbl_ff_desc2\" class=\"value\">Pipacs<br \/>\nA k\u00f6z\u00f6ns\u00e9ges pipacs term\u00e9szetesen t\u00e1panyagszeg\u00e9ny talajokon fordul el\u0151, \u00e9s a napos helyet kedveli. A m\u00e1kot gyakran l\u00e1tni az utak sz\u00e9l\u00e9n, de j\u00f3l \u00e9rzi mag\u00e1t a mez\u0151k\u00f6n \u00e9s a puszt\u00e1kon is. A v\u00f6r\u00f6s vir\u00e1gok sok m\u00e9het vonzanak. N\u00f6veked\u00e9si magass\u00e1g 35 cm. K\u00f6zvetlen\u00fcl napos helyre vess\u00fck<br \/>\n\u00e1prilist\u00f3l j\u00faniusig. A m\u00e1k j\u00faniust\u00f3l szeptemberig vir\u00e1gzik, egyny\u00e1ri, de nagyon k\u00f6nnyen magot vet.<br \/>\nN\u00e9lk\u00fcl\u00f6zhetetlen vir\u00e1gok lak\u00f3k\u00f6rnyezet\u00fcnk n\u00f6v\u00e9ny- \u00e9s \u00e1llatvil\u00e1g\u00e1nak.<\/span><\/p>\n<p>A csomag 0,1 gr magot tartalmaz.<\/p>\n<p>&nbsp;<\/p>\n","protected":false},"featured_media":33026,"comment_status":"closed","ping_status":"closed","template":"","meta":[],"product_brand":[],"product_cat":[445],"product_tag":[],"class_list":{"0":"post-33025","1":"product","2":"type-product","3":"status-publish","4":"has-post-thumbnail","6":"product_cat-native-flowers-house-plants","8":"first","9":"instock","10":"taxable","11":"shipping-taxable","12":"purchasable","13":"product-type-simple"},"_links":{"self":[{"href":"https:\/\/chilimag.hu\/webshop\/wp-json\/wp\/v2\/product\/33025","targetHints":{"allow":["GET"]}}],"collection":[{"href":"https:\/\/chilimag.hu\/webshop\/wp-json\/wp\/v2\/product"}],"about":[{"href":"https:\/\/chilimag.hu\/webshop\/wp-json\/wp\/v2\/types\/product"}],"replies":[{"embeddable":true,"href":"https:\/\/chilimag.hu\/webshop\/wp-json\/wp\/v2\/comments?post=33025"}],"wp:featuredmedia":[{"embeddable":true,"href":"https:\/\/chilimag.hu\/webshop\/wp-json\/wp\/v2\/media\/33026"}],"wp:attachment":[{"href":"https:\/\/chilimag.hu\/webshop\/wp-json\/wp\/v2\/media?parent=33025"}],"wp:term":[{"taxonomy":"product_brand","embeddable":true,"href":"https:\/\/chilimag.hu\/webshop\/wp-json\/wp\/v2\/product_brand?post=33025"},{"taxonomy":"product_cat","embeddable":true,"href":"https:\/\/chilimag.hu\/webshop\/wp-json\/wp\/v2\/product_cat?post=33025"},{"taxonomy":"product_tag","embeddable":true,"href":"https:\/\/chilimag.hu\/webshop\/wp-json\/wp\/v2\/product_tag?post=33025"}],"curies":[{"name":"wp","href":"https:\/\/api.w.org\/{rel}","templated":true}]}}