{"id":33019,"date":"2024-08-06T07:45:04","date_gmt":"2024-08-06T07:45:04","guid":{"rendered":"https:\/\/chilimag.hu\/webshop\/?post_type=product&#038;p=33019"},"modified":"2026-03-25T22:31:15","modified_gmt":"2026-03-25T22:31:15","slug":"oshonos-vadvirag-keverek-native-flowers-bz-h","status":"publish","type":"product","link":"https:\/\/chilimag.hu\/webshop\/termek\/oshonos-vadvirag-keverek-native-flowers-bz-h\/","title":{"rendered":"\u0150shonos vadvir\u00e1g kever\u00e9k Wildbloemen Mixture Native Flowers Bz H"},"content":{"rendered":"","protected":false},"excerpt":{"rendered":"<p><img fetchpriority=\"high\" decoding=\"async\" class=\"attachment-medium size-medium\" src=\"https:\/\/purchasingpowerplus.com\/wp-content\/uploads\/2021\/05\/Buzzy-Logo-300x239.jpg\" sizes=\"(max-width: 300px) 100vw, 300px\" srcset=\"https:\/\/purchasingpowerplus.com\/wp-content\/uploads\/2021\/05\/Buzzy-Logo-300x239.jpg 300w, https:\/\/purchasingpowerplus.com\/wp-content\/uploads\/2021\/05\/Buzzy-Logo-768x612.jpg 768w, https:\/\/purchasingpowerplus.com\/wp-content\/uploads\/2021\/05\/Buzzy-Logo-1024x816.jpg 1024w, https:\/\/purchasingpowerplus.com\/wp-content\/uploads\/2021\/05\/Buzzy-Logo.jpg 1500w\" alt=\"\" width=\"300\" height=\"239\" \/><\/p>\n<p>Nat\u00edv vadvir\u00e1g kever\u00e9k<br \/>\n\u0150shonos vadvir\u00e1g kever\u00e9k term\u00e9szetes vir\u00e1gos r\u00e9thez. Ez a vir\u00e1gmag kever\u00e9k egyny\u00e1ri \u00e9s \u00e9vel\u0151 n\u00f6v\u00e9nyeket tartalmaz, amelyek vonz\u00f3ak a k\u00fcl\u00f6nb\u00f6z\u0151 rovarok sz\u00e1m\u00e1ra. Ez a kever\u00e9k alkalmas utak sz\u00e9l\u00e9re, vir\u00e1gos f\u00fcves ter\u00fcletre vagy vadvir\u00e1gos kertbe. A n\u00f6v\u00e9nyek \u00f6nmagukat vetik vagy \u00fajra kihajtanak. Hagyja az \u00f6sszes vir\u00e1got teljesen kivir\u00e1gozni, hogy nyugodtan magokat k\u00e9pezhessenek. M\u00e1rciust\u00f3l j\u00faniusig vetj\u00fck szabadf\u00f6ld\u00f6n. Vir\u00e1gz\u00e1si id\u0151szak j\u00faniust\u00f3l okt\u00f3berig.<br \/>\nN\u00e9lk\u00fcl\u00f6zhetetlen vir\u00e1gok lak\u00f3k\u00f6rnyezet\u00fcnk n\u00f6v\u00e9ny- \u00e9s \u00e1llatvil\u00e1g\u00e1nak.<\/p>\n<p>A csomag 1 gr magot tartalmaz<\/p>\n","protected":false},"featured_media":33020,"comment_status":"closed","ping_status":"closed","template":"","meta":[],"product_brand":[],"product_cat":[445],"product_tag":[],"class_list":{"0":"post-33019","1":"product","2":"type-product","3":"status-publish","4":"has-post-thumbnail","6":"product_cat-native-flowers-house-plants","8":"first","9":"instock","10":"taxable","11":"shipping-taxable","12":"purchasable","13":"product-type-simple"},"_links":{"self":[{"href":"https:\/\/chilimag.hu\/webshop\/wp-json\/wp\/v2\/product\/33019","targetHints":{"allow":["GET"]}}],"collection":[{"href":"https:\/\/chilimag.hu\/webshop\/wp-json\/wp\/v2\/product"}],"about":[{"href":"https:\/\/chilimag.hu\/webshop\/wp-json\/wp\/v2\/types\/product"}],"replies":[{"embeddable":true,"href":"https:\/\/chilimag.hu\/webshop\/wp-json\/wp\/v2\/comments?post=33019"}],"wp:featuredmedia":[{"embeddable":true,"href":"https:\/\/chilimag.hu\/webshop\/wp-json\/wp\/v2\/media\/33020"}],"wp:attachment":[{"href":"https:\/\/chilimag.hu\/webshop\/wp-json\/wp\/v2\/media?parent=33019"}],"wp:term":[{"taxonomy":"product_brand","embeddable":true,"href":"https:\/\/chilimag.hu\/webshop\/wp-json\/wp\/v2\/product_brand?post=33019"},{"taxonomy":"product_cat","embeddable":true,"href":"https:\/\/chilimag.hu\/webshop\/wp-json\/wp\/v2\/product_cat?post=33019"},{"taxonomy":"product_tag","embeddable":true,"href":"https:\/\/chilimag.hu\/webshop\/wp-json\/wp\/v2\/product_tag?post=33019"}],"curies":[{"name":"wp","href":"https:\/\/api.w.org\/{rel}","templated":true}]}}