{"id":33016,"date":"2024-08-05T18:21:35","date_gmt":"2024-08-05T18:21:35","guid":{"rendered":"https:\/\/chilimag.hu\/webshop\/?post_type=product&#038;p=33016"},"modified":"2026-03-08T14:06:49","modified_gmt":"2026-03-08T14:06:49","slug":"mungobab-csiraztatnivalo-organic-sprounting-bz-h","status":"publish","type":"product","link":"https:\/\/chilimag.hu\/webshop\/termek\/mungobab-csiraztatnivalo-organic-sprounting-bz-h\/","title":{"rendered":"Mung\u00f3bab BIO Cs\u00edr\u00e1ztatnival\u00f3 Organic Sprounting Bz H"},"content":{"rendered":"","protected":false},"excerpt":{"rendered":"<p><img fetchpriority=\"high\" decoding=\"async\" class=\"attachment-medium size-medium\" src=\"https:\/\/purchasingpowerplus.com\/wp-content\/uploads\/2021\/05\/Buzzy-Logo-300x239.jpg\" sizes=\"(max-width: 300px) 100vw, 300px\" srcset=\"https:\/\/purchasingpowerplus.com\/wp-content\/uploads\/2021\/05\/Buzzy-Logo-300x239.jpg 300w, https:\/\/purchasingpowerplus.com\/wp-content\/uploads\/2021\/05\/Buzzy-Logo-768x612.jpg 768w, https:\/\/purchasingpowerplus.com\/wp-content\/uploads\/2021\/05\/Buzzy-Logo-1024x816.jpg 1024w, https:\/\/purchasingpowerplus.com\/wp-content\/uploads\/2021\/05\/Buzzy-Logo.jpg 1500w\" alt=\"\" width=\"300\" height=\"239\" \/><\/p>\n<p>Botanikai n\u00e9v:\u00a0<span id=\"column_2_uc_product_details_ctl04_lbl_ff_desc2\" class=\"value\">Vigna radiata<\/span><\/p>\n<p>Babcs\u00edra<br \/>\nA cs\u00edr\u00e1z\u00f3 z\u00f6lds\u00e9geket v\u00edzzel k\u00f6nnyen meg lehet nevelni. A babcs\u00edra sz\u00e9p, friss \u00e9s ropog\u00f3s, kiv\u00e1l\u00f3 \u00edze a r\u00e1ntott \u00e9teleknek, de sal\u00e1t\u00e1knak, s\u0151t leveseknek is. Haszn\u00e1lat el\u0151tt r\u00f6vid ideig \u00e1ztassa forr\u00f3 v\u00edzben, vagy keverje meg. B-vitaminban gazdag.<\/p>\n<p>El\u0151sz\u00f6r \u00e1ztasd be a mung\u00f3babot b\u0151 v\u00edzbe egy napig, majd alaposan \u00f6bl\u00edtsd le hideg v\u00edzzel.<\/p>\n<p>Ezut\u00e1n hagyja a babot j\u00f3l lecsepegtetni, \u00e9s tegye a termeszt\u0151k\u00e9szletet s\u00f6t\u00e9t \u00e9s meleg helyre, hogy gy\u00f6ny\u00f6r\u0171 feh\u00e9r, ropog\u00f3s cs\u00edr\u00e1k n\u0151jenek.<br \/>\nHa a babot f\u00e9nyre helyezi, a cs\u00edr\u00e1k z\u00f6ldre v\u00e1lnak, \u00e9s hamarosan leveleket fejlesztenek.<\/p>\n<p>A babot minden nap vagy lehet\u0151leg naponta k\u00e9tszer kell \u00f6bl\u00edteni.<br \/>\n5 nap m\u00falva m\u00e1r fogyaszthatod a cs\u00edr\u00e1kat (amelyek akkor 3-5 cm hossz\u00faak).<\/p>\n<p>A babcs\u00edr\u00e1t fogyaszt\u00e1s el\u0151tt r\u00f6vid ideig meleg\u00edteni kell.<\/p>\n<p>A term\u00e9k jellemz\u0151i<\/p>\n<p>A cs\u00edr\u00e1ztatott mung\u00f3bab cs\u00edr\u00e1ja<br \/>\nNagyon ropog\u00f3s \u00e9s \u00edzletes<br \/>\nA cs\u00edr\u00e1k B-, C-vitaminban \u00e9s vasban gazdagok<\/p>\n<p>Id\u0151szakok<br \/>\nBelt\u00e9ri vet\u00e9sid\u0151 janu\u00e1rt\u00f3l<br \/>\nBelt\u00e9ri vet\u00e9sid\u0151 decemberig<br \/>\nJanu\u00e1ri betakar\u00edt\u00e1si id\u0151<br \/>\nBetakar\u00edt\u00e1si id\u0151 decemberig<\/p>\n<p>A vet\u0151mag jellemz\u0151i<br \/>\nMagok grammonk\u00e9nt 15<\/p>\n<p>A csomag 30 gr magot tartalmaz<\/p>\n","protected":false},"featured_media":33017,"comment_status":"closed","ping_status":"closed","template":"","meta":[],"product_brand":[],"product_cat":[442],"product_tag":[],"class_list":{"0":"post-33016","1":"product","2":"type-product","3":"status-publish","4":"has-post-thumbnail","6":"product_cat-micro-greens-organic-sprounting","8":"first","9":"instock","10":"taxable","11":"shipping-taxable","12":"purchasable","13":"product-type-simple"},"_links":{"self":[{"href":"https:\/\/chilimag.hu\/webshop\/wp-json\/wp\/v2\/product\/33016","targetHints":{"allow":["GET"]}}],"collection":[{"href":"https:\/\/chilimag.hu\/webshop\/wp-json\/wp\/v2\/product"}],"about":[{"href":"https:\/\/chilimag.hu\/webshop\/wp-json\/wp\/v2\/types\/product"}],"replies":[{"embeddable":true,"href":"https:\/\/chilimag.hu\/webshop\/wp-json\/wp\/v2\/comments?post=33016"}],"wp:featuredmedia":[{"embeddable":true,"href":"https:\/\/chilimag.hu\/webshop\/wp-json\/wp\/v2\/media\/33017"}],"wp:attachment":[{"href":"https:\/\/chilimag.hu\/webshop\/wp-json\/wp\/v2\/media?parent=33016"}],"wp:term":[{"taxonomy":"product_brand","embeddable":true,"href":"https:\/\/chilimag.hu\/webshop\/wp-json\/wp\/v2\/product_brand?post=33016"},{"taxonomy":"product_cat","embeddable":true,"href":"https:\/\/chilimag.hu\/webshop\/wp-json\/wp\/v2\/product_cat?post=33016"},{"taxonomy":"product_tag","embeddable":true,"href":"https:\/\/chilimag.hu\/webshop\/wp-json\/wp\/v2\/product_tag?post=33016"}],"curies":[{"name":"wp","href":"https:\/\/api.w.org\/{rel}","templated":true}]}}