{"id":33012,"date":"2024-08-05T18:14:21","date_gmt":"2024-08-05T18:14:21","guid":{"rendered":"https:\/\/chilimag.hu\/webshop\/?post_type=product&#038;p=33012"},"modified":"2025-08-30T16:48:34","modified_gmt":"2025-08-30T16:48:34","slug":"karalabe-kek-csiraneveleshez-organic-sprounting-bz-h","status":"publish","type":"product","link":"https:\/\/chilimag.hu\/webshop\/termek\/karalabe-kek-csiraneveleshez-organic-sprounting-bz-h\/","title":{"rendered":"Karal\u00e1b\u00e9 BIO  K\u00e9k Cs\u00edranevel\u00e9shez Organic Sprounting Bz H"},"content":{"rendered":"","protected":false},"excerpt":{"rendered":"<p><img fetchpriority=\"high\" decoding=\"async\" class=\"attachment-medium size-medium\" src=\"https:\/\/purchasingpowerplus.com\/wp-content\/uploads\/2021\/05\/Buzzy-Logo-300x239.jpg\" sizes=\"(max-width: 300px) 100vw, 300px\" srcset=\"https:\/\/purchasingpowerplus.com\/wp-content\/uploads\/2021\/05\/Buzzy-Logo-300x239.jpg 300w, https:\/\/purchasingpowerplus.com\/wp-content\/uploads\/2021\/05\/Buzzy-Logo-768x612.jpg 768w, https:\/\/purchasingpowerplus.com\/wp-content\/uploads\/2021\/05\/Buzzy-Logo-1024x816.jpg 1024w, https:\/\/purchasingpowerplus.com\/wp-content\/uploads\/2021\/05\/Buzzy-Logo.jpg 1500w\" alt=\"\" width=\"300\" height=\"239\" \/><\/p>\n<p>Botanikai n\u00e9v:<span id=\"column_2_uc_product_details_ctl04_lbl_ff_desc2\" class=\"value\">Brassica oleracea<\/span><\/p>\n<p>Karal\u00e1b\u00e9- k\u00e9k<br \/>\nA cs\u00edr\u00e1z\u00f3 z\u00f6lds\u00e9geket v\u00edzzel k\u00f6nnyen meg lehet nevelni. A karal\u00e1b\u00e9 gy\u00f6ny\u00f6r\u0171 m\u00e9lylila cs\u00edr\u00e1t hoz l\u00e9tre sok vitaminnal \u00e9s t\u00e1panyaggal. Enyhe, \u00e9des, k\u00e1poszt\u00e1s \u00e9s di\u00f3s \u00edz\u0171 cs\u00edra, mely k\u00f6retk\u00e9nt szinte minden \u00e9telhez illik.<br \/>\nA-, B-, C-, E- \u00e9s K-vitaminban gazdag.<\/p>\n<p>A vet\u0151magot v\u00e9kony r\u00e9tegben sz\u00f3rjuk a vet\u0151r\u00e1csra, \u00e9s alaposan \u00f6bl\u00edts\u00fck le a csap alatt. T\u00f6ltse fel az \u00fcvegt\u00e1lat v\u00edzzel az \u00e1llv\u00e1ny alj\u00e1ig, \u00e9s helyezze az ablakp\u00e1rk\u00e1nyra norm\u00e1l szobah\u0151m\u00e9rs\u00e9kleten (20-22 C). Cser\u00e9lje ki a vizet minden nap.<br \/>\nEgy \u00fcres vajas ed\u00e9nyt is megt\u00f6lthet nedves vatt\u00e1val, \u00e9s r\u00e1sz\u00f3rhatja a magokat. Tartsa j\u00f3l nedvesen a vatt\u00e1t, \u00e9s \u00e9lvezheti a saj\u00e1t termeszt\u00e9s\u0171 cs\u00edr\u00e1it. 5 nap m\u00falva m\u00e1r fogyaszthatod a cs\u00edr\u00e1kat (amelyek akkor 3-5 cm hossz\u00faak).<br \/>\nN\u00e9h\u00e1ny nappal meghosszabb\u00edt\u00e1sa t\u00f6bb levelet ad a cs\u00edr\u00e1nak. A cs\u00edr\u00e1k k\u00f6r\u00fclbel\u00fcl egy h\u00e9tig t\u00e1rolhat\u00f3k h\u0171t\u0151szekr\u00e9nyben an\u00e9lk\u00fcl, hogy elvesz\u00edten\u00e9k eg\u00e9szs\u00e9ges tulajdons\u00e1gaikat.<\/p>\n<p>A term\u00e9k jellemz\u0151i<\/p>\n<p>Enyhe, \u00e9des, k\u00e1poszta \u00e9s di\u00f3 \u00edz\u0171 cs\u00edra<br \/>\nA-, B-, C-, E- \u00e9s K-vitaminban gazdag<br \/>\nH\u00e1zban eg\u00e9sz \u00e9vben termeszthet\u0151<\/p>\n<p>Id\u0151szakok<br \/>\nBelt\u00e9ri vet\u00e9sid\u0151 janu\u00e1rt\u00f3l<br \/>\nBelt\u00e9ri vet\u00e9sid\u0151 decemberig<br \/>\nJanu\u00e1ri betakar\u00edt\u00e1si id\u0151<br \/>\nBetakar\u00edt\u00e1si id\u0151 decemberig<\/p>\n<p>A csomag 20 gr magot tartalmaz<\/p>\n","protected":false},"featured_media":33013,"comment_status":"closed","ping_status":"closed","template":"","meta":[],"product_brand":[],"product_cat":[442],"product_tag":[],"class_list":{"0":"post-33012","1":"product","2":"type-product","3":"status-publish","4":"has-post-thumbnail","6":"product_cat-micro-greens-organic-sprounting","8":"first","9":"instock","10":"taxable","11":"shipping-taxable","12":"purchasable","13":"product-type-simple"},"_links":{"self":[{"href":"https:\/\/chilimag.hu\/webshop\/wp-json\/wp\/v2\/product\/33012","targetHints":{"allow":["GET"]}}],"collection":[{"href":"https:\/\/chilimag.hu\/webshop\/wp-json\/wp\/v2\/product"}],"about":[{"href":"https:\/\/chilimag.hu\/webshop\/wp-json\/wp\/v2\/types\/product"}],"replies":[{"embeddable":true,"href":"https:\/\/chilimag.hu\/webshop\/wp-json\/wp\/v2\/comments?post=33012"}],"wp:featuredmedia":[{"embeddable":true,"href":"https:\/\/chilimag.hu\/webshop\/wp-json\/wp\/v2\/media\/33013"}],"wp:attachment":[{"href":"https:\/\/chilimag.hu\/webshop\/wp-json\/wp\/v2\/media?parent=33012"}],"wp:term":[{"taxonomy":"product_brand","embeddable":true,"href":"https:\/\/chilimag.hu\/webshop\/wp-json\/wp\/v2\/product_brand?post=33012"},{"taxonomy":"product_cat","embeddable":true,"href":"https:\/\/chilimag.hu\/webshop\/wp-json\/wp\/v2\/product_cat?post=33012"},{"taxonomy":"product_tag","embeddable":true,"href":"https:\/\/chilimag.hu\/webshop\/wp-json\/wp\/v2\/product_tag?post=33012"}],"curies":[{"name":"wp","href":"https:\/\/api.w.org\/{rel}","templated":true}]}}