{"id":32994,"date":"2024-08-04T19:01:44","date_gmt":"2024-08-04T19:01:44","guid":{"rendered":"https:\/\/chilimag.hu\/webshop\/?post_type=product&#038;p=32994"},"modified":"2026-03-24T15:57:27","modified_gmt":"2026-03-24T15:57:27","slug":"golgotavirag-blue-climbing-flowers-bz-h","status":"publish","type":"product","link":"https:\/\/chilimag.hu\/webshop\/termek\/golgotavirag-blue-climbing-flowers-bz-h\/","title":{"rendered":"Golgotavir\u00e1g Blue Climbing Flowers Bz H"},"content":{"rendered":"","protected":false},"excerpt":{"rendered":"<p><img fetchpriority=\"high\" decoding=\"async\" class=\"attachment-medium size-medium\" src=\"https:\/\/purchasingpowerplus.com\/wp-content\/uploads\/2021\/05\/Buzzy-Logo-300x239.jpg\" sizes=\"(max-width: 300px) 100vw, 300px\" srcset=\"https:\/\/purchasingpowerplus.com\/wp-content\/uploads\/2021\/05\/Buzzy-Logo-300x239.jpg 300w, https:\/\/purchasingpowerplus.com\/wp-content\/uploads\/2021\/05\/Buzzy-Logo-768x612.jpg 768w, https:\/\/purchasingpowerplus.com\/wp-content\/uploads\/2021\/05\/Buzzy-Logo-1024x816.jpg 1024w, https:\/\/purchasingpowerplus.com\/wp-content\/uploads\/2021\/05\/Buzzy-Logo.jpg 1500w\" alt=\"\" width=\"300\" height=\"239\" \/><\/p>\n<p>Botanikai n\u00e9v:\u00a0<span id=\"column_2_uc_product_details_ctl04_lbl_ff_desc2\" class=\"value\">Passiflora caerulea<\/span><\/p>\n<p><span id=\"column_2_uc_product_details_ctl04_lbl_ff_desc2\" class=\"value\">Passi\u00f3vir\u00e1g &#8211; k\u00e9k<br \/>\n\u00c1ztassa a magokat v\u00edzben 48 \u00f3r\u00e1n \u00e1t. Eg\u00e9sz \u00e9vben termeszthet\u0151, 20\u00b0C-on, magt\u00e1lc\u00e1ban vagy nagy vir\u00e1gcser\u00e9pben (3-4 mag cser\u00e9pben). M\u00e1jus k\u00f6zepe ut\u00e1n lehets\u00e9ges<br \/>\nK\u00fclt\u00e9ren, napos, v\u00e9dett helyre \u00fcltetj\u00fck. Vir\u00e1gzik j\u00faniust\u00f3l okt\u00f3berig.<br \/>\nV\u00e9dje a n\u00f6v\u00e9nyeket t\u00e9len. N\u00e9pszer\u0171 k\u00fasz\u00f3n\u00f6v\u00e9ny gy\u00f6ny\u00f6r\u0171 lil\u00e1s-feh\u00e9r golgotavir\u00e1gokkal.<\/span><\/p>\n<p>A csomag 0,5 gr magot tartalmaz<\/p>\n<p>&nbsp;<\/p>\n","protected":false},"featured_media":32995,"comment_status":"closed","ping_status":"closed","template":"","meta":[],"product_brand":[],"product_cat":[446],"product_tag":[],"class_list":{"0":"post-32994","1":"product","2":"type-product","3":"status-publish","4":"has-post-thumbnail","6":"product_cat-poppy-climbing-sunny-flowers","8":"first","9":"instock","10":"taxable","11":"shipping-taxable","12":"purchasable","13":"product-type-simple"},"_links":{"self":[{"href":"https:\/\/chilimag.hu\/webshop\/wp-json\/wp\/v2\/product\/32994","targetHints":{"allow":["GET"]}}],"collection":[{"href":"https:\/\/chilimag.hu\/webshop\/wp-json\/wp\/v2\/product"}],"about":[{"href":"https:\/\/chilimag.hu\/webshop\/wp-json\/wp\/v2\/types\/product"}],"replies":[{"embeddable":true,"href":"https:\/\/chilimag.hu\/webshop\/wp-json\/wp\/v2\/comments?post=32994"}],"wp:featuredmedia":[{"embeddable":true,"href":"https:\/\/chilimag.hu\/webshop\/wp-json\/wp\/v2\/media\/32995"}],"wp:attachment":[{"href":"https:\/\/chilimag.hu\/webshop\/wp-json\/wp\/v2\/media?parent=32994"}],"wp:term":[{"taxonomy":"product_brand","embeddable":true,"href":"https:\/\/chilimag.hu\/webshop\/wp-json\/wp\/v2\/product_brand?post=32994"},{"taxonomy":"product_cat","embeddable":true,"href":"https:\/\/chilimag.hu\/webshop\/wp-json\/wp\/v2\/product_cat?post=32994"},{"taxonomy":"product_tag","embeddable":true,"href":"https:\/\/chilimag.hu\/webshop\/wp-json\/wp\/v2\/product_tag?post=32994"}],"curies":[{"name":"wp","href":"https:\/\/api.w.org\/{rel}","templated":true}]}}