{"id":32987,"date":"2024-08-04T18:44:45","date_gmt":"2024-08-04T18:44:45","guid":{"rendered":"https:\/\/chilimag.hu\/webshop\/?post_type=product&#038;p=32987"},"modified":"2026-02-18T23:43:11","modified_gmt":"2026-02-18T23:43:11","slug":"bazsalikom-blue-spice-basilico-collection-bz-h","status":"publish","type":"product","link":"https:\/\/chilimag.hu\/webshop\/termek\/bazsalikom-blue-spice-basilico-collection-bz-h\/","title":{"rendered":"Bazsalikom Blue Spice Basilico Collection Bz H"},"content":{"rendered":"","protected":false},"excerpt":{"rendered":"<p>Botanikai n\u00e9v:\u00a0<span id=\"column_2_uc_product_details_ctl04_lbl_ff_desc2\" class=\"value\">Ocimum americanum x Ocimum basilicum<\/span><\/p>\n<p><span id=\"column_2_uc_product_details_ctl04_lbl_ff_desc2\" class=\"value\">Bazsalikom &#8211; Blue Spice<br \/>\nA bazsalikom eg\u00e9sz \u00e9vben belt\u00e9rre vethet\u0151. Szabadt\u00e9ri termeszt\u00e9shez m\u00e1rciust\u00f3l j\u00faliusig vessen belt\u00e9ren, \u00e9s k\u00f6lt\u00f6zz\u00f6n a szabadba, amint a h\u0151m\u00e9rs\u00e9klet 20\u00b0C f\u00f6l\u00e9 emelkedik.<br \/>\nA Blue Spice egy er\u0151sen n\u00f6vekv\u0151 bazsalikom, gy\u00f6ny\u00f6r\u0171 vir\u00e1ggal \u00e9s felt\u0171n\u0151en f\u0171szeres van\u00edlia \u00edzzel. Az egyik legillatosabb bazsalikom fajta!<\/span><\/p>\n<p>A csomag 0,5 gr magot tartalmaz<\/p>\n","protected":false},"featured_media":32988,"comment_status":"closed","ping_status":"closed","template":"","meta":[],"product_brand":[],"product_cat":[443],"product_tag":[],"class_list":{"0":"post-32987","1":"product","2":"type-product","3":"status-publish","4":"has-post-thumbnail","6":"product_cat-pomodori-basilico-collection-patio-vegetables","8":"first","9":"instock","10":"taxable","11":"shipping-taxable","12":"purchasable","13":"product-type-simple"},"_links":{"self":[{"href":"https:\/\/chilimag.hu\/webshop\/wp-json\/wp\/v2\/product\/32987","targetHints":{"allow":["GET"]}}],"collection":[{"href":"https:\/\/chilimag.hu\/webshop\/wp-json\/wp\/v2\/product"}],"about":[{"href":"https:\/\/chilimag.hu\/webshop\/wp-json\/wp\/v2\/types\/product"}],"replies":[{"embeddable":true,"href":"https:\/\/chilimag.hu\/webshop\/wp-json\/wp\/v2\/comments?post=32987"}],"wp:featuredmedia":[{"embeddable":true,"href":"https:\/\/chilimag.hu\/webshop\/wp-json\/wp\/v2\/media\/32988"}],"wp:attachment":[{"href":"https:\/\/chilimag.hu\/webshop\/wp-json\/wp\/v2\/media?parent=32987"}],"wp:term":[{"taxonomy":"product_brand","embeddable":true,"href":"https:\/\/chilimag.hu\/webshop\/wp-json\/wp\/v2\/product_brand?post=32987"},{"taxonomy":"product_cat","embeddable":true,"href":"https:\/\/chilimag.hu\/webshop\/wp-json\/wp\/v2\/product_cat?post=32987"},{"taxonomy":"product_tag","embeddable":true,"href":"https:\/\/chilimag.hu\/webshop\/wp-json\/wp\/v2\/product_tag?post=32987"}],"curies":[{"name":"wp","href":"https:\/\/api.w.org\/{rel}","templated":true}]}}