{"id":3298,"date":"2016-11-29T19:30:49","date_gmt":"2016-11-29T19:30:49","guid":{"rendered":"https:\/\/chilimag.hu\/webshop\/?post_type=product&#038;p=3298"},"modified":"2025-08-11T09:53:56","modified_gmt":"2025-08-11T09:53:56","slug":"yaki-blue-fawn","status":"publish","type":"product","link":"https:\/\/chilimag.hu\/webshop\/termek\/yaki-blue-fawn\/","title":{"rendered":"Yaki Blue Fawn"},"content":{"rendered":"","protected":false},"excerpt":{"rendered":"<div><img decoding=\"async\" src=\"https:\/\/chilimag.hu\/webshop\/wp-content\/uploads\/2014\/11\/chilimag-logo-2-150x150.jpg\" \/><\/div>\n<div><\/div>\n<div>\n<p>Le\u00edr\u00e1s<\/p>\n<p>A Yaki Blue Fawn Chili a szem lakoma &#8211; egy igaz\u00e1n k\u00fcl\u00f6nleges chili. A chili egy meghosszabb\u00edtott, hegyes Habanero-ra eml\u00e9keztet, \u00e9s csod\u00e1latos sz\u00ednj\u00e1t\u00e9kkal rendelkezik: minden nap \u00faj sz\u00ednek \u00e9s leny\u0171g\u00f6z\u0151 arculatok sz\u00fcletnek, m\u00edg v\u00e9g\u00fcl egy gy\u00fcm\u00f6lcs\u00f6n minden sz\u00edn megjelenik: z\u00f6ld, s\u00e1rga, piros, lila, k\u00e9k, narancs, barna. A sz\u00ednek igazi pomp\u00e1ja intenz\u00edv h\u0151s\u00e9g k\u00eds\u00e9ret\u00e9ben.<\/p>\n<p>Gondoz\u00e1sa: A cs\u00edr\u00e1z\u00e1si h\u0151m\u00e9rs\u00e9klet 21 \u00e9s 28\u00b0C k\u00f6z\u00f6tt van (8-21 napos cs\u00edr\u00e1z\u00e1si id\u0151szak), ez\u00e9rt \u00fcvegh\u00e1z \u00e9s f\u0171t\u0151sz\u0151nyeg haszn\u00e1lata javasolt. A n\u00f6v\u00e9nyeknek friss, j\u00f3l tr\u00e1gy\u00e1zott, v\u00edz\u00e1tereszt\u0151 talajra van sz\u00fcks\u00e9g\u00fck, nem t\u0171rik a bevizesed\u00e9st. Napos, v\u00e9dett helyre kell \u00fcltetni, ahol legal\u00e1bb 6 \u00f3ra napf\u00e9ny \u2013 lehet\u0151leg t\u00f6bb. Tedd ki a n\u00f6v\u00e9nyeket kb. 2-3 h\u00e9ttel az utols\u00f3 fagy ut\u00e1n.T\u00edpus:<\/p>\n<p>Capsicum chinense<br \/>\nF\u0171szeress\u00e9gi szint 9<br \/>\nScoville 50 000 &#8211; 100 000 SHU<br \/>\noptim\u00e1lis cs\u00edr\u00e1z\u00e1si h\u0151m\u00e9rs\u00e9klet 21 &#8211; 28 \u00b0C<br \/>\nVet\u00e9s jan. &#8211; \u00e1pr.<br \/>\nVir\u00e1gok feh\u00e9rek (m\u00e1jus-j\u00falius)<br \/>\nN\u00f6v\u00e9nyn\u00f6veked\u00e9si szok\u00e1s bokros, kb. 120 cm magas<br \/>\n\u00c9r\u00e9s z\u00f6ldt\u0151l sz\u00ednesig<br \/>\nGy\u00fcm\u00f6lcs megjelen\u00e9se hossz\u00fa Habanero-forma, kb. 3 x 6 cm<br \/>\n\u00c9r\u00e9si id\u0151 100 nap<\/p>\n<\/div>\n<p>A csomag 10 szem magot tartalmaz<\/p>\n","protected":false},"featured_media":3291,"comment_status":"closed","ping_status":"closed","template":"","meta":[],"product_brand":[],"product_cat":[8],"product_tag":[],"class_list":{"0":"post-3298","1":"product","2":"type-product","3":"status-publish","4":"has-post-thumbnail","6":"product_cat-paprika","8":"first","9":"instock","10":"taxable","11":"shipping-taxable","12":"purchasable","13":"product-type-simple"},"_links":{"self":[{"href":"https:\/\/chilimag.hu\/webshop\/wp-json\/wp\/v2\/product\/3298","targetHints":{"allow":["GET"]}}],"collection":[{"href":"https:\/\/chilimag.hu\/webshop\/wp-json\/wp\/v2\/product"}],"about":[{"href":"https:\/\/chilimag.hu\/webshop\/wp-json\/wp\/v2\/types\/product"}],"replies":[{"embeddable":true,"href":"https:\/\/chilimag.hu\/webshop\/wp-json\/wp\/v2\/comments?post=3298"}],"wp:featuredmedia":[{"embeddable":true,"href":"https:\/\/chilimag.hu\/webshop\/wp-json\/wp\/v2\/media\/3291"}],"wp:attachment":[{"href":"https:\/\/chilimag.hu\/webshop\/wp-json\/wp\/v2\/media?parent=3298"}],"wp:term":[{"taxonomy":"product_brand","embeddable":true,"href":"https:\/\/chilimag.hu\/webshop\/wp-json\/wp\/v2\/product_brand?post=3298"},{"taxonomy":"product_cat","embeddable":true,"href":"https:\/\/chilimag.hu\/webshop\/wp-json\/wp\/v2\/product_cat?post=3298"},{"taxonomy":"product_tag","embeddable":true,"href":"https:\/\/chilimag.hu\/webshop\/wp-json\/wp\/v2\/product_tag?post=3298"}],"curies":[{"name":"wp","href":"https:\/\/api.w.org\/{rel}","templated":true}]}}