{"id":3297,"date":"2016-11-29T19:29:57","date_gmt":"2016-11-29T19:29:57","guid":{"rendered":"https:\/\/chilimag.hu\/webshop\/?post_type=product&#038;p=3297"},"modified":"2025-10-12T16:00:11","modified_gmt":"2025-10-12T16:00:11","slug":"habanero-white-giant","status":"publish","type":"product","link":"https:\/\/chilimag.hu\/webshop\/termek\/habanero-white-giant\/","title":{"rendered":"Habanero White Giant"},"content":{"rendered":"","protected":false},"excerpt":{"rendered":"<div><img decoding=\"async\" src=\"https:\/\/chilimag.hu\/webshop\/wp-content\/uploads\/2014\/11\/chilimag-logo-2-150x150.jpg\" \/><\/div>\n<div><\/div>\n<div>\n<p>Le\u00edr\u00e1s<\/p>\n<p>M\u00e1s chili rokonaihoz hasonl\u00f3an ez a ritka habanero fajta is Mexik\u00f3b\u00f3l sz\u00e1rmazik, \u00e9s a vil\u00e1g egyik legforr\u00f3bb chilije, 300 000 Scoville h\u0151egys\u00e9ges f\u0171szerbesorol\u00e1s\u00e1val. A n\u00f6v\u00e9ny k\u00f6r\u00fclbel\u00fcl 50 cm magasra n\u0151, nagyon bokros n\u00f6veked\u00e9s\u0171 \u00e9s magas term\u00e9shozam\u00fa. A gy\u00fcm\u00f6lcs\u00f6k el\u00e9rik a 2-4 cm hossz\u00fas\u00e1got, \u00e9s z\u00f6ldt\u0151l feh\u00e9rig, majd vil\u00e1goss\u00e1rg\u00e1ig \u00e9rnek. Gy\u00fcm\u00f6lcsei a habanero paprik\u00e1ra jellemz\u0151 gy\u00fcm\u00f6lcs\u00f6s \u00edz\u0171ek, \u00e9s kiv\u00e1l\u00f3an alkalmasak sz\u00e1r\u00edt\u00e1sra.<\/p>\n<p>Gondoz\u00e1sa: A cs\u00edr\u00e1z\u00e1si h\u0151m\u00e9rs\u00e9klet 22\u00b0C \u00e9s 30\u00b0C k\u00f6z\u00f6tt van (cs\u00edr\u00e1z\u00e1si id\u0151: 6-20 nap); ez\u00e9rt \u00fcvegh\u00e1z \u00e9s f\u0171t\u0151sz\u0151nyeg haszn\u00e1lata javasolt. A n\u00f6v\u00e9nyeknek friss, j\u00f3l tr\u00e1gy\u00e1zott v\u00edz\u00e1tereszt\u0151 talajra van sz\u00fcks\u00e9g\u00fck, \u00e9s nem szabad \u00e1ll\u00f3v\u00edzben hagyni. Napos, v\u00e9dett helyre kell helyezni, ahol legal\u00e1bb napi 6 \u00f3ra napf\u00e9ny \u00e9ri, ha nem t\u00f6bb. K\u00f6r\u00fclbel\u00fcl 2-3 h\u00e9ttel az utols\u00f3 fagy ut\u00e1n helyezze ki a n\u00f6v\u00e9nyeket a szabadba.<\/p>\n<p>T\u00edpus: Capsicum chinense<br \/>\n10+ h\u0151fok<br \/>\nScoville \u00e1tlag 300 000 SHU<br \/>\nOptim\u00e1lis cs\u00edr\u00e1z\u00e1si h\u0151m\u00e9rs\u00e9klet 22 &#8211; 30 \u00b0C<br \/>\nVet\u00e9s jan-\u00e1pr<br \/>\nVir\u00e1gok feh\u00e9rek (m\u00e1jus-aug.)<br \/>\nN\u00f6veked\u00e9si szok\u00e1sa bokros, 50-70 cm magas<br \/>\n\u00c9rlel\u00e9s Z\u00f6ldt\u0151l kr\u00e9mfeh\u00e9rig<br \/>\nGy\u00fcm\u00f6lcs megjelen\u00e9se hajtogatott, kb. 5 x 5 cm<br \/>\n\u00c9rlel\u00e9si id\u0151 100-120 nap<br \/>\nSz\u00e1rmaz\u00e1si hely Mexik\u00f3<\/p>\n<\/div>\n<p>A csomag 10 szem magot tartalmaz<\/p>\n","protected":false},"featured_media":3296,"comment_status":"closed","ping_status":"closed","template":"","meta":[],"product_brand":[],"product_cat":[8],"product_tag":[],"class_list":{"0":"post-3297","1":"product","2":"type-product","3":"status-publish","4":"has-post-thumbnail","6":"product_cat-paprika","8":"first","9":"outofstock","10":"taxable","11":"shipping-taxable","12":"purchasable","13":"product-type-simple"},"_links":{"self":[{"href":"https:\/\/chilimag.hu\/webshop\/wp-json\/wp\/v2\/product\/3297","targetHints":{"allow":["GET"]}}],"collection":[{"href":"https:\/\/chilimag.hu\/webshop\/wp-json\/wp\/v2\/product"}],"about":[{"href":"https:\/\/chilimag.hu\/webshop\/wp-json\/wp\/v2\/types\/product"}],"replies":[{"embeddable":true,"href":"https:\/\/chilimag.hu\/webshop\/wp-json\/wp\/v2\/comments?post=3297"}],"wp:featuredmedia":[{"embeddable":true,"href":"https:\/\/chilimag.hu\/webshop\/wp-json\/wp\/v2\/media\/3296"}],"wp:attachment":[{"href":"https:\/\/chilimag.hu\/webshop\/wp-json\/wp\/v2\/media?parent=3297"}],"wp:term":[{"taxonomy":"product_brand","embeddable":true,"href":"https:\/\/chilimag.hu\/webshop\/wp-json\/wp\/v2\/product_brand?post=3297"},{"taxonomy":"product_cat","embeddable":true,"href":"https:\/\/chilimag.hu\/webshop\/wp-json\/wp\/v2\/product_cat?post=3297"},{"taxonomy":"product_tag","embeddable":true,"href":"https:\/\/chilimag.hu\/webshop\/wp-json\/wp\/v2\/product_tag?post=3297"}],"curies":[{"name":"wp","href":"https:\/\/api.w.org\/{rel}","templated":true}]}}