{"id":32964,"date":"2024-08-03T19:19:23","date_gmt":"2024-08-03T19:19:23","guid":{"rendered":"https:\/\/chilimag.hu\/webshop\/?post_type=product&#038;p=32964"},"modified":"2026-03-07T21:18:32","modified_gmt":"2026-03-07T21:18:32","slug":"disznapraforgo-white-sun-f1-sunny-flowers-bz-h","status":"publish","type":"product","link":"https:\/\/chilimag.hu\/webshop\/termek\/disznapraforgo-white-sun-f1-sunny-flowers-bz-h\/","title":{"rendered":"D\u00edsznapraforg\u00f3 White Sun F1 Sunny Flowers Bz H"},"content":{"rendered":"","protected":false},"excerpt":{"rendered":"<p><img fetchpriority=\"high\" decoding=\"async\" class=\"attachment-medium size-medium\" src=\"https:\/\/purchasingpowerplus.com\/wp-content\/uploads\/2021\/05\/Buzzy-Logo-300x239.jpg\" sizes=\"(max-width: 300px) 100vw, 300px\" srcset=\"https:\/\/purchasingpowerplus.com\/wp-content\/uploads\/2021\/05\/Buzzy-Logo-300x239.jpg 300w, https:\/\/purchasingpowerplus.com\/wp-content\/uploads\/2021\/05\/Buzzy-Logo-768x612.jpg 768w, https:\/\/purchasingpowerplus.com\/wp-content\/uploads\/2021\/05\/Buzzy-Logo-1024x816.jpg 1024w, https:\/\/purchasingpowerplus.com\/wp-content\/uploads\/2021\/05\/Buzzy-Logo.jpg 1500w\" alt=\"\" width=\"300\" height=\"239\" \/><\/p>\n<p>Napraforg\u00f3 &#8211; White Sun F1<br \/>\nEz a k\u00fcl\u00f6nleges feh\u00e9r napraforg\u00f3 gy\u00f6ny\u00f6r\u0171 csokrokban vonzza a tekintetet. A vir\u00e1g gy\u00f6ny\u00f6r\u0171 kr\u00e9mes feh\u00e9r szirmokkal rendelkezik, arany sz\u00edvvel. Az el\u00e1gaz\u00f3 sz\u00e1rak miatt 1 n\u00f6v\u00e9nyen t\u00f6bb vir\u00e1g is n\u0151.<br \/>\nNy\u00edlt talajba, napos helyre vetj\u00fck m\u00e1jus k\u00f6zep\u00e9t\u0151l. A legjobb, ha azonnal a v\u00e9gs\u0151 rendeltet\u00e9si helyre vetj\u00fck. A hosszabb vir\u00e1gz\u00e1s \u00e9rdek\u00e9ben 2 vagy 3 h\u00e9t eltelt\u00e9vel ism\u00e9telje meg a vet\u00e9st szakaszosan. A vir\u00e1gok ny\u00e1ron eg\u00e9szen k\u00e9s\u0151 \u0151szig ny\u00edlnak.<\/p>\n<p>A csomag 6 szem magot tartalmaz<\/p>\n","protected":false},"featured_media":32965,"comment_status":"closed","ping_status":"closed","template":"","meta":[],"product_brand":[],"product_cat":[446],"product_tag":[],"class_list":{"0":"post-32964","1":"product","2":"type-product","3":"status-publish","4":"has-post-thumbnail","6":"product_cat-poppy-climbing-sunny-flowers","8":"first","9":"instock","10":"taxable","11":"shipping-taxable","12":"purchasable","13":"product-type-simple"},"_links":{"self":[{"href":"https:\/\/chilimag.hu\/webshop\/wp-json\/wp\/v2\/product\/32964","targetHints":{"allow":["GET"]}}],"collection":[{"href":"https:\/\/chilimag.hu\/webshop\/wp-json\/wp\/v2\/product"}],"about":[{"href":"https:\/\/chilimag.hu\/webshop\/wp-json\/wp\/v2\/types\/product"}],"replies":[{"embeddable":true,"href":"https:\/\/chilimag.hu\/webshop\/wp-json\/wp\/v2\/comments?post=32964"}],"wp:featuredmedia":[{"embeddable":true,"href":"https:\/\/chilimag.hu\/webshop\/wp-json\/wp\/v2\/media\/32965"}],"wp:attachment":[{"href":"https:\/\/chilimag.hu\/webshop\/wp-json\/wp\/v2\/media?parent=32964"}],"wp:term":[{"taxonomy":"product_brand","embeddable":true,"href":"https:\/\/chilimag.hu\/webshop\/wp-json\/wp\/v2\/product_brand?post=32964"},{"taxonomy":"product_cat","embeddable":true,"href":"https:\/\/chilimag.hu\/webshop\/wp-json\/wp\/v2\/product_cat?post=32964"},{"taxonomy":"product_tag","embeddable":true,"href":"https:\/\/chilimag.hu\/webshop\/wp-json\/wp\/v2\/product_tag?post=32964"}],"curies":[{"name":"wp","href":"https:\/\/api.w.org\/{rel}","templated":true}]}}