{"id":32961,"date":"2024-08-03T18:41:03","date_gmt":"2024-08-03T18:41:03","guid":{"rendered":"https:\/\/chilimag.hu\/webshop\/?post_type=product&#038;p=32961"},"modified":"2026-02-08T16:20:37","modified_gmt":"2026-02-08T16:20:37","slug":"torok-spenot-america-xotica-bz-h","status":"publish","type":"product","link":"https:\/\/chilimag.hu\/webshop\/termek\/torok-spenot-america-xotica-bz-h\/","title":{"rendered":"T\u00f6r\u00f6k spen\u00f3t America Xotica Bz H"},"content":{"rendered":"","protected":false},"excerpt":{"rendered":"<p><img fetchpriority=\"high\" decoding=\"async\" class=\"attachment-medium size-medium\" src=\"https:\/\/purchasingpowerplus.com\/wp-content\/uploads\/2021\/05\/Buzzy-Logo-300x239.jpg\" sizes=\"(max-width: 300px) 100vw, 300px\" srcset=\"https:\/\/purchasingpowerplus.com\/wp-content\/uploads\/2021\/05\/Buzzy-Logo-300x239.jpg 300w, https:\/\/purchasingpowerplus.com\/wp-content\/uploads\/2021\/05\/Buzzy-Logo-768x612.jpg 768w, https:\/\/purchasingpowerplus.com\/wp-content\/uploads\/2021\/05\/Buzzy-Logo-1024x816.jpg 1024w, https:\/\/purchasingpowerplus.com\/wp-content\/uploads\/2021\/05\/Buzzy-Logo.jpg 1500w\" alt=\"\" width=\"300\" height=\"239\" \/><\/p>\n<p>Botanikai n\u00e9v:\u00a0<span id=\"column_2_uc_product_details_ctl04_lbl_ff_desc2\" class=\"value\">Spinacia olerace<\/span><\/p>\n<p><span id=\"column_2_uc_product_details_ctl04_lbl_ff_desc2\" class=\"value\">T\u00f6r\u00f6k spen\u00f3t &#8211; Amerika<br \/>\n\u00c1prilis k\u00f6zep\u00e9t\u0151l j\u00falius v\u00e9g\u00e9ig vess\u00fck a szabadban, sz\u00e9lesen vagy sorokban; k\u00edv\u00e1ns\u00e1g szerint h\u00edg\u00edtsuk. Ne v\u00e1gja t\u00fal fiatalon, hanem hagyja, am\u00edg egy nagy n\u00f6v\u00e9ny<br \/>\nkin\u0151. A n\u00f6v\u00e9nyek k\u00f6z\u00f6tti t\u00e1vols\u00e1g k\u00f6r\u00fclbel\u00fcl 25 cm.<br \/>\nNagyon alkalmas r\u00e1nt\u00e1sra, a levelek k\u00f6r\u00fclbel\u00fcl 1 perc alatt megpirulnak. \u00cdzletes z\u00f6lds\u00e9g, \u00e9s p\u00e9ld\u00e1ul palacsint\u00e1val vagy t\u00f6r\u00f6k \u200b\u200bt\u00e9szt\u00e1val egy\u00fctt fogyasztj\u00e1k.<\/span><\/p>\n<p>A csomag 20 gr magot tartalmaz<\/p>\n<p>&nbsp;<\/p>\n","protected":false},"featured_media":32962,"comment_status":"closed","ping_status":"closed","template":"","meta":[],"product_brand":[],"product_cat":[440],"product_tag":[],"class_list":{"0":"post-32961","1":"product","2":"type-product","3":"status-publish","4":"has-post-thumbnail","6":"product_cat-xotica-collection","8":"first","9":"instock","10":"taxable","11":"shipping-taxable","12":"purchasable","13":"product-type-simple"},"_links":{"self":[{"href":"https:\/\/chilimag.hu\/webshop\/wp-json\/wp\/v2\/product\/32961","targetHints":{"allow":["GET"]}}],"collection":[{"href":"https:\/\/chilimag.hu\/webshop\/wp-json\/wp\/v2\/product"}],"about":[{"href":"https:\/\/chilimag.hu\/webshop\/wp-json\/wp\/v2\/types\/product"}],"replies":[{"embeddable":true,"href":"https:\/\/chilimag.hu\/webshop\/wp-json\/wp\/v2\/comments?post=32961"}],"wp:featuredmedia":[{"embeddable":true,"href":"https:\/\/chilimag.hu\/webshop\/wp-json\/wp\/v2\/media\/32962"}],"wp:attachment":[{"href":"https:\/\/chilimag.hu\/webshop\/wp-json\/wp\/v2\/media?parent=32961"}],"wp:term":[{"taxonomy":"product_brand","embeddable":true,"href":"https:\/\/chilimag.hu\/webshop\/wp-json\/wp\/v2\/product_brand?post=32961"},{"taxonomy":"product_cat","embeddable":true,"href":"https:\/\/chilimag.hu\/webshop\/wp-json\/wp\/v2\/product_cat?post=32961"},{"taxonomy":"product_tag","embeddable":true,"href":"https:\/\/chilimag.hu\/webshop\/wp-json\/wp\/v2\/product_tag?post=32961"}],"curies":[{"name":"wp","href":"https:\/\/api.w.org\/{rel}","templated":true}]}}