{"id":32949,"date":"2024-08-02T18:57:14","date_gmt":"2024-08-02T18:57:14","guid":{"rendered":"https:\/\/chilimag.hu\/webshop\/?post_type=product&#038;p=32949"},"modified":"2026-02-14T05:34:08","modified_gmt":"2026-02-14T05:34:08","slug":"japan-kel-mizuna-micro-greens-bz-h","status":"publish","type":"product","link":"https:\/\/chilimag.hu\/webshop\/termek\/japan-kel-mizuna-micro-greens-bz-h\/","title":{"rendered":"Jap\u00e1n kel Mizuna Micro Greens Bz H"},"content":{"rendered":"","protected":false},"excerpt":{"rendered":"<p><img fetchpriority=\"high\" decoding=\"async\" class=\"attachment-medium size-medium\" src=\"https:\/\/purchasingpowerplus.com\/wp-content\/uploads\/2021\/05\/Buzzy-Logo-300x239.jpg\" sizes=\"(max-width: 300px) 100vw, 300px\" srcset=\"https:\/\/purchasingpowerplus.com\/wp-content\/uploads\/2021\/05\/Buzzy-Logo-300x239.jpg 300w, https:\/\/purchasingpowerplus.com\/wp-content\/uploads\/2021\/05\/Buzzy-Logo-768x612.jpg 768w, https:\/\/purchasingpowerplus.com\/wp-content\/uploads\/2021\/05\/Buzzy-Logo-1024x816.jpg 1024w, https:\/\/purchasingpowerplus.com\/wp-content\/uploads\/2021\/05\/Buzzy-Logo.jpg 1500w\" alt=\"\" width=\"300\" height=\"239\" \/><\/p>\n<p>Botanikai n\u00e9v:<span id=\"column_2_uc_product_details_ctl04_lbl_ff_desc2\" class=\"value\">Brassica rapa subsp. nipposinica<\/span><\/p>\n<p>A gyorsan n\u00f6vekv\u0151 \u00e1zsiai mikrolevelek k\u00f6r\u00fclbel\u00fcl 7 nap m\u00falva sz\u00fcretelhet\u0151k. A gy\u00f6ny\u00f6r\u0171en fogazott lev\u00e9lsz\u00e9l\u0171 b\u00e9bileveleket k\u00f6r\u00fclbel\u00fcl 3 h\u00e9t m\u00falva lehet betakar\u00edtani. A Mizun\u00e1nak enyhe must\u00e1ros \u00edze van, sal\u00e1t\u00e1kkal \u00e9s hideg sajtos \u00e9telekkel t\u00f6k\u00e9letesen kombin\u00e1lhat\u00f3.<\/p>\n<p>A mikroz\u00f6ldek olyan z\u00f6lds\u00e9gek \u00e9s f\u0171szern\u00f6v\u00e9nyek, amelyeket fiatalon betakar\u00edtanak, \u00e9s nyersen fogyasztanak, k\u00e9t csoportra osztva;<br \/>\nMikrolevelek: a cs\u00edralevelet \u00e9s a sz\u00e1rat is sz\u00fcretelj\u00fck \u00e9s egy\u00fck meg; a cs\u00edr\u00e1t.<br \/>\nBabalevelek: szedj\u00fck le a hajt\u00e1sokat, \u00e9s egy\u00fck meg a fiatal leveleket.<\/p>\n<p>Vet\u00e9s: sz\u00f3rja ki a magokat a talajba, \u00e9s fedje be v\u00e9kony talajr\u00e9teggel, nedvesen tartva.<\/p>\n<p>A csomag 1 gr magot tartalmaz<\/p>\n","protected":false},"featured_media":32950,"comment_status":"closed","ping_status":"closed","template":"","meta":[],"product_brand":[],"product_cat":[442],"product_tag":[],"class_list":{"0":"post-32949","1":"product","2":"type-product","3":"status-publish","4":"has-post-thumbnail","6":"product_cat-micro-greens-organic-sprounting","8":"first","9":"instock","10":"taxable","11":"shipping-taxable","12":"purchasable","13":"product-type-simple"},"_links":{"self":[{"href":"https:\/\/chilimag.hu\/webshop\/wp-json\/wp\/v2\/product\/32949","targetHints":{"allow":["GET"]}}],"collection":[{"href":"https:\/\/chilimag.hu\/webshop\/wp-json\/wp\/v2\/product"}],"about":[{"href":"https:\/\/chilimag.hu\/webshop\/wp-json\/wp\/v2\/types\/product"}],"replies":[{"embeddable":true,"href":"https:\/\/chilimag.hu\/webshop\/wp-json\/wp\/v2\/comments?post=32949"}],"wp:featuredmedia":[{"embeddable":true,"href":"https:\/\/chilimag.hu\/webshop\/wp-json\/wp\/v2\/media\/32950"}],"wp:attachment":[{"href":"https:\/\/chilimag.hu\/webshop\/wp-json\/wp\/v2\/media?parent=32949"}],"wp:term":[{"taxonomy":"product_brand","embeddable":true,"href":"https:\/\/chilimag.hu\/webshop\/wp-json\/wp\/v2\/product_brand?post=32949"},{"taxonomy":"product_cat","embeddable":true,"href":"https:\/\/chilimag.hu\/webshop\/wp-json\/wp\/v2\/product_cat?post=32949"},{"taxonomy":"product_tag","embeddable":true,"href":"https:\/\/chilimag.hu\/webshop\/wp-json\/wp\/v2\/product_tag?post=32949"}],"curies":[{"name":"wp","href":"https:\/\/api.w.org\/{rel}","templated":true}]}}