{"id":32945,"date":"2024-08-02T18:48:19","date_gmt":"2024-08-02T18:48:19","guid":{"rendered":"https:\/\/chilimag.hu\/webshop\/?post_type=product&#038;p=32945"},"modified":"2025-03-13T07:00:37","modified_gmt":"2025-03-13T07:00:37","slug":"mangold-micro-greens-bz-h","status":"publish","type":"product","link":"https:\/\/chilimag.hu\/webshop\/termek\/mangold-micro-greens-bz-h\/","title":{"rendered":"M\u00e1ngold Rainbow Mixture Micro Greens Bz H"},"content":{"rendered":"","protected":false},"excerpt":{"rendered":"<p><img fetchpriority=\"high\" decoding=\"async\" class=\"attachment-medium size-medium\" src=\"https:\/\/purchasingpowerplus.com\/wp-content\/uploads\/2021\/05\/Buzzy-Logo-300x239.jpg\" sizes=\"(max-width: 300px) 100vw, 300px\" srcset=\"https:\/\/purchasingpowerplus.com\/wp-content\/uploads\/2021\/05\/Buzzy-Logo-300x239.jpg 300w, https:\/\/purchasingpowerplus.com\/wp-content\/uploads\/2021\/05\/Buzzy-Logo-768x612.jpg 768w, https:\/\/purchasingpowerplus.com\/wp-content\/uploads\/2021\/05\/Buzzy-Logo-1024x816.jpg 1024w, https:\/\/purchasingpowerplus.com\/wp-content\/uploads\/2021\/05\/Buzzy-Logo.jpg 1500w\" alt=\"\" width=\"300\" height=\"239\" \/><\/p>\n<p>Botanikai n\u00e9v:<span id=\"column_2_uc_product_details_ctl04_lbl_ff_desc2\" class=\"value\">Beta vulgaris<\/span><\/p>\n<p>Ez a sz\u00ednes kever\u00e9k k\u00f6r\u00fclbel\u00fcl 4 h\u00e9t ut\u00e1n b\u00e9bilev\u00e9lk\u00e9nt betakar\u00edt\u00e1sra k\u00e9sz. Betakar\u00edt\u00e1skor a leveleket a n\u00f6veked\u00e9si pont felett v\u00e1gjuk le, ez gyakran lehet\u0151v\u00e9 teszi a m\u00e1sodik betakar\u00edt\u00e1st. Sal\u00e1t\u00e1kba \u00e9s t\u00e9li \u00e9telek mell\u00e9 finom.<\/p>\n<p>A mikroz\u00f6ldek olyan z\u00f6lds\u00e9gek \u00e9s f\u0171szern\u00f6v\u00e9nyek, amelyeket fiatalon betakar\u00edtanak, \u00e9s nyersen fogyasztanak, k\u00e9t csoportra osztva;<br \/>\nMikrolevelek: a cs\u00edralevelet \u00e9s a sz\u00e1rat is sz\u00fcretelj\u00fck \u00e9s egy\u00fck meg; a cs\u00edr\u00e1t.<br \/>\nBabalevelek: szedj\u00fck le a hajt\u00e1sokat, \u00e9s egy\u00fck meg a fiatal leveleket.<\/p>\n<p>Vet\u00e9s: sz\u00f3rja ki a magokat a talajba, \u00e9s fedje be v\u00e9kony talajr\u00e9teggel, nedvesen tartva.<\/p>\n<p>A csomag 8 gr magot tartalmaz<\/p>\n<p>&nbsp;<\/p>\n","protected":false},"featured_media":32946,"comment_status":"closed","ping_status":"closed","template":"","meta":[],"product_brand":[],"product_cat":[442],"product_tag":[],"class_list":{"0":"post-32945","1":"product","2":"type-product","3":"status-publish","4":"has-post-thumbnail","6":"product_cat-micro-greens-organic-sprounting","8":"first","9":"instock","10":"taxable","11":"shipping-taxable","12":"purchasable","13":"product-type-simple"},"_links":{"self":[{"href":"https:\/\/chilimag.hu\/webshop\/wp-json\/wp\/v2\/product\/32945","targetHints":{"allow":["GET"]}}],"collection":[{"href":"https:\/\/chilimag.hu\/webshop\/wp-json\/wp\/v2\/product"}],"about":[{"href":"https:\/\/chilimag.hu\/webshop\/wp-json\/wp\/v2\/types\/product"}],"replies":[{"embeddable":true,"href":"https:\/\/chilimag.hu\/webshop\/wp-json\/wp\/v2\/comments?post=32945"}],"wp:featuredmedia":[{"embeddable":true,"href":"https:\/\/chilimag.hu\/webshop\/wp-json\/wp\/v2\/media\/32946"}],"wp:attachment":[{"href":"https:\/\/chilimag.hu\/webshop\/wp-json\/wp\/v2\/media?parent=32945"}],"wp:term":[{"taxonomy":"product_brand","embeddable":true,"href":"https:\/\/chilimag.hu\/webshop\/wp-json\/wp\/v2\/product_brand?post=32945"},{"taxonomy":"product_cat","embeddable":true,"href":"https:\/\/chilimag.hu\/webshop\/wp-json\/wp\/v2\/product_cat?post=32945"},{"taxonomy":"product_tag","embeddable":true,"href":"https:\/\/chilimag.hu\/webshop\/wp-json\/wp\/v2\/product_tag?post=32945"}],"curies":[{"name":"wp","href":"https:\/\/api.w.org\/{rel}","templated":true}]}}