{"id":32921,"date":"2024-07-31T18:58:05","date_gmt":"2024-07-31T18:58:05","guid":{"rendered":"https:\/\/chilimag.hu\/webshop\/?post_type=product&#038;p=32921"},"modified":"2025-12-27T14:04:46","modified_gmt":"2025-12-27T14:04:46","slug":"sutotok-golden-hubbard-ornamental-collection-bz-h","status":"publish","type":"product","link":"https:\/\/chilimag.hu\/webshop\/termek\/sutotok-golden-hubbard-ornamental-collection-bz-h\/","title":{"rendered":"S\u00fct\u0151t\u00f6k Golden Hubbard Ornamental Collection Bz H"},"content":{"rendered":"","protected":false},"excerpt":{"rendered":"<p><img fetchpriority=\"high\" decoding=\"async\" class=\"attachment-medium size-medium\" src=\"https:\/\/purchasingpowerplus.com\/wp-content\/uploads\/2021\/05\/Buzzy-Logo-300x239.jpg\" sizes=\"(max-width: 300px) 100vw, 300px\" srcset=\"https:\/\/purchasingpowerplus.com\/wp-content\/uploads\/2021\/05\/Buzzy-Logo-300x239.jpg 300w, https:\/\/purchasingpowerplus.com\/wp-content\/uploads\/2021\/05\/Buzzy-Logo-768x612.jpg 768w, https:\/\/purchasingpowerplus.com\/wp-content\/uploads\/2021\/05\/Buzzy-Logo-1024x816.jpg 1024w, https:\/\/purchasingpowerplus.com\/wp-content\/uploads\/2021\/05\/Buzzy-Logo.jpg 1500w\" alt=\"\" width=\"300\" height=\"239\" \/><\/p>\n<p>T\u00f6k \u2013 Arany Hubbard<br \/>\n\u00c1prilis v\u00e9g\u00e9t\u0151l j\u00fanius k\u00f6zep\u00e9ig ny\u00edlt terepen, mag\u00e1gyon \u00e9s term\u00e9keny talajba \u00fcltetj\u00fck \u00e1t.<br \/>\nK\u00f6zepes m\u00e9ret\u0171 kerek narancss\u00e1rga s\u00fct\u0151t\u00f6k, kiss\u00e9 r\u00e1ncos b\u0151rrel. F\u0151z\u00e9shez, tart\u00f3s\u00edt\u00e1shoz \u00e9s t\u00f6ltel\u00e9khez kiv\u00e1l\u00f3.<\/p>\n<p>A term\u00e9k jellemz\u0151i<\/p>\n<p>\u00c9l\u00e9nk narancst\u00f3l pirosig terjed\u0151 gy\u00fcm\u00f6lcs\u00f6k, amelyek ak\u00e1r 9 kg-ot is el\u00e9rhetnek.<br \/>\nA gy\u00fcm\u00f6lcsh\u00fas felhaszn\u00e1lhat\u00f3 leveshez, rakott \u00e9telekhez vagy p\u00fcr\u00e9hez.<br \/>\nK\u00f6nnyen termeszthet\u0151, finom \u00edz\u0171 \u00e9s sz\u00e9p bar\u00e1zd\u00e1lt forma.<\/p>\n<p>Elhelyezked\u00e9s<br \/>\nT\u00edpus Rangsor<\/p>\n<p>Id\u0151szakok<br \/>\nSzabadt\u00e9ri vet\u00e9sid\u0151 \u00e1prilist\u00f3l<br \/>\nSzabadt\u00e9ri vet\u00e9sid\u0151 j\u00faniusig<br \/>\nSzeptemberi betakar\u00edt\u00e1s ideje<br \/>\nBetakar\u00edt\u00e1si id\u0151 okt\u00f3berig<\/p>\n<p>A csomag 2,5 gr magot tartalmaz<\/p>\n<p>&nbsp;<\/p>\n","protected":false},"featured_media":32922,"comment_status":"closed","ping_status":"closed","template":"","meta":[],"product_brand":[],"product_cat":[441],"product_tag":[],"class_list":{"0":"post-32921","1":"product","2":"type-product","3":"status-publish","4":"has-post-thumbnail","6":"product_cat-ornamental-collection-grasses","8":"first","9":"instock","10":"taxable","11":"shipping-taxable","12":"purchasable","13":"product-type-simple"},"_links":{"self":[{"href":"https:\/\/chilimag.hu\/webshop\/wp-json\/wp\/v2\/product\/32921","targetHints":{"allow":["GET"]}}],"collection":[{"href":"https:\/\/chilimag.hu\/webshop\/wp-json\/wp\/v2\/product"}],"about":[{"href":"https:\/\/chilimag.hu\/webshop\/wp-json\/wp\/v2\/types\/product"}],"replies":[{"embeddable":true,"href":"https:\/\/chilimag.hu\/webshop\/wp-json\/wp\/v2\/comments?post=32921"}],"wp:featuredmedia":[{"embeddable":true,"href":"https:\/\/chilimag.hu\/webshop\/wp-json\/wp\/v2\/media\/32922"}],"wp:attachment":[{"href":"https:\/\/chilimag.hu\/webshop\/wp-json\/wp\/v2\/media?parent=32921"}],"wp:term":[{"taxonomy":"product_brand","embeddable":true,"href":"https:\/\/chilimag.hu\/webshop\/wp-json\/wp\/v2\/product_brand?post=32921"},{"taxonomy":"product_cat","embeddable":true,"href":"https:\/\/chilimag.hu\/webshop\/wp-json\/wp\/v2\/product_cat?post=32921"},{"taxonomy":"product_tag","embeddable":true,"href":"https:\/\/chilimag.hu\/webshop\/wp-json\/wp\/v2\/product_tag?post=32921"}],"curies":[{"name":"wp","href":"https:\/\/api.w.org\/{rel}","templated":true}]}}