{"id":32905,"date":"2024-07-30T18:27:12","date_gmt":"2024-07-30T18:27:12","guid":{"rendered":"https:\/\/chilimag.hu\/webshop\/?post_type=product&#038;p=32905"},"modified":"2025-10-02T15:17:47","modified_gmt":"2025-10-02T15:17:47","slug":"vadmurok-dara-bz-h","status":"publish","type":"product","link":"https:\/\/chilimag.hu\/webshop\/termek\/vadmurok-dara-bz-h\/","title":{"rendered":"Vadmurok Dara Bz H"},"content":{"rendered":"","protected":false},"excerpt":{"rendered":"<p><img fetchpriority=\"high\" decoding=\"async\" class=\"attachment-medium size-medium\" src=\"https:\/\/purchasingpowerplus.com\/wp-content\/uploads\/2021\/05\/Buzzy-Logo-300x239.jpg\" sizes=\"(max-width: 300px) 100vw, 300px\" srcset=\"https:\/\/purchasingpowerplus.com\/wp-content\/uploads\/2021\/05\/Buzzy-Logo-300x239.jpg 300w, https:\/\/purchasingpowerplus.com\/wp-content\/uploads\/2021\/05\/Buzzy-Logo-768x612.jpg 768w, https:\/\/purchasingpowerplus.com\/wp-content\/uploads\/2021\/05\/Buzzy-Logo-1024x816.jpg 1024w, https:\/\/purchasingpowerplus.com\/wp-content\/uploads\/2021\/05\/Buzzy-Logo.jpg 1500w\" alt=\"\" width=\"300\" height=\"239\" \/><\/p>\n<p>A Daucus carota Dara a vad, feh\u00e9r d\u00edszes s\u00e1rgar\u00e9pa v\u00f6r\u00f6s v\u00e1ltozata, amely Hollandi\u00e1ban mindenhol el\u0151fordul a term\u00e9szetben. Ez a k\u00e9t\u00e9ves, erny\u0151szer\u0171 vir\u00e1gokkal rendelkez\u0151 n\u00f6v\u00e9ny mad\u00e1rf\u00e9szekre eml\u00e9keztet, \u00e9s a vil\u00e1gos r\u00f3zsasz\u00ednt\u0151l a padlizs\u00e1nig v\u00e1ltoz\u00f3 \u00e1rnyalat\u00fa. \u00c9s ez\u00e9rt ezt a piros d\u00edszes s\u00e1rgar\u00e9p\u00e1t \u201elila puszinak\u201d is nevezik.<br \/>\nAugusztust\u00f3l okt\u00f3berig k\u00f6zvetlen\u00fcl szabad talajba vetni. Nem szeretik, ha \u00e1t\u00fcltetik \u0151ket.<\/p>\n<p>A csomag 0,1 gr magot tartalmaz<\/p>\n","protected":false},"featured_media":32906,"comment_status":"closed","ping_status":"closed","template":"","meta":[],"product_brand":[],"product_cat":[439],"product_tag":[],"class_list":{"0":"post-32905","1":"product","2":"type-product","3":"status-publish","4":"has-post-thumbnail","6":"product_cat-buzzy","8":"first","9":"outofstock","10":"taxable","11":"shipping-taxable","12":"purchasable","13":"product-type-simple"},"_links":{"self":[{"href":"https:\/\/chilimag.hu\/webshop\/wp-json\/wp\/v2\/product\/32905","targetHints":{"allow":["GET"]}}],"collection":[{"href":"https:\/\/chilimag.hu\/webshop\/wp-json\/wp\/v2\/product"}],"about":[{"href":"https:\/\/chilimag.hu\/webshop\/wp-json\/wp\/v2\/types\/product"}],"replies":[{"embeddable":true,"href":"https:\/\/chilimag.hu\/webshop\/wp-json\/wp\/v2\/comments?post=32905"}],"wp:featuredmedia":[{"embeddable":true,"href":"https:\/\/chilimag.hu\/webshop\/wp-json\/wp\/v2\/media\/32906"}],"wp:attachment":[{"href":"https:\/\/chilimag.hu\/webshop\/wp-json\/wp\/v2\/media?parent=32905"}],"wp:term":[{"taxonomy":"product_brand","embeddable":true,"href":"https:\/\/chilimag.hu\/webshop\/wp-json\/wp\/v2\/product_brand?post=32905"},{"taxonomy":"product_cat","embeddable":true,"href":"https:\/\/chilimag.hu\/webshop\/wp-json\/wp\/v2\/product_cat?post=32905"},{"taxonomy":"product_tag","embeddable":true,"href":"https:\/\/chilimag.hu\/webshop\/wp-json\/wp\/v2\/product_tag?post=32905"}],"curies":[{"name":"wp","href":"https:\/\/api.w.org\/{rel}","templated":true}]}}